{"id":1061,"date":"2015-10-20T09:43:14","date_gmt":"2015-10-20T07:43:14","guid":{"rendered":"http:\/\/www.aegrz.at\/wordpress\/?page_id=1061"},"modified":"2015-10-20T09:46:00","modified_gmt":"2015-10-20T07:46:00","slug":"mit-dem-gluecksgefuehl-im-herzen","status":"publish","type":"page","link":"http:\/\/www.aegrz.at\/wordpress\/?page_id=1061","title":{"rendered":"Mit dem Gl\u00fccksgef\u00fchl im Herzen"},"content":{"rendered":"<p style=\"text-align: justify;\">Bei einer meine Ausbildungen, durfte ich erfahren, was darunter zu verstehen ist, wenn vom Gl\u00fccksgef\u00fchl im Herzen gesprochen wird.<\/p>\n<p style=\"text-align: justify;\">Zweifelsfrei ist es ein wesentlicher Teil, der QMT-Technik, wie diese an der QMT-Akademie gelehrt wird. Selbstverst\u00e4ndlich l\u00e4sst sich dieses Gl\u00fccksgef\u00fchl auch f\u00fcr die jeweilige\u00a0Quantensitzung, in Erinnerung rufen. Und je \u00f6fter man dies tut, umso mehr, integriert man dieses in seinem Alltag. Eigentlich, wird man sich dessen nur bewusst, denn es ist immer vorhanden. Es ist, wenn man es genau nimmt, nicht ein reines Gl\u00fccksgef\u00fchl, es ist viel mehr, es ist die Liebe, die wir versp\u00fcren und st\u00e4ndig aussenden. Andere Lehrer, wie Frank Kinslow, nenne es das EU-Gef\u00fchl. Es ist meines Erachtens immer das Selbe und sollte bei keiner Quantensitzung fehlen.<\/p>\n<p style=\"text-align: justify;\">Hier zeige ich Dir\u00a0einen Weg, wie Du\u00a0dieses Gef\u00fchl abrufen kannst\u00a0und mit einer Technik, welche als &#8222;ankern&#8220; bekannt ist, Du\u00a0das Gef\u00fchl, sozusagen auf Knopfdruck abrufbar, ablegen kannst.<\/p>\n<p style=\"text-align: justify;\">Erinnere Dich an einen f\u00fcr Dich besonderen Moment, in dem Du Dich sehr wohl und gl\u00fccklich gef\u00fchlt hast. Das kann ein wunderbarer Urlaub gewesen sein, oder ein ganz besonderer Moment mit einer sehr lieben Person, oder was eben f\u00fcr Dich eine wirklich gute und wunderbare Erinnerung aus Deinem Leben ist. Versuche diesen Moment wieder zu f\u00fchlen. Erinnere Dich an m\u00f6glichst viele Details. Was hast Du gesehen? Stell es Dir nochmals, so detailreich wie nur m\u00f6glich vor. Welche Farben siehst Du? Was hast Du geh\u00f6rt, gerochen, gesp\u00fcrt? War das draussen oder in einem Raum? War es hell oder dunkel? Wie war das Wetter? Jedes noch so kleine Detail. Versuche das Gef\u00fchl nochmals zu sp\u00fcren. Komm wieder in diese Gef\u00fchl, diesen Moment der Gl\u00fcckseligkeit, erlebe diesen Moment noch einmal, in Deiner Erinnerung. Wenn das Gef\u00fchl jetzt wieder da ist, Du Dich so richtig wohl f\u00fchlst, dann ist es Zeit, das Gef\u00fchl zu ankern.<\/p>\n<p style=\"text-align: justify;\">Es gibt verschieden M\u00f6glichkeiten, ein Gef\u00fchl zu ankern. Eine w\u00e4re z.B. Deine rechte Hand zu einer Faust zu ballen, den Arm dabei ungef\u00e4hr im rechten Winkel vor dem eigenen K\u00f6rper zu halten und mit einem pl\u00f6tzlichen Ruck, den Ellbogen nach hinten zu ziehen. So wie man es oft sieht, wenn einem etwas gut gelungen ist &#8211; yeah, das wars. Man kann sich auch mit der flachen Hand auf den Oberschenkel schlagen, oder ans Knie fassen. Was auch immer einem gerade dazu passend erscheint. Das Gef\u00fchl wird mit dieser Geste verbunden und ist durch ausl\u00f6sen des Ankers, nun schnell und einfach abrufbar.<\/p>\n<p style=\"text-align: justify;\">Warte nun ein paar Minuten, bis das Gef\u00fchl nicht mehr so intensiv sp\u00fcrbar ist und l\u00f6se dann den Anker aus, indem Du einfach z.B. wieder deine Hand zur Faust ballst und den Ellbogen ruckartig nach hinten ziehst. Das Gl\u00fccksgef\u00fchl sollte sich nun sofort wieder einstellen, ohne den langwierigen Ablauf, in dem Du Dich wie oben beschrieben, langsam daran erinnern musst. Sollte das nicht gleich funktionieren, gehe nochmals in das Gl\u00fccksgef\u00fchl und setze den selben Anker nochmals. Nach ein paar Versuchen wird es Dir immer leichter fallen, den Anker auszul\u00f6sen und Dein Gl\u00fccksgef\u00fchl, auf diese Weise abzurufen.<\/p>\n<p style=\"text-align: justify;\">Je \u00f6fter Du Dich in Dein Gl\u00fccksgef\u00fchl begibst, um so leichter wird Dir das fallen. Mit der Zeit wird es sehr wahrscheinlich so sein, dass Du in diesem Gl\u00fccksgef\u00fchl lebst und es immer vorhanden ist, bzw. wenn Du es bewusst sp\u00fcren willst, es gar nicht mehr notwendig sein wird, den Anker auszul\u00f6sen. Allein der Wunsch, das Gl\u00fccksgef\u00fchl zu sp\u00fcren, wird Dir gen\u00fcgen, um es wieder zu erleben.<\/p>\n<p style=\"text-align: justify;\">Nun strahlst Du auch diese Liebe f\u00fcr Dein Umfeld aus. Du kannst auch anderen dabei helfen, das wahrzunehmen. Wie? Ganz einfach &#8211; l\u00e4chle.<br \/>\nEin L\u00e4cheln wirkt Wunder.<\/p>\n<p style=\"text-align: justify;\">Alles Liebe<br \/>\nAndreas<\/p>\n","protected":false},"excerpt":{"rendered":"<p>Bei einer meine Ausbildungen, durfte ich erfahren, was darunter zu verstehen ist, wenn vom Gl\u00fccksgef\u00fchl im Herzen gesprochen wird. Zweifelsfrei ist es ein wesentlicher Teil, der QMT-Technik, wie diese an der QMT-Akademie gelehrt wird. Selbstverst\u00e4ndlich l\u00e4sst sich dieses Gl\u00fccksgef\u00fchl auch f\u00fcr die jeweilige\u00a0Quantensitzung, in Erinnerung rufen. Und je \u00f6fter man dies tut, umso mehr, integriert &hellip; <a href=\"http:\/\/www.aegrz.at\/wordpress\/?page_id=1061\" class=\"more-link\"><span class=\"screen-reader-text\">Mit dem Gl\u00fccksgef\u00fchl im Herzen<\/span> weiterlesen <span class=\"meta-nav\">&rarr;<\/span><\/a><\/p>\n","protected":false},"author":2,"featured_media":0,"parent":836,"menu_order":5,"comment_status":"closed","ping_status":"closed","template":"","meta":{"ngg_post_thumbnail":0,"footnotes":""},"_links":{"self":[{"href":"http:\/\/www.aegrz.at\/wordpress\/index.php?rest_route=\/wp\/v2\/pages\/1061"}],"collection":[{"href":"http:\/\/www.aegrz.at\/wordpress\/index.php?rest_route=\/wp\/v2\/pages"}],"about":[{"href":"http:\/\/www.aegrz.at\/wordpress\/index.php?rest_route=\/wp\/v2\/types\/page"}],"author":[{"embeddable":true,"href":"http:\/\/www.aegrz.at\/wordpress\/index.php?rest_route=\/wp\/v2\/users\/2"}],"replies":[{"embeddable":true,"href":"http:\/\/www.aegrz.at\/wordpress\/index.php?rest_route=%2Fwp%2Fv2%2Fcomments&post=1061"}],"version-history":[{"count":7,"href":"http:\/\/www.aegrz.at\/wordpress\/index.php?rest_route=\/wp\/v2\/pages\/1061\/revisions"}],"predecessor-version":[{"id":1069,"href":"http:\/\/www.aegrz.at\/wordpress\/index.php?rest_route=\/wp\/v2\/pages\/1061\/revisions\/1069"}],"up":[{"embeddable":true,"href":"http:\/\/www.aegrz.at\/wordpress\/index.php?rest_route=\/wp\/v2\/pages\/836"}],"wp:attachment":[{"href":"http:\/\/www.aegrz.at\/wordpress\/index.php?rest_route=%2Fwp%2Fv2%2Fmedia&parent=1061"}],"curies":[{"name":"wp","href":"https:\/\/api.w.org\/{rel}","templated":true}]}}