{"id":1095,"date":"2015-10-05T19:44:58","date_gmt":"2015-10-05T17:44:58","guid":{"rendered":"http:\/\/www.aegrz.at\/wordpress\/?page_id=1095"},"modified":"2015-10-05T20:19:15","modified_gmt":"2015-10-05T18:19:15","slug":"helft-mit","status":"publish","type":"page","link":"http:\/\/www.aegrz.at\/wordpress\/?page_id=1095","title":{"rendered":"helft mit!"},"content":{"rendered":"<p>Unter diesem Menuepunkt, stelle ich Euch nicht nur mein Projekt FORME vor, sondern auch Hilfsorganisationen, bei welchen ich selbst aktiv bin.<\/p>\n<p><a href=\"http:\/\/www.aegrz.at\/wordpress\/?page_id=797\"><strong><span style=\"font-size: 18pt;\">FORME<\/span><\/strong> &#8211;\u00a0\u00a0Friede und Freiheit<\/a><\/p>\n<p>&nbsp;<\/p>\n<p style=\"text-align: justify;\">Kinderhilfe liegt mir sehr am Herzen. Besonders Kinder, brauchen unsere Hilfe, wenn die Armut verhindert, dass ein f\u00fcr unsere Begriffe normales Leben m\u00f6glich ist. Sauberes Trinkwasser, ausreichend Nahrung, medizinische Grundversorgung, Schulbildung, ein Dach \u00fcber dem Kopf, Kleidung und W\u00e4rme im Winter, sind leider nicht \u00fcberall vorhanden.\u00a0Es gibt viele M\u00f6glichkeiten um zu helfen. Bitte hilf nach Deinen M\u00f6glichkeiten mit.<\/p>\n<p><a href=\"http:\/\/www.aegrz.at\/wordpress\/?page_id=1097\"><strong><span style=\"font-size: 18pt;\">World Vision<\/span><\/strong> &#8211; gerade Kinder, brauchen unsere Hilfe<\/a><\/p>\n<p><a href=\"http:\/\/www.aegrz.at\/wordpress\/?page_id=1103\"><strong><span style=\"font-size: 18pt;\">Rettet das Kind<\/span><\/strong> &#8211; erm\u00f6glicht Hilfe auch in \u00d6sterreich<\/a><\/p>\n","protected":false},"excerpt":{"rendered":"<p>Unter diesem Menuepunkt, stelle ich Euch nicht nur mein Projekt FORME vor, sondern auch Hilfsorganisationen, bei welchen ich selbst aktiv bin. FORME &#8211;\u00a0\u00a0Friede und Freiheit &nbsp; Kinderhilfe liegt mir sehr am Herzen. Besonders Kinder, brauchen unsere Hilfe, wenn die Armut verhindert, dass ein f\u00fcr unsere Begriffe normales Leben m\u00f6glich ist. Sauberes Trinkwasser, ausreichend Nahrung, medizinische &hellip; <a href=\"http:\/\/www.aegrz.at\/wordpress\/?page_id=1095\" class=\"more-link\"><span class=\"screen-reader-text\">helft mit!<\/span> weiterlesen <span class=\"meta-nav\">&rarr;<\/span><\/a><\/p>\n","protected":false},"author":2,"featured_media":0,"parent":0,"menu_order":3,"comment_status":"closed","ping_status":"closed","template":"","meta":{"ngg_post_thumbnail":0,"footnotes":""},"_links":{"self":[{"href":"http:\/\/www.aegrz.at\/wordpress\/index.php?rest_route=\/wp\/v2\/pages\/1095"}],"collection":[{"href":"http:\/\/www.aegrz.at\/wordpress\/index.php?rest_route=\/wp\/v2\/pages"}],"about":[{"href":"http:\/\/www.aegrz.at\/wordpress\/index.php?rest_route=\/wp\/v2\/types\/page"}],"author":[{"embeddable":true,"href":"http:\/\/www.aegrz.at\/wordpress\/index.php?rest_route=\/wp\/v2\/users\/2"}],"replies":[{"embeddable":true,"href":"http:\/\/www.aegrz.at\/wordpress\/index.php?rest_route=%2Fwp%2Fv2%2Fcomments&post=1095"}],"version-history":[{"count":5,"href":"http:\/\/www.aegrz.at\/wordpress\/index.php?rest_route=\/wp\/v2\/pages\/1095\/revisions"}],"predecessor-version":[{"id":1116,"href":"http:\/\/www.aegrz.at\/wordpress\/index.php?rest_route=\/wp\/v2\/pages\/1095\/revisions\/1116"}],"wp:attachment":[{"href":"http:\/\/www.aegrz.at\/wordpress\/index.php?rest_route=%2Fwp%2Fv2%2Fmedia&parent=1095"}],"curies":[{"name":"wp","href":"https:\/\/api.w.org\/{rel}","templated":true}]}}