{"id":28,"date":"2015-02-07T18:29:03","date_gmt":"2015-02-07T17:29:03","guid":{"rendered":"http:\/\/localhost\/wordpress\/?page_id=2"},"modified":"2015-10-05T20:22:27","modified_gmt":"2015-10-05T18:22:27","slug":"beispiel-seite-2","status":"publish","type":"page","link":"http:\/\/www.aegrz.at\/wordpress\/","title":{"rendered":"Willkommen"},"content":{"rendered":"<p><img loading=\"lazy\" decoding=\"async\" class=\"alignnone size-full wp-image-117\" src=\"http:\/\/www.aegrz.at\/wordpress\/wp-content\/uploads\/Heilmittel-e1423675182376.jpg\" alt=\"Heilmittel\" width=\"635\" height=\"242\" \/><\/p>\n<p style=\"text-align: justify;\">Das ist\u00a0meine private Homepage, mit einigen Seiten, welche\u00a0sich mit alternativen Heilmethoden befassen, wie <a title=\"Hom\u00f6opathie\" href=\"http:\/\/www.aegrz.at\/wordpress\/?page_id=33\">Hom\u00f6opathie<\/a>, <a title=\"Bachbl\u00fcten\" href=\"http:\/\/www.aegrz.at\/wordpress\/?page_id=34\">Bachbl\u00fcten<\/a>, <a title=\"Sch\u00fc\u00dfler-Salze\" href=\"http:\/\/www.aegrz.at\/wordpress\/?page_id=42\">Sch\u00fc\u00dfler-Salze<\/a>, aber auch mit meinen Schwerpunkten, der <a title=\"Quantenheilung\" href=\"http:\/\/www.aegrz.at\/wordpress\/?page_id=29\">Quantenheilung<\/a> und nat\u00fcrlich <a title=\"Reiki\" href=\"http:\/\/www.aegrz.at\/wordpress\/?page_id=43\">Reiki<\/a>.<br \/>\nDa ich auch leidenschaftlich gerne fotografiere, wird es auch dazu ein paar Beitr\u00e4ge geben und nat\u00fcrlich von mir aufgenommene <a title=\"Meine Fotos\" href=\"http:\/\/www.aegrz.at\/wordpress\/?page_id=189\">Fotos<\/a>.<\/p>\n<p style=\"text-align: justify;\">Alle\u00a0Neuigkeiten werden immer im <a title=\"BLOG\" href=\"http:\/\/www.aegrz.at\/wordpress\/?page_id=68\">Blog<\/a> genannt. Es gibt schon einige recht interessante Beitr\u00e4ge. Schaut also \u00f6fter mal vorbei, die Seiten f\u00fcllen sich immer mehr.<\/p>\n<p style=\"text-align: justify;\">In der Men\u00fcleiste ist noch einiges zu entdecken, st\u00f6bert ruhig ein wenig rum. Unter dem Men\u00fcpunkt &#8222;<a href=\"http:\/\/www.aegrz.at\/wordpress\/?page_id=1095\">helft mit!<\/a>&#8220; findet Ihr\u00a0<a title=\"FORME\" href=\"http:\/\/www.aegrz.at\/wordpress\/?page_id=797\">FORME<\/a>, mein Lieblingsprojekt, zu welchem ich Euch ganz besonders herzlich einlade. Besonders liegen mir Hilfsprojekte f\u00fcr Kinder am Herzen. Auch diese sind unter dem selben Punkt zu finden.<\/p>\n<p>Da die Quantenheilung sehr umfangreich sein kann, neigen auch einzelne dazu, es manchmal recht kompliziert darzustellen. Deshalb habe ich ein sehr einfaches System entwickelt, welches ich Euch gerne, als &#8222;<a title=\"easyQuantum\" href=\"http:\/\/www.aegrz.at\/wordpress\/?page_id=836\">easyQuantum<\/a> &#8211; es darf auch einfach sein&#8220;, in kleine Ausschnitten n\u00e4her bringen m\u00f6chte.<\/p>\n<p style=\"text-align: justify;\">Sollte sich nun jemand fragen, wer ich bin und was ich so mache, dann gibt es den Eintrag &#8222;<a title=\"\u00fcber\" href=\"http:\/\/www.aegrz.at\/wordpress\/?page_id=32\">\u00fcber<\/a>&#8220; &#8211; in diesem findet Ihr\u00a0ein wenig \u00fcber mich und auch meine <a title=\"Urkunden-Ausbildungen\" href=\"http:\/\/www.aegrz.at\/wordpress\/?page_id=340\">Ausbildungen<\/a> werden kurz angesprochen.<\/p>\n<p>Alles Liebe<br \/>\n<span style=\"line-height: 1.5;\">Andreas<\/span><\/p>\n","protected":false},"excerpt":{"rendered":"<p>Das ist\u00a0meine private Homepage, mit einigen Seiten, welche\u00a0sich mit alternativen Heilmethoden befassen, wie Hom\u00f6opathie, Bachbl\u00fcten, Sch\u00fc\u00dfler-Salze, aber auch mit meinen Schwerpunkten, der Quantenheilung und nat\u00fcrlich Reiki. Da ich auch leidenschaftlich gerne fotografiere, wird es auch dazu ein paar Beitr\u00e4ge geben und nat\u00fcrlich von mir aufgenommene Fotos. Alle\u00a0Neuigkeiten werden immer im Blog genannt. Es gibt schon &hellip; <a href=\"http:\/\/www.aegrz.at\/wordpress\/\" class=\"more-link\"><span class=\"screen-reader-text\">Willkommen<\/span> weiterlesen <span class=\"meta-nav\">&rarr;<\/span><\/a><\/p>\n","protected":false},"author":2,"featured_media":0,"parent":0,"menu_order":1,"comment_status":"closed","ping_status":"open","template":"","meta":{"ngg_post_thumbnail":0,"footnotes":""},"_links":{"self":[{"href":"http:\/\/www.aegrz.at\/wordpress\/index.php?rest_route=\/wp\/v2\/pages\/28"}],"collection":[{"href":"http:\/\/www.aegrz.at\/wordpress\/index.php?rest_route=\/wp\/v2\/pages"}],"about":[{"href":"http:\/\/www.aegrz.at\/wordpress\/index.php?rest_route=\/wp\/v2\/types\/page"}],"author":[{"embeddable":true,"href":"http:\/\/www.aegrz.at\/wordpress\/index.php?rest_route=\/wp\/v2\/users\/2"}],"replies":[{"embeddable":true,"href":"http:\/\/www.aegrz.at\/wordpress\/index.php?rest_route=%2Fwp%2Fv2%2Fcomments&post=28"}],"version-history":[{"count":12,"href":"http:\/\/www.aegrz.at\/wordpress\/index.php?rest_route=\/wp\/v2\/pages\/28\/revisions"}],"predecessor-version":[{"id":1131,"href":"http:\/\/www.aegrz.at\/wordpress\/index.php?rest_route=\/wp\/v2\/pages\/28\/revisions\/1131"}],"wp:attachment":[{"href":"http:\/\/www.aegrz.at\/wordpress\/index.php?rest_route=%2Fwp%2Fv2%2Fmedia&parent=28"}],"curies":[{"name":"wp","href":"https:\/\/api.w.org\/{rel}","templated":true}]}}