{"id":29,"date":"2015-02-07T20:49:28","date_gmt":"2015-02-07T19:49:28","guid":{"rendered":"http:\/\/localhost\/wordpress\/?page_id=9"},"modified":"2015-03-07T18:40:14","modified_gmt":"2015-03-07T17:40:14","slug":"quantenheilung-2","status":"publish","type":"page","link":"http:\/\/www.aegrz.at\/wordpress\/?page_id=29","title":{"rendered":"Quantenheilung"},"content":{"rendered":"<p style=\"text-align: justify;\">Es gibt kaum ein Gebiet, mit dem ich so \u00fcberraschend gute Ergebnisse erleben durfte, wie mit der Quantenheilung. Sie wurde Ende der 1980er Jahre von dem US-amerikanischen Chiropraktiker Dr. Frank Kinslow wiederentdeckt, nahezu zeitgleich mit Dr. Richard Bartlett, ebenfalls Chiropraktiker. Diese Methode d\u00fcrften urspr\u00fcnglich von den Hawaianern stammen. Wie immer wieder behauptet wird, ist diese kinderleicht und von jedem erlernbar. Dieser Meinung bin ich ebenfalls!<br \/>\nIch werde daher an dieser Stelle nicht n\u00e4her auf die grundlegenden Techniken eingehen, jedoch im Laufe der Zeit, in einzelnen Berichten, bestimmte Situationen und Probleme, ausf\u00fchrlicher betrachten und m\u00f6gliche Herangehensweisen erl\u00e4utern.<\/p>\n<p style=\"text-align: justify;\">Wer sich zum ersten Mal mit diesem Thema auseinandersetzt, m\u00f6ge bitte im Internet, auf den unz\u00e4hligen Seiten die es zur Quantenheilung gibt, sich die Grundlagen anschauen, sich ein Buch g\u00f6nnen, oder ein gutes Seminar besuchen. Mit der Zeit werde ich die Grundlagen auch hier pr\u00e4sentieren, ich werde jedoch heute mit einem Problem beginnen, dass offensichtlich sehr viele haben.<br \/>\nMein erster Beitrag, wird sich mit der Selbstbehandlung besch\u00e4ftigt. Da ich von vielen Seiten bereits immer wieder gefragt werde, wie eine Selbstbehandlung am besten funktionieren k\u00f6nne, habe ich mich dazu entschlossen, dieses Thema in meinem ersten Beitrag, in dieser Kategorie zu bearbeiten.<\/p>\n<p style=\"text-align: justify;\">Viele stellen fest, dass bei der Eigenbehandlung, der erwartete Erfolg, nicht eintreten will. Sie beschreiben jedoch, dass bei Behandlung anderer, durchaus Reaktionen feststellbar sind, selbst bei Fernbehandlungen. Die sich aufdr\u00e4ngende Frage ist nun, warum nicht auch eine Eigenbehandlung, als Fernbehandlung durchf\u00fchren?<\/p>\n<p style=\"text-align: justify;\">Lest also den Beitrag &#8211; <a title=\"Selbstbehandlung als Fernbehandlung\" href=\"http:\/\/www.aegrz.at\/wordpress\/?page_id=815\">Eigenbehandlung als Fernbehandlung<\/a>.<\/p>\n<p style=\"text-align: justify;\">Auf dieser Seite gibt es noch ein paar <a title=\"Buch.- und Ausbildungstips zur Quantenheilung\" href=\"http:\/\/www.aegrz.at\/wordpress\/?page_id=811\">Buch.- und andere Ausbildungstips<\/a>.<\/p>\n<p style=\"text-align: justify;\">In der Quantenheiliung, sollte jeder, aus der F\u00fclle von Angeboten, das herausnehmen, was ihm, f\u00fcr sich, besonders geeignet erscheint und daraus wieder sein eigenes System zusammenstellen. Ich bin fest davon \u00fcberzeugt, dass das, der bestm\u00f6gliche Zugang dazu ist, solange dabei die grundlegenden Elemente erhalten bleiben.<\/p>\n<p style=\"text-align: justify;\">F\u00fcr Fragen, scheut Euch nicht, sondern nutzt mein Kontaktformular.<\/p>\n<p>Alles Liebe<br \/>\nAndreas<\/p>\n","protected":false},"excerpt":{"rendered":"<p>Es gibt kaum ein Gebiet, mit dem ich so \u00fcberraschend gute Ergebnisse erleben durfte, wie mit der Quantenheilung. Sie wurde Ende der 1980er Jahre von dem US-amerikanischen Chiropraktiker Dr. Frank Kinslow wiederentdeckt, nahezu zeitgleich mit Dr. Richard Bartlett, ebenfalls Chiropraktiker. Diese Methode d\u00fcrften urspr\u00fcnglich von den Hawaianern stammen. Wie immer wieder behauptet wird, ist diese &hellip; <a href=\"http:\/\/www.aegrz.at\/wordpress\/?page_id=29\" class=\"more-link\"><span class=\"screen-reader-text\">Quantenheilung<\/span> weiterlesen <span class=\"meta-nav\">&rarr;<\/span><\/a><\/p>\n","protected":false},"author":2,"featured_media":0,"parent":0,"menu_order":6,"comment_status":"closed","ping_status":"open","template":"","meta":{"ngg_post_thumbnail":0,"footnotes":""},"_links":{"self":[{"href":"http:\/\/www.aegrz.at\/wordpress\/index.php?rest_route=\/wp\/v2\/pages\/29"}],"collection":[{"href":"http:\/\/www.aegrz.at\/wordpress\/index.php?rest_route=\/wp\/v2\/pages"}],"about":[{"href":"http:\/\/www.aegrz.at\/wordpress\/index.php?rest_route=\/wp\/v2\/types\/page"}],"author":[{"embeddable":true,"href":"http:\/\/www.aegrz.at\/wordpress\/index.php?rest_route=\/wp\/v2\/users\/2"}],"replies":[{"embeddable":true,"href":"http:\/\/www.aegrz.at\/wordpress\/index.php?rest_route=%2Fwp%2Fv2%2Fcomments&post=29"}],"version-history":[{"count":4,"href":"http:\/\/www.aegrz.at\/wordpress\/index.php?rest_route=\/wp\/v2\/pages\/29\/revisions"}],"predecessor-version":[{"id":827,"href":"http:\/\/www.aegrz.at\/wordpress\/index.php?rest_route=\/wp\/v2\/pages\/29\/revisions\/827"}],"wp:attachment":[{"href":"http:\/\/www.aegrz.at\/wordpress\/index.php?rest_route=%2Fwp%2Fv2%2Fmedia&parent=29"}],"curies":[{"name":"wp","href":"https:\/\/api.w.org\/{rel}","templated":true}]}}