{"id":30,"date":"2015-02-07T20:49:49","date_gmt":"2015-02-07T19:49:49","guid":{"rendered":"http:\/\/localhost\/wordpress\/?page_id=11"},"modified":"2020-05-06T09:38:19","modified_gmt":"2020-05-06T07:38:19","slug":"alternative-heilmethoden-3","status":"publish","type":"page","link":"http:\/\/www.aegrz.at\/wordpress\/?page_id=30","title":{"rendered":"alternative Heilmethoden"},"content":{"rendered":"<p style=\"text-align: justify;\">Es ist eine Frage der eigenen Einstellung, ob man sich f\u00fcr eine der angebotenen Methoden entscheiden mag, oder es so sehen will, wie ich. Meiner Ansicht nach, haben die meisten Methoden ihr Gutes.<br \/>\nZweifelsfrei ist die Schulmedizin, die Methode, mit welcher schon jeder mehr oder weniger oft in Ber\u00fchrung gekommen ist. Sie zeichnet sich durch hervorragende M\u00f6glichkeiten aus und bietet ein dichtes Netz, an anerkannten und somit weitgehend durch Sozialversicherungen abgedeckte, Leistungsspektren aus. Die Schulmedizin, betreut Gebiete, in den sie einzigartig ist. Dazu geh\u00f6ren unter anderen, Diagnose und Chirurgie, um nur die einzigartigsten zu nennen. Um mit der Schulmedizin behandeln zu k\u00f6nnen, sind oft pharmazeutische Produkte notwendig. Neben sicher einigen Errungenschaften, haben sich an dieser Stelle leider auch starke kommerzielle Interessen breit gemacht. Sicher ein Aspekt, welcher nicht in den Bereich, der w\u00fcnschenswerten Erscheinungen, einzuordnen ist. Bei allem Respekt, komme ich jedoch nicht umhin, auch auf Grenzen der Schulmedizin hinzuweisen. Oft werden nur die Symptome verdr\u00e4ngt und Nebenwirkungen durch Medikamente leichtfertig in Kauf genommen.<br \/>\nBitte versteht mich nicht falsch, ich bin kein Gegner der Schulmedizin. Ich finde jedoch, dass viele alternative Methoden, auch ihre Berechtigung haben und in einigen Bereichen, erstaunliche Erfolge erzielen, in denen die Schulmedizin, kaum etwas bewegen konnte. Ich w\u00fcrde mir daher w\u00fcnschen, dass je nach Eignung, die bestm\u00f6glich erscheinende Variante zum Einsatz kommen w\u00fcrde. Leider sind wir davon noch sehr weit entfernt.<\/p>\n<p>&nbsp;<\/p>\n","protected":false},"excerpt":{"rendered":"<p>Es ist eine Frage der eigenen Einstellung, ob man sich f\u00fcr eine der angebotenen Methoden entscheiden mag, oder es so sehen will, wie ich. Meiner Ansicht nach, haben die meisten Methoden ihr Gutes. Zweifelsfrei ist die Schulmedizin, die Methode, mit welcher schon jeder mehr oder weniger oft in Ber\u00fchrung gekommen ist. Sie zeichnet sich durch &hellip; <a href=\"http:\/\/www.aegrz.at\/wordpress\/?page_id=30\" class=\"more-link\"><span class=\"screen-reader-text\">alternative Heilmethoden<\/span> weiterlesen <span class=\"meta-nav\">&rarr;<\/span><\/a><\/p>\n","protected":false},"author":2,"featured_media":0,"parent":0,"menu_order":8,"comment_status":"closed","ping_status":"open","template":"","meta":{"ngg_post_thumbnail":0,"footnotes":""},"_links":{"self":[{"href":"http:\/\/www.aegrz.at\/wordpress\/index.php?rest_route=\/wp\/v2\/pages\/30"}],"collection":[{"href":"http:\/\/www.aegrz.at\/wordpress\/index.php?rest_route=\/wp\/v2\/pages"}],"about":[{"href":"http:\/\/www.aegrz.at\/wordpress\/index.php?rest_route=\/wp\/v2\/types\/page"}],"author":[{"embeddable":true,"href":"http:\/\/www.aegrz.at\/wordpress\/index.php?rest_route=\/wp\/v2\/users\/2"}],"replies":[{"embeddable":true,"href":"http:\/\/www.aegrz.at\/wordpress\/index.php?rest_route=%2Fwp%2Fv2%2Fcomments&post=30"}],"version-history":[{"count":4,"href":"http:\/\/www.aegrz.at\/wordpress\/index.php?rest_route=\/wp\/v2\/pages\/30\/revisions"}],"predecessor-version":[{"id":1264,"href":"http:\/\/www.aegrz.at\/wordpress\/index.php?rest_route=\/wp\/v2\/pages\/30\/revisions\/1264"}],"wp:attachment":[{"href":"http:\/\/www.aegrz.at\/wordpress\/index.php?rest_route=%2Fwp%2Fv2%2Fmedia&parent=30"}],"curies":[{"name":"wp","href":"https:\/\/api.w.org\/{rel}","templated":true}]}}