{"id":32,"date":"2015-02-07T20:50:22","date_gmt":"2015-02-07T19:50:22","guid":{"rendered":"http:\/\/localhost\/wordpress\/?page_id=15"},"modified":"2015-02-14T21:56:17","modified_gmt":"2015-02-14T20:56:17","slug":"ueber","status":"publish","type":"page","link":"http:\/\/www.aegrz.at\/wordpress\/?page_id=32","title":{"rendered":"\u00fcber"},"content":{"rendered":"<p>&nbsp;<\/p>\n<figure id=\"attachment_74\" aria-describedby=\"caption-attachment-74\" style=\"width: 88px\" class=\"wp-caption alignleft\"><a href=\"http:\/\/www.aegrz.at\/wordpress\/wp-content\/uploads\/Avatar.jpg\"><img loading=\"lazy\" decoding=\"async\" class=\"  wp-image-74\" src=\"http:\/\/www.aegrz.at\/wordpress\/wp-content\/uploads\/Avatar-300x300.jpg\" alt=\"Avatar\" width=\"88\" height=\"88\" srcset=\"http:\/\/www.aegrz.at\/wordpress\/wp-content\/uploads\/Avatar.jpg 300w, http:\/\/www.aegrz.at\/wordpress\/wp-content\/uploads\/Avatar-150x150.jpg 150w\" sizes=\"(max-width: 88px) 100vw, 88px\" \/><\/a><figcaption id=\"caption-attachment-74\" class=\"wp-caption-text\"><span style=\"font-size: 8pt; font-family: 'times new roman', times;\">\u00a9 assst<\/span><\/figcaption><\/figure>\n<p style=\"text-align: justify;\"><span style=\"text-decoration: underline;\"><strong>Gleich vorweg &#8211; Was bedeutet aegrz?<\/strong><\/span><br \/>\nWer hierher gefunden hat, wird es wahrscheinlich wissen, da jedoch die Frage immer wieder auftaucht, hier die Erkl\u00e4rung. Es ist schlicht und einfach die Abk\u00fcrzung f\u00fcr:\u00a0<span style=\"text-decoration: underline; color: #0000ff;\"><strong>A<\/strong><\/span>ndreas\u00a0<span style=\"text-decoration: underline; color: #0000ff;\"><strong>E<\/strong><\/span>ibler aus\u00a0<span style=\"text-decoration: underline; color: #0000ff;\"><strong>Gr<\/strong><\/span>a<span style=\"color: #000000;\"><span style=\"text-decoration: underline;\"><strong><span style=\"color: #0000ff; text-decoration: underline;\">z<\/span><br \/>\n<\/strong><\/span>Auch\u00a0ist\u00a0aegrz\u00a0das Wasserzeichen auf meinen Fotos und meine Fotofreund, ebenso wie meine Freunde von Facebook, kennen mich und meine Fotos, mit diesem K\u00fcrzel. Nun\u00a0hat auch diese Seite,\u00a0aegrz in\u00a0der URL.<\/span><\/p>\n<p style=\"text-align: justify;\">Mein Name ist Andreas Eibler und ich wurde im M\u00e4rz 1964 in Graz geboren. Mit bereits 6 Jahren hielt ich meine erste Kamera in den H\u00e4nden und seit ich 14 war, begann mein ernstzunehmendes Interesse f\u00fcr die <strong>Fotografie<\/strong>. Durch die Teilnahme an Fotowettbewerben, konnte ich auch einige sch\u00f6ne Erfolge auf nationaler und internationaler Ebene verzeichnen. Vom Verband der \u00f6sterreichischen Amateurfotografen-Vereine (V\u00d6AV) wurde mir die Ehrennadel in Gold und der Ehrentitel EV\u00d6AV verliehen. Was die Fotografie betrifft, werde ich versuchen, mein Wissen so breit gestreut wie m\u00f6glich, in einfachen Tipps bereitzustellen. Selbstverst\u00e4ndlich gibt es auch eine Seite, mit einigen meiner Aufnahmen. Wann immer es geht, verwende ich auf diesen Seiten, meine eigenen Bilder. Sollte ich Bilder anderer Herkunft verwenden, werde ich darauf hinweisen.<\/p>\n<p style=\"text-align: justify;\">Vor einigen Jahren entdeckte ich die alternativen <strong>Heilmethoden<\/strong>. Seitdem habe ich viele Interessante Erfahrungen sammeln d\u00fcrfen und auch in zahlreichen Schulungen noch mehr erlernt. Dazu gibt es unter diesem <a title=\"Urkunden-Ausbildungen\" href=\"http:\/\/www.aegrz.at\/wordpress\/?page_id=340\">Link, ein paar meiner Zertifikate<\/a> und die wesentlichsten Stationen meines bisherigen Ausbildungsweges. Auf beispielsweise den Gebieten Quantenheilen, Hom\u00f6opathie, Bachbl\u00fcten, Sch\u00fc\u00dfler-Salze, Reiki und vielleicht noch einigen anderen, werde ich nach und nach, ein paar meiner Erfahrungen, Meinungen und gelegentlich auch interessante Links einstellen.<\/p>\n<p style=\"text-align: justify;\"><strong>Hauptberuflich<\/strong> bin ich Software Engineer, oder wie es mir besser gef\u00e4llt &#8211; Programmierer.<\/p>\n<p style=\"text-align: justify;\">Wenn Ihr Fragen habt, benutzt bitte einfach das Kontaktformular.<br \/>\nAlso, lasst Euch \u00fcberraschen, es verspricht sehr spannend zu werden.<\/p>\n<p style=\"text-align: justify;\">Alles Liebe<br \/>\nAndreas<\/p>\n<p>&nbsp;<\/p>\n<p><span style=\"font-size: 8pt;\">\u00a9 assst &#8230; Mein Avatar-Bild, hat meine liebe Lebensgef\u00e4hrtin Andrea, von mir aufgenommen. Vielen lieben Dank.<\/span><\/p>\n","protected":false},"excerpt":{"rendered":"<p>&nbsp; Gleich vorweg &#8211; Was bedeutet aegrz? Wer hierher gefunden hat, wird es wahrscheinlich wissen, da jedoch die Frage immer wieder auftaucht, hier die Erkl\u00e4rung. Es ist schlicht und einfach die Abk\u00fcrzung f\u00fcr:\u00a0Andreas\u00a0Eibler aus\u00a0Graz Auch\u00a0ist\u00a0aegrz\u00a0das Wasserzeichen auf meinen Fotos und meine Fotofreund, ebenso wie meine Freunde von Facebook, kennen mich und meine Fotos, mit diesem &hellip; <a href=\"http:\/\/www.aegrz.at\/wordpress\/?page_id=32\" class=\"more-link\"><span class=\"screen-reader-text\">\u00fcber<\/span> weiterlesen <span class=\"meta-nav\">&rarr;<\/span><\/a><\/p>\n","protected":false},"author":2,"featured_media":0,"parent":0,"menu_order":13,"comment_status":"closed","ping_status":"open","template":"","meta":{"ngg_post_thumbnail":0,"footnotes":""},"_links":{"self":[{"href":"http:\/\/www.aegrz.at\/wordpress\/index.php?rest_route=\/wp\/v2\/pages\/32"}],"collection":[{"href":"http:\/\/www.aegrz.at\/wordpress\/index.php?rest_route=\/wp\/v2\/pages"}],"about":[{"href":"http:\/\/www.aegrz.at\/wordpress\/index.php?rest_route=\/wp\/v2\/types\/page"}],"author":[{"embeddable":true,"href":"http:\/\/www.aegrz.at\/wordpress\/index.php?rest_route=\/wp\/v2\/users\/2"}],"replies":[{"embeddable":true,"href":"http:\/\/www.aegrz.at\/wordpress\/index.php?rest_route=%2Fwp%2Fv2%2Fcomments&post=32"}],"version-history":[{"count":20,"href":"http:\/\/www.aegrz.at\/wordpress\/index.php?rest_route=\/wp\/v2\/pages\/32\/revisions"}],"predecessor-version":[{"id":75,"href":"http:\/\/www.aegrz.at\/wordpress\/index.php?rest_route=\/wp\/v2\/pages\/32\/revisions\/75"}],"wp:attachment":[{"href":"http:\/\/www.aegrz.at\/wordpress\/index.php?rest_route=%2Fwp%2Fv2%2Fmedia&parent=32"}],"curies":[{"name":"wp","href":"https:\/\/api.w.org\/{rel}","templated":true}]}}