{"id":34,"date":"2015-02-07T20:51:14","date_gmt":"2015-02-07T19:51:14","guid":{"rendered":"http:\/\/localhost\/wordpress\/?page_id=21"},"modified":"2015-03-10T10:55:55","modified_gmt":"2015-03-10T09:55:55","slug":"bachblueten","status":"publish","type":"page","link":"http:\/\/www.aegrz.at\/wordpress\/?page_id=34","title":{"rendered":"Bachbl\u00fcten"},"content":{"rendered":"<p style=\"text-align: justify;\">Bachbl\u00fcten wurden vom englischen Arzt Dr. Edward Bach (1886 &#8211; 1936) entdeckt. Dr. Bach gab 1930 seine Praxis in London auf und widmete sich der Suche nach einer nat\u00fcrlichen Heilmethode. Durch seine sensitiven F\u00e4higkeiten entdeckte er die 38 Bl\u00fcten. Jeder dieser Bl\u00fcten konnte er einen negativen Seelenzustand zuordnen, welchen diese harmonisieren. Es gibt weder Nebenwirkungen, noch ist ein Glaube an die Wirksamkeit notwendig. Diese einfache Heilmethode, wirkt ganzheitlich.<br \/>\nEs war der Wunsch Dr. Bachs, seine Bl\u00fctentherapie, allen Menschen zug\u00e4nglich zu machen. Bachbl\u00fcten sind keine Arznei und enthalten keine Wirkstoffextrakte im pharmazeutischen Sinn. Sie beinhalten Schwingungen und Informationen, dabei wirken sie harmonisierend auf Seelenzust\u00e4nde. Sie wirken feinstofflich, auf K\u00f6rper, Geist und Seele.<br \/>\nNach Ansicht Dr. Bachs, ist Krankheit ein Ergebnis von einem Konflikt zwischen Seele und Geist. Die Harmonisierung der eigenen Seelenzust\u00e4nde, ist somit ein wesentlicher Bestandteil, um eine dauerhafte Heilung zu erm\u00f6glichen.<\/p>\n<p style=\"text-align: justify;\">Bei den Bach-Bl\u00fcten gibt es 38 verschiedene Essenzen.<br \/>\nDie Bl\u00fcten werden bis heute an den von Dr. Bach festgesetzten Standorten gesammelt, an Ort und Stelle nach den von ihm entwickelten Potenzierungsmethoden verarbeitet und in Vorratsflaschen abgef\u00fcllt.\u00a0Bei der Herstellung soll die Energie der Bl\u00fctenpflanzen auf das Wasser \u00fcbertragen werden. Es erfolgt eine Verd\u00fcnnung der Extrakte mit Alkohol, zur Konservierung. Diese original Bachbl\u00fcten, werden in sogenannte Stockbottles abgef\u00fcllt und dienen zur Herstellung der Bachbl\u00fctenmischungen.<\/p>\n<p>Auch hier muss darauf hingewiesen werden, dass Bachbl\u00fcten, keinen Arzt ersetzen, jedoch eine Behandlung, positiv begleiten k\u00f6nnen.<\/p>\n<p style=\"text-align: justify;\">&#8222;Heile die Seele, nicht die Krankheit.&#8220;<br \/>\n(Dr. Edward Bach)<\/p>\n<p style=\"text-align: justify;\">&#8222;Lasst Euch nicht durch die Einfachheit der Methode von ihrem Gebrauch abhalten, denn je weiter eure Forschungen voranschreiten, umso mehr wird sich euch die Einfachheit aller Sch\u00f6pfung erschlie\u00dfen.&#8220;<br \/>\n(Dr. Edward Bach)<\/p>\n","protected":false},"excerpt":{"rendered":"<p>Bachbl\u00fcten wurden vom englischen Arzt Dr. Edward Bach (1886 &#8211; 1936) entdeckt. Dr. Bach gab 1930 seine Praxis in London auf und widmete sich der Suche nach einer nat\u00fcrlichen Heilmethode. Durch seine sensitiven F\u00e4higkeiten entdeckte er die 38 Bl\u00fcten. Jeder dieser Bl\u00fcten konnte er einen negativen Seelenzustand zuordnen, welchen diese harmonisieren. Es gibt weder Nebenwirkungen, &hellip; <a href=\"http:\/\/www.aegrz.at\/wordpress\/?page_id=34\" class=\"more-link\"><span class=\"screen-reader-text\">Bachbl\u00fcten<\/span> weiterlesen <span class=\"meta-nav\">&rarr;<\/span><\/a><\/p>\n","protected":false},"author":2,"featured_media":0,"parent":30,"menu_order":3,"comment_status":"closed","ping_status":"open","template":"","meta":{"ngg_post_thumbnail":0,"footnotes":""},"_links":{"self":[{"href":"http:\/\/www.aegrz.at\/wordpress\/index.php?rest_route=\/wp\/v2\/pages\/34"}],"collection":[{"href":"http:\/\/www.aegrz.at\/wordpress\/index.php?rest_route=\/wp\/v2\/pages"}],"about":[{"href":"http:\/\/www.aegrz.at\/wordpress\/index.php?rest_route=\/wp\/v2\/types\/page"}],"author":[{"embeddable":true,"href":"http:\/\/www.aegrz.at\/wordpress\/index.php?rest_route=\/wp\/v2\/users\/2"}],"replies":[{"embeddable":true,"href":"http:\/\/www.aegrz.at\/wordpress\/index.php?rest_route=%2Fwp%2Fv2%2Fcomments&post=34"}],"version-history":[{"count":5,"href":"http:\/\/www.aegrz.at\/wordpress\/index.php?rest_route=\/wp\/v2\/pages\/34\/revisions"}],"predecessor-version":[{"id":850,"href":"http:\/\/www.aegrz.at\/wordpress\/index.php?rest_route=\/wp\/v2\/pages\/34\/revisions\/850"}],"up":[{"embeddable":true,"href":"http:\/\/www.aegrz.at\/wordpress\/index.php?rest_route=\/wp\/v2\/pages\/30"}],"wp:attachment":[{"href":"http:\/\/www.aegrz.at\/wordpress\/index.php?rest_route=%2Fwp%2Fv2%2Fmedia&parent=34"}],"curies":[{"name":"wp","href":"https:\/\/api.w.org\/{rel}","templated":true}]}}