{"id":42,"date":"2015-02-07T20:51:37","date_gmt":"2015-02-07T19:51:37","guid":{"rendered":"http:\/\/localhost\/wordpress\/?page_id=23"},"modified":"2015-02-19T16:00:26","modified_gmt":"2015-02-19T15:00:26","slug":"schuessler-salze","status":"publish","type":"page","link":"http:\/\/www.aegrz.at\/wordpress\/?page_id=42","title":{"rendered":"Sch\u00fc\u00dfler-Salze"},"content":{"rendered":"<p style=\"text-align: justify; padding-left: 60px;\"><img loading=\"lazy\" decoding=\"async\" class=\"  alignleft wp-image-556\" src=\"http:\/\/www.aegrz.at\/wordpress\/wp-content\/uploads\/Schuessler_Mix-300x200.jpg\" alt=\"Schuessler_Mix\" width=\"297\" height=\"198\" srcset=\"http:\/\/www.aegrz.at\/wordpress\/wp-content\/uploads\/Schuessler_Mix-300x200.jpg 300w, http:\/\/www.aegrz.at\/wordpress\/wp-content\/uploads\/Schuessler_Mix.jpg 800w\" sizes=\"(max-width: 297px) 100vw, 297px\" \/>Die Sch\u00fc\u00dfler Salze, sind zur\u00fcckzuf\u00fchren auf den hom\u00f6opathischen Arzt Dr. Wilhelm Heinrich Sch\u00fc\u00dfler (1821 &#8211; 1898). Dr. Sch\u00fc\u00dfler suchte nach einem einfacheren System als es die Hom\u00f6opathie ist und entwickelte daraus seine biochemischen Funktionsmittel. Seine Annahme war, Krankheiten entstehen durch St\u00f6rungen des Mineralhaushaltes der K\u00f6rperzellen. Durch Gabe der Mineralien in hom\u00f6opathischer Verd\u00fcnnung, k\u00f6nnen diese geheilt werden.<\/p>\n<p style=\"text-align: justify;\">Sch\u00fc\u00dfler hielt 12 Salze f\u00fcr ausreichend. 1873 ver\u00f6ffentlichte er in der &#8222;Allgemeinen Hom\u00f6opathischen Zeitung&#8220;, einen Artikel in dem er auf 16 Seiten, die Grundz\u00fcge seiner Lehre darstellte. Es sei nach seiner Ansicht, die Potenzierung notwendig, da so die feinstofflichen Mineralstoffe, in das Zellinnere gelangen k\u00f6nnen.<\/p>\n<p style=\"text-align: justify;\">Ich m\u00f6chte Euch nun zu jedem dieser Salze eine Beschreibung anh\u00e4ngen, welche mir liebensw\u00fcrdiger Weise von <a title=\"Healhouse\" href=\"http:\/\/www.healhouse.ch\" target=\"_blank\">Melanie Keller (http:\/\/www.healhouse.ch)<\/a> zur Verf\u00fcgung gestellt wurde. Vielen lieben Dank daf\u00fcr.<\/p>\n<h5><a title=\"Grundsalze 1-12\" href=\"http:\/\/www.aegrz.at\/wordpress\/?page_id=639\">Sch\u00fc\u00dfler-Salze 1-12<\/a><\/h5>\n<p>&nbsp;<\/p>\n<p style=\"text-align: justify;\"><span style=\"font-size: 8pt;\">Alle hier gegebenen Tipps und Anregungen, haben trotz gewissenhafter Recherche, keinen Anspruch auf Vollst\u00e4ndigkeit. Die hier gelisteten Beitr\u00e4ge, ersetzen nicht den Besuch beim Hausarzt. Bei Unklarheiten bitte einen Arzt oder Apotheker fragen.<\/span><\/p>\n","protected":false},"excerpt":{"rendered":"<p>Die Sch\u00fc\u00dfler Salze, sind zur\u00fcckzuf\u00fchren auf den hom\u00f6opathischen Arzt Dr. Wilhelm Heinrich Sch\u00fc\u00dfler (1821 &#8211; 1898). Dr. Sch\u00fc\u00dfler suchte nach einem einfacheren System als es die Hom\u00f6opathie ist und entwickelte daraus seine biochemischen Funktionsmittel. Seine Annahme war, Krankheiten entstehen durch St\u00f6rungen des Mineralhaushaltes der K\u00f6rperzellen. Durch Gabe der Mineralien in hom\u00f6opathischer Verd\u00fcnnung, k\u00f6nnen diese geheilt &hellip; <a href=\"http:\/\/www.aegrz.at\/wordpress\/?page_id=42\" class=\"more-link\"><span class=\"screen-reader-text\">Sch\u00fc\u00dfler-Salze<\/span> weiterlesen <span class=\"meta-nav\">&rarr;<\/span><\/a><\/p>\n","protected":false},"author":2,"featured_media":0,"parent":30,"menu_order":4,"comment_status":"closed","ping_status":"open","template":"","meta":{"ngg_post_thumbnail":0,"footnotes":""},"_links":{"self":[{"href":"http:\/\/www.aegrz.at\/wordpress\/index.php?rest_route=\/wp\/v2\/pages\/42"}],"collection":[{"href":"http:\/\/www.aegrz.at\/wordpress\/index.php?rest_route=\/wp\/v2\/pages"}],"about":[{"href":"http:\/\/www.aegrz.at\/wordpress\/index.php?rest_route=\/wp\/v2\/types\/page"}],"author":[{"embeddable":true,"href":"http:\/\/www.aegrz.at\/wordpress\/index.php?rest_route=\/wp\/v2\/users\/2"}],"replies":[{"embeddable":true,"href":"http:\/\/www.aegrz.at\/wordpress\/index.php?rest_route=%2Fwp%2Fv2%2Fcomments&post=42"}],"version-history":[{"count":12,"href":"http:\/\/www.aegrz.at\/wordpress\/index.php?rest_route=\/wp\/v2\/pages\/42\/revisions"}],"predecessor-version":[{"id":654,"href":"http:\/\/www.aegrz.at\/wordpress\/index.php?rest_route=\/wp\/v2\/pages\/42\/revisions\/654"}],"up":[{"embeddable":true,"href":"http:\/\/www.aegrz.at\/wordpress\/index.php?rest_route=\/wp\/v2\/pages\/30"}],"wp:attachment":[{"href":"http:\/\/www.aegrz.at\/wordpress\/index.php?rest_route=%2Fwp%2Fv2%2Fmedia&parent=42"}],"curies":[{"name":"wp","href":"https:\/\/api.w.org\/{rel}","templated":true}]}}