{"id":43,"date":"2015-02-07T20:51:51","date_gmt":"2015-02-07T19:51:51","guid":{"rendered":"http:\/\/localhost\/wordpress\/?page_id=25"},"modified":"2015-04-20T10:54:56","modified_gmt":"2015-04-20T08:54:56","slug":"reiki","status":"publish","type":"page","link":"http:\/\/www.aegrz.at\/wordpress\/?page_id=43","title":{"rendered":"Reiki"},"content":{"rendered":"<p style=\"padding-left: 60px; text-align: justify;\"><a href=\"http:\/\/www.aegrz.at\/wordpress\/wp-content\/uploads\/Reiki.jpg\"><img loading=\"lazy\" decoding=\"async\" class=\" size-medium wp-image-754 alignleft\" src=\"http:\/\/www.aegrz.at\/wordpress\/wp-content\/uploads\/Reiki-150x300.jpg\" alt=\"Reiki\" width=\"150\" height=\"300\" srcset=\"http:\/\/www.aegrz.at\/wordpress\/wp-content\/uploads\/Reiki-150x300.jpg 150w, http:\/\/www.aegrz.at\/wordpress\/wp-content\/uploads\/Reiki.jpg 400w\" sizes=\"(max-width: 150px) 100vw, 150px\" \/><\/a>In vielen Jahren in denen ich unterschiedlichstes kennenlernen durfte, habe ich besonders eines gelernt, wenn etwas gut ist, dann ist es auch einfach. Reiki ist einfach.<\/p>\n<p style=\"text-align: justify;\">Reiki ist eine alte Heilmethode. Sie wurde schon vor \u00fcber 2500 Jahren in den alten Sanskrit-Sutras erw\u00e4hnt. Im 19. Jahrhundert, wurde Reiki von Dr. Mikao Usui wiederentdeckt.<br \/>\nReiki bedeutet universelle Lebensenergie. Es handelt sich hierbei um eine sehr alte Entspannungsmethode, wodurch es zur Harmonisierung des Energiehaushalts kommt. Es wird dabei durch Handauflegen eine St\u00e4rkung und Regenerierung von K\u00f6rper, Geist und Seele herbeigef\u00fchrt. Auch ist Reiki ein spiritueller Weg zu sich selbst.<\/p>\n<p style=\"text-align: justify;\">Die universale Lebensenergie, wird durch Auflegen der H\u00e4nde eines Reiki Eingeweihten \u00fcbertragen. Der Energiefluss, &#8222;kann&#8220; (nicht muss) durch W\u00e4rme, Kribbeln und auch durch Pulsieren wahrgenommen werden.<\/p>\n<p style=\"text-align: justify;\">Reiki ist die Bezeichnung f\u00fcr die Energie, wird jedoch auch, f\u00fcr die von Dr. Usui gelehrte Methode verwendet. Es handelt sich dabei weder um einen speziellen Glauben noch um eine Religion. Der Reiki Gebende, gibt keine seiner eigenen Energien ab. Er wird von der Energie durchstr\u00f6mt. Er dient als Kanal zum Empf\u00e4nger, welcher nur soviel Energie erh\u00e4lt, wie er braucht.<\/p>\n<p style=\"text-align: justify;\">Traditionell gibt es bis zur Lehrerausbildung drei Grade:<br \/>\nErster Grad: \u00d6ffnung des Reiki-Kanals<br \/>\nZweiter Grad: Einf\u00fchrung dreier Reiki-Symbole<br \/>\nDritter Grad (Meister.- und Lehrergrad): Einweihung auf das &#8222;Meistersymbol&#8220;<\/p>\n<p style=\"text-align: justify;\">Keiner wird jedoch durch die Weihe im dritten Grad zum Meister. Der Weg des Meisters ist ein langer und niemals endender. Reiki ist mehr als nur eine Technik, Lehre oder feinstoffliche Energieform. Reiki soll man leben.<br \/>\nDazu gibt es die f\u00fcnf Reikiregeln:<br \/>\n1. Gerade heute \u00e4rgere Dich nicht.<br \/>\n2. Gerade heute sorge Dich nicht.<br \/>\n3. Ehre Deine Eltern, Lehrer und die \u00c4lteren.<br \/>\n4. Gerade heute verdiene Dein Brot ehrlich.<br \/>\n5. Zeige allen Lebewesen Dankbarkeit.<\/p>\n<p>M\u00f6gliche Resultate nach einer Reiki-Sitzung:<br \/>\n&#8211; Aktivierung bzw. Harmonisierung unseres Energiesystems<br \/>\n&#8211; Konzentrationssteigerung<br \/>\n&#8211; Energiesteigerung<br \/>\n&#8211; Stressabbau<br \/>\n&#8211; L\u00f6sen von Energieblockaden<br \/>\n&#8211; L\u00f6sen von Gef\u00fchlsblockaden<br \/>\n&#8211; Emotionale Ausgeglichenheit<br \/>\n&#8211; Mehr Selbstliebe, Selbstverantwortung<br \/>\n&#8211; Einfachere Selbstfindung<br \/>\n&#8211; St\u00e4rkung der Selbstheilungskr\u00e4fte<br \/>\n&#8211; Anregung des Stoffwechsels<br \/>\n&#8211; usw.<\/p>\n<p>Anmerkung: Reiki ersetzt keinen Arzt, kann aber die Behandlung positiv erg\u00e4nzen!<\/p>\n","protected":false},"excerpt":{"rendered":"<p>In vielen Jahren in denen ich unterschiedlichstes kennenlernen durfte, habe ich besonders eines gelernt, wenn etwas gut ist, dann ist es auch einfach. Reiki ist einfach. Reiki ist eine alte Heilmethode. Sie wurde schon vor \u00fcber 2500 Jahren in den alten Sanskrit-Sutras erw\u00e4hnt. Im 19. Jahrhundert, wurde Reiki von Dr. Mikao Usui wiederentdeckt. Reiki bedeutet &hellip; <a href=\"http:\/\/www.aegrz.at\/wordpress\/?page_id=43\" class=\"more-link\"><span class=\"screen-reader-text\">Reiki<\/span> weiterlesen <span class=\"meta-nav\">&rarr;<\/span><\/a><\/p>\n","protected":false},"author":2,"featured_media":0,"parent":0,"menu_order":9,"comment_status":"closed","ping_status":"open","template":"","meta":{"ngg_post_thumbnail":0,"footnotes":""},"_links":{"self":[{"href":"http:\/\/www.aegrz.at\/wordpress\/index.php?rest_route=\/wp\/v2\/pages\/43"}],"collection":[{"href":"http:\/\/www.aegrz.at\/wordpress\/index.php?rest_route=\/wp\/v2\/pages"}],"about":[{"href":"http:\/\/www.aegrz.at\/wordpress\/index.php?rest_route=\/wp\/v2\/types\/page"}],"author":[{"embeddable":true,"href":"http:\/\/www.aegrz.at\/wordpress\/index.php?rest_route=\/wp\/v2\/users\/2"}],"replies":[{"embeddable":true,"href":"http:\/\/www.aegrz.at\/wordpress\/index.php?rest_route=%2Fwp%2Fv2%2Fcomments&post=43"}],"version-history":[{"count":6,"href":"http:\/\/www.aegrz.at\/wordpress\/index.php?rest_route=\/wp\/v2\/pages\/43\/revisions"}],"predecessor-version":[{"id":899,"href":"http:\/\/www.aegrz.at\/wordpress\/index.php?rest_route=\/wp\/v2\/pages\/43\/revisions\/899"}],"wp:attachment":[{"href":"http:\/\/www.aegrz.at\/wordpress\/index.php?rest_route=%2Fwp%2Fv2%2Fmedia&parent=43"}],"curies":[{"name":"wp","href":"https:\/\/api.w.org\/{rel}","templated":true}]}}