{"id":44,"date":"2015-02-07T20:52:20","date_gmt":"2015-02-07T19:52:20","guid":{"rendered":"http:\/\/localhost\/wordpress\/?page_id=17"},"modified":"2015-02-15T18:03:27","modified_gmt":"2015-02-15T17:03:27","slug":"impressum","status":"publish","type":"page","link":"http:\/\/www.aegrz.at\/wordpress\/?page_id=44","title":{"rendered":"Impressum"},"content":{"rendered":"<p>Dies ist eine <strong>private Webseite<\/strong> von<br \/>\nAndreas Eibler<br \/>\nGraz<\/p>\n<p><span style=\"font-size: 14pt;\"><strong>Inhalt:<\/strong><\/span><br \/>\nverschiedene Informationen zu alternativen Heilmethoden und Fotografie<\/p>\n<p>&nbsp;<\/p>\n<p>&nbsp;<\/p>\n<p style=\"text-align: justify;\"><span style=\"font-size: 14pt;\"><strong>Haftungsausschluss<\/strong><\/span><br \/>\n<strong><span style=\"font-size: 12pt;\">1. Inhalt meiner Seiten<\/span><\/strong><br \/>\n<span style=\"font-size: 10pt;\">Ich \u00fcbernehme keinerlei Gew\u00e4hr f\u00fcr die Aktualit\u00e4t, Korrektheit, Vollst\u00e4ndigkeit oder Qualit\u00e4t der bereitgestellten Informationen. Haftungsanspr\u00fcche gegen mich, welche sich auf Sch\u00e4den jedweder Art beziehen, die durch die Nutzung oder Nichtnutzung der dargebotenen Informationen bzw. durch die Nutzung fehlerhafter und unvollst\u00e4ndiger Informationen verursacht wurden, sind grunds\u00e4tzlich ausgeschlossen, sofern von mir kein nachweislich vors\u00e4tzliches oder grob fahrl\u00e4ssiges Verschulden vorliegt.<\/span><br \/>\n<span style=\"font-size: 10pt;\"> Alle Angebote sind freibleibend und unverbindlich. Ich behalte mir ausdr\u00fccklich vor, Teile der Seiten oder das gesamte Angebot ohne gesonderte Ank\u00fcndigung zu ver\u00e4ndern, zu erg\u00e4nzen, zu l\u00f6schen oder die Ver\u00f6ffentlichung zeitweise oder endg\u00fcltig einzustellen.<br \/>\nAlle auf meinen Seiten\u00a0gegebenen Tipps und Anregungen, haben trotz gewissenhafter Recherche, keinen Anspruch auf Vollst\u00e4ndigkeit. Die auf meinen Seiten gelisteten Beitr\u00e4ge, besonders zu gesundheitlichen Themen und alternativen Heilverfahren, ersetzen nicht den Besuch beim Hausarzt. Bei Unklarheiten bitte einen Arzt oder Apotheker fragen.<br \/>\n<\/span><\/p>\n<p style=\"text-align: justify;\"><span style=\"font-size: 12pt;\"><strong>2. Verweise und Links<\/strong><\/span><br \/>\n<span style=\"font-size: 10pt;\"> Trotz sorgf\u00e4ltiger inhaltlicher Kontrolle \u00fcbernehme ich keine Haftung f\u00fcr die Inhalte externer Links oder die Inhalte meiner Seiten. F\u00fcr den Inhalt der verlinkten Seiten sind ausschlie\u00dflich deren Betreiber verantwortlich.<\/span><\/p>\n<p style=\"text-align: justify;\"><span style=\"font-size: 12pt;\"><strong>3. Urheber- und Kennzeichenrecht<\/strong><\/span><br \/>\n<span style=\"font-size: 10pt;\"> Ich bin bestrebt, in allen Ver\u00f6ffentlichungen die Urheberrechte zu beachten.<\/span><br \/>\n<span style=\"font-size: 10pt;\"> Alle innerhalb des Internetangebotes genannten und ggf. durch Dritte gesch\u00fctzten Marken- und Warenzeichen unterliegen uneingeschr\u00e4nkt den Bestimmungen des jeweils g\u00fcltigen Kennzeichenrechts und den Besitzrechten der jeweiligen eingetragenen Eigent\u00fcmer. Allein aufgrund der blo\u00dfen Nennung ist nicht der Schluss zu ziehen, dass Markenzeichen nicht durch Rechte Dritter gesch\u00fctzt sind!<\/span><br \/>\n<span style=\"font-size: 10pt;\"> Sollten Inhalt oder Aufmachung dieser Webseite Rechte Dritter oder gesetzliche Bestimmungen verletzen, bitte ich um Benachrichtigung ohne Ausstellung einer Kostennote. Zu Recht beanstandete Passagen werden unverz\u00fcglich entfernt, so dass die Einschaltung eines Rechtsbeistandes nicht erforderlich ist.<\/span><br \/>\n<span style=\"font-size: 10pt;\"> Das Copyright f\u00fcr ver\u00f6ffentlichte, von mir selbst erstellte Objekte bleibt allein bei mir. Eine Vervielf\u00e4ltigung oder Verwendung, welcher Art auch immer, ist ohne meine ausdr\u00fcckliche Zustimmung nicht gestattet.<\/span><\/p>\n<p style=\"text-align: justify;\"><strong><span style=\"font-size: 12pt;\">4. Datenschutz<\/span><\/strong><br \/>\n<span style=\"font-size: 10pt;\"> Sofern innerhalb meiner Seiten die M\u00f6glichkeit zur Eingabe pers\u00f6nlicher Daten (Emailadressen, Namen) besteht, so erfolgt die Preisgabe dieser Daten auf ausdr\u00fccklich freiwilliger Basis. Die Inanspruchnahme aller angebotenen Dienste ist, soweit technisch m\u00f6glich und zumutbar, auch ohne Angabe pers\u00f6nlicher Daten bzw. unter Angabe eines Pseudonyms gestattet. Die Nutzung meiner pers\u00f6nlichen Daten aus dem Impressums oder vergleichbarer Angaben, durch Dritte, zur \u00dcbersendung von nicht ausdr\u00fccklich angeforderten Informationen, ist nicht gestattet. Rechtliche Schritte gegen die Versender von sogenannten Spammails bei Verst\u00f6ssen gegen dieses Verbot behalte ich mir ausdr\u00fccklich vor.<\/span><\/p>\n<p style=\"text-align: justify;\"><strong><span style=\"font-size: 12pt;\">5. Rechtswirksamkeit dieses Haftungsausschlusses<\/span><\/strong><br \/>\n<span style=\"font-size: 10pt;\"> Dieser Haftungsausschluss ist Teil meines Internetangebotes. Sofern Teile oder einzelne Formulierungen dieses Textes der geltenden Rechtslage nicht, nicht mehr oder nicht vollst\u00e4ndig entsprechen sollten, bleiben die \u00fcbrigen Teile des Dokumentes in ihrem Inhalt und ihrer G\u00fcltigkeit davon unber\u00fchrt.<\/span><\/p>\n","protected":false},"excerpt":{"rendered":"<p>Dies ist eine private Webseite von Andreas Eibler Graz Inhalt: verschiedene Informationen zu alternativen Heilmethoden und Fotografie &nbsp; &nbsp; Haftungsausschluss 1. Inhalt meiner Seiten Ich \u00fcbernehme keinerlei Gew\u00e4hr f\u00fcr die Aktualit\u00e4t, Korrektheit, Vollst\u00e4ndigkeit oder Qualit\u00e4t der bereitgestellten Informationen. Haftungsanspr\u00fcche gegen mich, welche sich auf Sch\u00e4den jedweder Art beziehen, die durch die Nutzung oder Nichtnutzung der &hellip; <a href=\"http:\/\/www.aegrz.at\/wordpress\/?page_id=44\" class=\"more-link\"><span class=\"screen-reader-text\">Impressum<\/span> weiterlesen <span class=\"meta-nav\">&rarr;<\/span><\/a><\/p>\n","protected":false},"author":2,"featured_media":0,"parent":0,"menu_order":99,"comment_status":"closed","ping_status":"closed","template":"","meta":{"ngg_post_thumbnail":0,"footnotes":""},"_links":{"self":[{"href":"http:\/\/www.aegrz.at\/wordpress\/index.php?rest_route=\/wp\/v2\/pages\/44"}],"collection":[{"href":"http:\/\/www.aegrz.at\/wordpress\/index.php?rest_route=\/wp\/v2\/pages"}],"about":[{"href":"http:\/\/www.aegrz.at\/wordpress\/index.php?rest_route=\/wp\/v2\/types\/page"}],"author":[{"embeddable":true,"href":"http:\/\/www.aegrz.at\/wordpress\/index.php?rest_route=\/wp\/v2\/users\/2"}],"replies":[{"embeddable":true,"href":"http:\/\/www.aegrz.at\/wordpress\/index.php?rest_route=%2Fwp%2Fv2%2Fcomments&post=44"}],"version-history":[{"count":4,"href":"http:\/\/www.aegrz.at\/wordpress\/index.php?rest_route=\/wp\/v2\/pages\/44\/revisions"}],"predecessor-version":[{"id":638,"href":"http:\/\/www.aegrz.at\/wordpress\/index.php?rest_route=\/wp\/v2\/pages\/44\/revisions\/638"}],"wp:attachment":[{"href":"http:\/\/www.aegrz.at\/wordpress\/index.php?rest_route=%2Fwp%2Fv2%2Fmedia&parent=44"}],"curies":[{"name":"wp","href":"https:\/\/api.w.org\/{rel}","templated":true}]}}