{"id":567,"date":"2015-02-14T22:26:19","date_gmt":"2015-02-14T21:26:19","guid":{"rendered":"http:\/\/www.aegrz.at\/wordpress\/?page_id=567"},"modified":"2015-02-20T11:06:22","modified_gmt":"2015-02-20T10:06:22","slug":"schuessler-salz-nr-1-calcium-fluoratum","status":"publish","type":"page","link":"http:\/\/www.aegrz.at\/wordpress\/?page_id=567","title":{"rendered":"Sch\u00fc\u00dfler-Salz Nr. 1 Calcium fluoratum"},"content":{"rendered":"<p style=\"padding-left: 60px;\"><img loading=\"lazy\" decoding=\"async\" class=\" size-medium wp-image-529 alignleft\" src=\"http:\/\/www.aegrz.at\/wordpress\/wp-content\/uploads\/Schuessler_01-200x300.jpg\" alt=\"Schuessler_01\" width=\"200\" height=\"300\" srcset=\"http:\/\/www.aegrz.at\/wordpress\/wp-content\/uploads\/Schuessler_01-200x300.jpg 200w, http:\/\/www.aegrz.at\/wordpress\/wp-content\/uploads\/Schuessler_01.jpg 533w\" sizes=\"(max-width: 200px) 100vw, 200px\" \/><strong>Nr. 1 Calcium fluoratum D12<\/strong><\/p>\n<p style=\"text-align: justify;\"><em>Erh\u00e4lt die Elastizit\u00e4t in den Muskeln, B\u00e4ndern Geweben und Gef\u00e4ssen. H\u00e4rtet den Zahnschmelz und bildet sch\u00fctzende H\u00fcllen, Gef\u00e4sse<\/em><\/p>\n<p style=\"text-align: justify;\">Bei Haut- und Knochenproblemen, Gewebeerschlaffung, Muskelschw\u00e4che, Osteoporose, Hornhaut, H\u00e4morrhoiden, Krampfadern, Organsenkungen, Senkf\u00fcsse, Zahnerkrankungen, Karies, br\u00fcchige N\u00e4gel, rissige H\u00e4nde \/ Lippen, Schwangerschafts Streifen<\/p>\n<p>&nbsp;<\/p>\n<p><em><br \/>\nModalit\u00e4ten<\/em><br \/>\n<em>Zunge<\/em>: \u00a0rissig, borkig, trocken, braun<br \/>\n<em>Schlimmer<\/em>:\u00a0 feuchtes Wetter, K\u00e4lte, zwischen 7 und 10 Uhr, Sodbrennen 1 \u2013 2 Std. nach dem Essen<br \/>\n<em>Besser<\/em>: \u00a0W\u00e4rme, l\u00e4ngere langsame Bewegung<br \/>\n<em>Absonderungen<\/em>:\u00a0 trocken, trocknen schnell zu Krusten<br \/>\n<em>Weitere<\/em>:\u00a0 erwachen in 2. Nachth\u00e4lfte, N\u00e4gel L\u00e4ngsrillen, H\u00e4utchen beissen an den Fingern<\/p>\n<p>Immer wenn etwas verh\u00e4rtet oder zu weich ist. Ist f\u00fcr die Geschmeidigkeit zust\u00e4ndig.<br \/>\nZum Beispiel: zu weiche oder br\u00fcchige N\u00e4gel.<br \/>\nBei Erschlaffung<br \/>\nZum Beispiel: Organsenkungen, Blaseninkontinenz, wenn der Schliessmuskel nicht mehr richtig schliesst.<br \/>\nSchlottergelenken, immer wieder umknicken des Fusses.<br \/>\nBei Formverlust<br \/>\nZum Beispiel: beim Halux Valgus, hier unbedingt auch die Creme Nr. 1 anwenden und Fussb\u00e4der machen. Auf die \u00dcbers\u00e4uerung achten, basische Ern\u00e4hrung. Zus\u00e4tzliche Salze\u00a0Nr. 2, 9, 10<br \/>\nFersensporn, \u00dcberbein, zus\u00e4tzlich Nr. 10 und Nr. 1 + 10 als Creme<br \/>\nMacht beim Zahnen von Kindern das Zahnfleisch weicher, damit der Zahn leichter durchstossen kann.<br \/>\nIn der Schwangerschaft, im letzten Monat und nach der Geburt\u00a0den Damm t\u00e4glich mit der Nr. 1 massieren,\u00a0macht das Gewebe\u00a0geschmeidig\u00a0und pflegt Riss\/Schnitt danach.<br \/>\nUm das Gewebe des Bauches elastisch zu erhalten und damit Streifen vorzubeugen\u00a0ab dem 3. Monat t\u00e4glich eincremen.<br \/>\nWenn es beim Socken ausziehen ganz kleine feine weisse\u00a0Sch\u00fcppchen schneit , das ist ein klares Zeichen f\u00fcr dieses Mineral. Auch Sch\u00fcppchen im Gesicht deuten auf den Bedarf der Nr. 1 hin.<br \/>\nHier kann die Nr. 1 innerlich und \u00e4usserlich angewendet werden.<br \/>\nBei wulstig verwachsenen Narben. T\u00e4glich eincremen, lange anwenden, Nr. 1 geh\u00f6rt zu den langsam wirkenden Mineralstoffen.<\/p>\n<p>Im Mentalen Bereich: einen Standpunkt einnehmen<\/p>\n<p><strong>Tipp<br \/>\n<\/strong>ab dem 40-sten Lebensjahr, t\u00e4glich 3 Tabletten Nr. 1 lutschen. Erh\u00e4lt flexibel, beweglich und geschmeidig in K\u00f6rper und Geist bis ins hohe Alter.<\/p>\n<p>&nbsp;<\/p>\n<p><a title=\"Healhouse\" href=\"http:\/\/www.healhouse.ch\" target=\"_blank\"><img loading=\"lazy\" decoding=\"async\" class=\" alignnone\" src=\"http:\/\/www.healhouse.ch\/fileadmin\/templates\/healhouse\/design\/images\/header.jpg\" alt=\"\" width=\"353\" height=\"76\" \/><\/a><br \/>\n<span style=\"font-size: 10pt;\">Dieser Text wurde mit freundlicher Genehmigung von<\/span><br \/>\n<span style=\"line-height: 1.5; font-size: 10pt;\"> <a title=\"Healhouse\" href=\"http:\/\/www.healhouse.ch\" target=\"_blank\">Melanie Keller (http:\/\/www.healhouse.ch)<\/a>, zur Verf\u00fcgung gestellt.<\/span><\/p>\n<p>&nbsp;<\/p>\n<p>&nbsp;<\/p>\n","protected":false},"excerpt":{"rendered":"<p>Nr. 1 Calcium fluoratum D12 Erh\u00e4lt die Elastizit\u00e4t in den Muskeln, B\u00e4ndern Geweben und Gef\u00e4ssen. H\u00e4rtet den Zahnschmelz und bildet sch\u00fctzende H\u00fcllen, Gef\u00e4sse Bei Haut- und Knochenproblemen, Gewebeerschlaffung, Muskelschw\u00e4che, Osteoporose, Hornhaut, H\u00e4morrhoiden, Krampfadern, Organsenkungen, Senkf\u00fcsse, Zahnerkrankungen, Karies, br\u00fcchige N\u00e4gel, rissige H\u00e4nde \/ Lippen, Schwangerschafts Streifen &nbsp; Modalit\u00e4ten Zunge: \u00a0rissig, borkig, trocken, braun Schlimmer:\u00a0 feuchtes Wetter, &hellip; <a href=\"http:\/\/www.aegrz.at\/wordpress\/?page_id=567\" class=\"more-link\"><span class=\"screen-reader-text\">Sch\u00fc\u00dfler-Salz Nr. 1 Calcium fluoratum<\/span> weiterlesen <span class=\"meta-nav\">&rarr;<\/span><\/a><\/p>\n","protected":false},"author":2,"featured_media":0,"parent":639,"menu_order":1,"comment_status":"closed","ping_status":"closed","template":"","meta":{"ngg_post_thumbnail":0,"footnotes":""},"_links":{"self":[{"href":"http:\/\/www.aegrz.at\/wordpress\/index.php?rest_route=\/wp\/v2\/pages\/567"}],"collection":[{"href":"http:\/\/www.aegrz.at\/wordpress\/index.php?rest_route=\/wp\/v2\/pages"}],"about":[{"href":"http:\/\/www.aegrz.at\/wordpress\/index.php?rest_route=\/wp\/v2\/types\/page"}],"author":[{"embeddable":true,"href":"http:\/\/www.aegrz.at\/wordpress\/index.php?rest_route=\/wp\/v2\/users\/2"}],"replies":[{"embeddable":true,"href":"http:\/\/www.aegrz.at\/wordpress\/index.php?rest_route=%2Fwp%2Fv2%2Fcomments&post=567"}],"version-history":[{"count":12,"href":"http:\/\/www.aegrz.at\/wordpress\/index.php?rest_route=\/wp\/v2\/pages\/567\/revisions"}],"predecessor-version":[{"id":686,"href":"http:\/\/www.aegrz.at\/wordpress\/index.php?rest_route=\/wp\/v2\/pages\/567\/revisions\/686"}],"up":[{"embeddable":true,"href":"http:\/\/www.aegrz.at\/wordpress\/index.php?rest_route=\/wp\/v2\/pages\/639"}],"wp:attachment":[{"href":"http:\/\/www.aegrz.at\/wordpress\/index.php?rest_route=%2Fwp%2Fv2%2Fmedia&parent=567"}],"curies":[{"name":"wp","href":"https:\/\/api.w.org\/{rel}","templated":true}]}}