{"id":581,"date":"2015-02-14T22:51:15","date_gmt":"2015-02-14T21:51:15","guid":{"rendered":"http:\/\/www.aegrz.at\/wordpress\/?page_id=581"},"modified":"2015-02-20T11:06:51","modified_gmt":"2015-02-20T10:06:51","slug":"schuessler-salz-nr-2-calcium-phosphoricum","status":"publish","type":"page","link":"http:\/\/www.aegrz.at\/wordpress\/?page_id=581","title":{"rendered":"Sch\u00fc\u00dfler-Salz Nr. 2 Calcium phosphoricum"},"content":{"rendered":"<p style=\"padding-left: 60px;\"><img loading=\"lazy\" decoding=\"async\" class=\" size-medium wp-image-530 alignleft\" src=\"http:\/\/www.aegrz.at\/wordpress\/wp-content\/uploads\/Schuessler_02-200x300.jpg\" alt=\"Schuessler_02\" width=\"200\" height=\"300\" srcset=\"http:\/\/www.aegrz.at\/wordpress\/wp-content\/uploads\/Schuessler_02-200x300.jpg 200w, http:\/\/www.aegrz.at\/wordpress\/wp-content\/uploads\/Schuessler_02.jpg 533w\" sizes=\"(max-width: 200px) 100vw, 200px\" \/><strong>Nr. 2 Calcium phosphoricum D6<\/strong><\/p>\n<p style=\"text-align: justify;\"><em>Wird f\u00fcr den Eiweissaufbau gebraucht, f\u00fcr Knochen-, Blut- und Zellaufbau wichtig. F\u00fcr die willk\u00fcrlichen Muskeln<\/em><\/p>\n<p style=\"text-align: justify;\">Hauptsalz bei allen Regenerationsprozessen, Blutbildung, Osteoporose, stabilisiert S\u00e4ure, st\u00e4rkt das Immunsystem, Entspannung, Kr\u00e4mpfe der Muskulatur, Durchblutungsst\u00f6rungen, Kribbeln, Taubheitsgef\u00fchl, Hexenschuss, Schlafst\u00f6rungen, Depressionen, Konzentrationsst\u00f6rungen, Eiweissallergie, Allergien allgemein, Wetterempfindlichkeit, Frauenmittel, Schwangerschaft, Stillzeit, Kindermittel, Wachstumsschmerzen bei Kindern<\/p>\n<p><em>Modalit\u00e4ten<\/em><br \/>\n<em>Zunge:<\/em> dick, pelzig, weisser Belag<br \/>\n<em>Schlimmer:<\/em> feuchtes Wetter, nachts, Ruhe<br \/>\n<em>Besser:<\/em> Bewegung, warmes Wetter<br \/>\n<em>Absonderungen:<\/em> milchig glasig, eiweisshaltig flockig<br \/>\n<em>Weitere:<\/em> Nachtschweiss, Knochenschmerzen bei Wetterwechsel, Aufwachen zwischen 02 und 03 Uhr<\/p>\n<p>Das Aufbaumittel, f\u00fcr KINDER, KNOCHEN und den Calciumstoffwechsel.<br \/>\nWichtig w\u00e4hrend der ganzen Schwangerschaft f\u00fcr die Neubildung der Zellen. Fr\u00fcher gab es einen Spruch, \u00a8jedes Kind kostet die Mutter einen Zahn\u00a8, da beugt die Nr. 2 vor. Ideal, noch ca. 14 Wochen nach der Geburt anwenden.<br \/>\nKINDERMITTEL: Schreikinder, Wachstumsschmerzen in den Beinen, Lernschwierigkeiten, Konzentrationsst\u00f6rungen, Zappel-Philipp. Ist bei Kindern f\u00fcr die Zellneubildung besonders wichtig.<br \/>\nNeben der innerlichen Anwendung, Kindern die Creme morgens und abends zwischen den Schulterbl\u00e4ttern einreiben.<br \/>\nDieses Mineral regeneriert, repariert und restauriert, leget den Teppich f\u00fcr alles andere aus. F\u00fcr alle Abl\u00e4ufe im K\u00f6rper braucht es Calcium phosphoricum. Ja auch f\u00fcrs in die Tastatur tippen oder lesen dieses Eintrages.<br \/>\nIst in der Rekonvaleszenz wichtig.<br \/>\nBei Knochenbr\u00fcchen, Osteoporose<br \/>\nBei Ersch\u00f6pfung, M\u00fcdigkeit, wenn Tr\u00e4ge und Kraftlos.<br \/>\nBeruhigt und entspannt.<br \/>\nZum Durchschlafen ein paar Tabletten Nr. 2 vor dem schlafen gehen lutschen.<\/p>\n<p>Im mentalen Bereich: muss sich durchsetzen<\/p>\n<p><strong>Tipp<\/strong><br \/>\nEnergieschaukel:<br \/>\nMorgens Nr. 2 Calcium phosphoricum 10 Tabletten heiss f\u00fcr die Substanz<br \/>\nMittags Nr. 5 Kalium phosphoricum 10 Tabletten heiss f\u00fcr die Kraft, Energie<br \/>\nAbends Nr. 7 Magnesium phosphoricum 10 Tabletten heiss reguliert den Rhythmus<\/p>\n<p>&nbsp;<\/p>\n<p><a title=\"Healhouse\" href=\"http:\/\/www.healhouse.ch\" target=\"_blank\"><img loading=\"lazy\" decoding=\"async\" class=\" alignnone\" src=\"http:\/\/www.healhouse.ch\/fileadmin\/templates\/healhouse\/design\/images\/header.jpg\" alt=\"\" width=\"353\" height=\"76\" \/><\/a><br \/>\n<span style=\"font-size: 10pt;\">Dieser Text wurde mit freundlicher Genehmigung von<\/span><br \/>\n<span style=\"line-height: 1.5; font-size: 10pt;\"><a title=\"Healhouse\" href=\"http:\/\/www.healhouse.ch\" target=\"_blank\">Melanie Keller (http:\/\/www.healhouse.ch)<\/a>, zur Verf\u00fcgung gestellt.<\/span><\/p>\n","protected":false},"excerpt":{"rendered":"<p>Nr. 2 Calcium phosphoricum D6 Wird f\u00fcr den Eiweissaufbau gebraucht, f\u00fcr Knochen-, Blut- und Zellaufbau wichtig. F\u00fcr die willk\u00fcrlichen Muskeln Hauptsalz bei allen Regenerationsprozessen, Blutbildung, Osteoporose, stabilisiert S\u00e4ure, st\u00e4rkt das Immunsystem, Entspannung, Kr\u00e4mpfe der Muskulatur, Durchblutungsst\u00f6rungen, Kribbeln, Taubheitsgef\u00fchl, Hexenschuss, Schlafst\u00f6rungen, Depressionen, Konzentrationsst\u00f6rungen, Eiweissallergie, Allergien allgemein, Wetterempfindlichkeit, Frauenmittel, Schwangerschaft, Stillzeit, Kindermittel, Wachstumsschmerzen bei Kindern Modalit\u00e4ten Zunge: &hellip; <a href=\"http:\/\/www.aegrz.at\/wordpress\/?page_id=581\" class=\"more-link\"><span class=\"screen-reader-text\">Sch\u00fc\u00dfler-Salz Nr. 2 Calcium phosphoricum<\/span> weiterlesen <span class=\"meta-nav\">&rarr;<\/span><\/a><\/p>\n","protected":false},"author":2,"featured_media":0,"parent":639,"menu_order":2,"comment_status":"closed","ping_status":"closed","template":"","meta":{"ngg_post_thumbnail":0,"footnotes":""},"_links":{"self":[{"href":"http:\/\/www.aegrz.at\/wordpress\/index.php?rest_route=\/wp\/v2\/pages\/581"}],"collection":[{"href":"http:\/\/www.aegrz.at\/wordpress\/index.php?rest_route=\/wp\/v2\/pages"}],"about":[{"href":"http:\/\/www.aegrz.at\/wordpress\/index.php?rest_route=\/wp\/v2\/types\/page"}],"author":[{"embeddable":true,"href":"http:\/\/www.aegrz.at\/wordpress\/index.php?rest_route=\/wp\/v2\/users\/2"}],"replies":[{"embeddable":true,"href":"http:\/\/www.aegrz.at\/wordpress\/index.php?rest_route=%2Fwp%2Fv2%2Fcomments&post=581"}],"version-history":[{"count":4,"href":"http:\/\/www.aegrz.at\/wordpress\/index.php?rest_route=\/wp\/v2\/pages\/581\/revisions"}],"predecessor-version":[{"id":687,"href":"http:\/\/www.aegrz.at\/wordpress\/index.php?rest_route=\/wp\/v2\/pages\/581\/revisions\/687"}],"up":[{"embeddable":true,"href":"http:\/\/www.aegrz.at\/wordpress\/index.php?rest_route=\/wp\/v2\/pages\/639"}],"wp:attachment":[{"href":"http:\/\/www.aegrz.at\/wordpress\/index.php?rest_route=%2Fwp%2Fv2%2Fmedia&parent=581"}],"curies":[{"name":"wp","href":"https:\/\/api.w.org\/{rel}","templated":true}]}}