{"id":587,"date":"2015-02-14T22:54:37","date_gmt":"2015-02-14T21:54:37","guid":{"rendered":"http:\/\/www.aegrz.at\/wordpress\/?page_id=587"},"modified":"2015-02-20T11:07:00","modified_gmt":"2015-02-20T10:07:00","slug":"schuessler-salz-nr-3-ferrum-phosphoricum","status":"publish","type":"page","link":"http:\/\/www.aegrz.at\/wordpress\/?page_id=587","title":{"rendered":"Sch\u00fc\u00dfler-Salz Nr. 3 Ferrum phosphoricum"},"content":{"rendered":"<p style=\"padding-left: 60px;\"><img loading=\"lazy\" decoding=\"async\" class=\" size-medium wp-image-531 alignleft\" src=\"http:\/\/www.aegrz.at\/wordpress\/wp-content\/uploads\/Schuessler_03-200x300.jpg\" alt=\"Schuessler_03\" width=\"200\" height=\"300\" srcset=\"http:\/\/www.aegrz.at\/wordpress\/wp-content\/uploads\/Schuessler_03-200x300.jpg 200w, http:\/\/www.aegrz.at\/wordpress\/wp-content\/uploads\/Schuessler_03.jpg 533w\" sizes=\"(max-width: 200px) 100vw, 200px\" \/><strong>Nr. 3 Ferrum phosphoricum D12<\/strong><\/p>\n<p style=\"text-align: justify;\"><em>Bindet Sauerstoff in den roten Blutk\u00f6rperchen, wirkt entz\u00fcndungshemmend, Regulation\/Fieber<\/em><\/p>\n<p style=\"text-align: justify;\">Infektionen\/Entz\u00fcndungen im 1. Stadium, <strong>erste Hilfemittel<\/strong>, Verletzungen, Verstauchungen, Quetschungen, Sport, wirkt antiseptisch (desinfizierend), Sauerstofftr\u00e4ger, st\u00e4rkt Immunsystem, Erk\u00e4ltung, Grippe, Fieber egal wie hoch ab 38.8 Grad C mit Nr. 5 kombinieren, \u00fcberall wo es <strong>rot und heiss ist<\/strong>, wenn K\u00e4lte hilft, Wechsel zwischen Verstopfung und Durchfall, Reizdarm, brummende\/pochende Ohrger\u00e4usche, Eisenhaushalt<\/p>\n<p><em>Modalit\u00e4ten<\/em><br \/>\n<em>Zunge<\/em>: rein, hell<br \/>\n<em>Schlimmer<\/em>: nachts, W\u00e4rme, Bewegung<br \/>\n<em>Besser<\/em>: Ruhe, K\u00e4lte<br \/>\n<em>Absonderungen<\/em>: starke Regelblutungen, Blutungen<br \/>\n<em>Weitere:<\/em> schnell blaue Flecken, T-Shirt im Winter, Hitzige Typen, abends m\u00fche zur Ruhe zu kommen<\/p>\n<p>\u00dcbertr\u00e4gt den Sauerstoff von der Lunge ins Blut. Versorgt den K\u00f6rper dadurch mit gen\u00fcgend O2. Sollte immer und \u00fcberall mit dabei sein. Wenn alle um einen herum husten und schnupfen, dann ganz diskret in die Dose oder Beutel mit der Nr. 3 greifen und 1 bis 2 Tabletten\u00a0lutschen. Bei Anzeichen von Erk\u00e4ltungen etc. kann die Nr. 3 auch vorbeugend genommen werden.<br \/>\nBei hartn\u00e4ckigen blauen Flecken, H\u00e4matomen, die nicht mehr weg gehen wollen, die Nr. 3 als Salbe oder Creme auftragen.<br \/>\nKalte F\u00fcsse, H\u00e4nde oder Ohren, die durch nichts warm werden. Innerlich einnehmen\u00a0und \u00e4usserlich als Creme anwenden.<br \/>\nNasenbluten bei Erwachsenen, die Nr. 3 auf dem Nasensteg auftragen, Bei Kindern, die Nr. 2 Calcium phosphoricum D6<br \/>\nBei Anstrengung schnell ausser Atem kommen, zum Beispiel beim Treppensteigen schon nach kurzer Zeit.<br \/>\nWenn Anstrengung Heiserkeit ausl\u00f6st, angestrengte Stimme. Tolles Mittel um die Stimme zu unterst\u00fctzen wer in einem Chor oder auch Solo singt\u00a0sollte dies unbedingt ausprobieren und hier seine Erfahrung teilen.<br \/>\nZum Einschlafen, wenn einem st\u00e4ndig 1000 Gedanken durch den Kopf wirbeln.<br \/>\nHilft beim Lernen in die Konzentration zu kommen.<\/p>\n<p>Im mentalen Bereich: mehr Energie um das zu tun, was man tun muss. F\u00fcnfe grad sein lassen k\u00f6nnen.<br \/>\nSich schwer tun mit Entscheidungen, durch das TV Programm zappen ohne sich f\u00fcr einen Sender oder das Bett entscheiden zu k\u00f6nnen. 5 B\u00fccher kaufen, wenn es auch eines getan h\u00e4tte. Erkennt sich jemand wieder?<\/p>\n<p><strong>Tipp<\/strong><br \/>\nF\u00fcr den Sport in der Wasserflasche mitnehmen. Muskelkater vorbeugen<\/p>\n<p>&nbsp;<\/p>\n<p><a title=\"Healhouse\" href=\"http:\/\/www.healhouse.ch\" target=\"_blank\"><img loading=\"lazy\" decoding=\"async\" class=\" alignnone\" src=\"http:\/\/www.healhouse.ch\/fileadmin\/templates\/healhouse\/design\/images\/header.jpg\" alt=\"\" width=\"353\" height=\"76\" \/><\/a><br \/>\n<span style=\"font-size: 10pt;\">Dieser Text wurde mit freundlicher Genehmigung von<\/span><br \/>\n<span style=\"line-height: 1.5; font-size: 10pt;\"><a title=\"Healhouse\" href=\"http:\/\/www.healhouse.ch\" target=\"_blank\">Melanie Keller (http:\/\/www.healhouse.ch)<\/a>, zur Verf\u00fcgung gestellt.<\/span><\/p>\n","protected":false},"excerpt":{"rendered":"<p>Nr. 3 Ferrum phosphoricum D12 Bindet Sauerstoff in den roten Blutk\u00f6rperchen, wirkt entz\u00fcndungshemmend, Regulation\/Fieber Infektionen\/Entz\u00fcndungen im 1. Stadium, erste Hilfemittel, Verletzungen, Verstauchungen, Quetschungen, Sport, wirkt antiseptisch (desinfizierend), Sauerstofftr\u00e4ger, st\u00e4rkt Immunsystem, Erk\u00e4ltung, Grippe, Fieber egal wie hoch ab 38.8 Grad C mit Nr. 5 kombinieren, \u00fcberall wo es rot und heiss ist, wenn K\u00e4lte hilft, Wechsel &hellip; <a href=\"http:\/\/www.aegrz.at\/wordpress\/?page_id=587\" class=\"more-link\"><span class=\"screen-reader-text\">Sch\u00fc\u00dfler-Salz Nr. 3 Ferrum phosphoricum<\/span> weiterlesen <span class=\"meta-nav\">&rarr;<\/span><\/a><\/p>\n","protected":false},"author":2,"featured_media":0,"parent":639,"menu_order":3,"comment_status":"closed","ping_status":"closed","template":"","meta":{"ngg_post_thumbnail":0,"footnotes":""},"_links":{"self":[{"href":"http:\/\/www.aegrz.at\/wordpress\/index.php?rest_route=\/wp\/v2\/pages\/587"}],"collection":[{"href":"http:\/\/www.aegrz.at\/wordpress\/index.php?rest_route=\/wp\/v2\/pages"}],"about":[{"href":"http:\/\/www.aegrz.at\/wordpress\/index.php?rest_route=\/wp\/v2\/types\/page"}],"author":[{"embeddable":true,"href":"http:\/\/www.aegrz.at\/wordpress\/index.php?rest_route=\/wp\/v2\/users\/2"}],"replies":[{"embeddable":true,"href":"http:\/\/www.aegrz.at\/wordpress\/index.php?rest_route=%2Fwp%2Fv2%2Fcomments&post=587"}],"version-history":[{"count":6,"href":"http:\/\/www.aegrz.at\/wordpress\/index.php?rest_route=\/wp\/v2\/pages\/587\/revisions"}],"predecessor-version":[{"id":688,"href":"http:\/\/www.aegrz.at\/wordpress\/index.php?rest_route=\/wp\/v2\/pages\/587\/revisions\/688"}],"up":[{"embeddable":true,"href":"http:\/\/www.aegrz.at\/wordpress\/index.php?rest_route=\/wp\/v2\/pages\/639"}],"wp:attachment":[{"href":"http:\/\/www.aegrz.at\/wordpress\/index.php?rest_route=%2Fwp%2Fv2%2Fmedia&parent=587"}],"curies":[{"name":"wp","href":"https:\/\/api.w.org\/{rel}","templated":true}]}}