{"id":595,"date":"2015-02-14T23:05:37","date_gmt":"2015-02-14T22:05:37","guid":{"rendered":"http:\/\/www.aegrz.at\/wordpress\/?page_id=595"},"modified":"2015-03-03T18:13:54","modified_gmt":"2015-03-03T17:13:54","slug":"schuessler-salz-nr-4-kalium-chloratum","status":"publish","type":"page","link":"http:\/\/www.aegrz.at\/wordpress\/?page_id=595","title":{"rendered":"Sch\u00fc\u00dfler-Salz Nr. 4 Kalium chloratum"},"content":{"rendered":"<p style=\"padding-left: 60px;\"><img loading=\"lazy\" decoding=\"async\" class=\" size-medium wp-image-532 alignleft\" src=\"http:\/\/www.aegrz.at\/wordpress\/wp-content\/uploads\/Schuessler_04-200x300.jpg\" alt=\"Schuessler_04\" width=\"200\" height=\"300\" srcset=\"http:\/\/www.aegrz.at\/wordpress\/wp-content\/uploads\/Schuessler_04-200x300.jpg 200w, http:\/\/www.aegrz.at\/wordpress\/wp-content\/uploads\/Schuessler_04.jpg 533w\" sizes=\"(max-width: 200px) 100vw, 200px\" \/><strong>Nr. 4 Kalium chloratum D6<\/strong><\/p>\n<p style=\"text-align: justify;\"><em>Bildet den Faserstoff, reguliert die Giftausscheidung durch das Dr\u00fcsensystem, in den Schleimh\u00e4uten, bei Entz\u00fcndungen<\/em><\/p>\n<p style=\"text-align: justify;\">Infektionen\/Entz\u00fcndungen im 2. Stadium, das Schleimhautmittel, z\u00e4her Schleim, schleimiger Husten, Heiserkeit, weisser \/ f\u00e4den ziehender Speichel, Neben- \/ Stirnh\u00f6hlenkatarrh, Bronchitis etc., alles was auf -itis endet, alle Katarrhe, Mumps, vor und nach Impfungen, Entgiftung der Lymphe, Mandeln, Thromboseneigung, Viskosit\u00e4t (Fliessf\u00e4higkeit) des Blutes, Beziehung zu Gelenkschmiere, chronische Gelenkschwellungen<\/p>\n<p><em>Modalit\u00e4ten<\/em><br \/>\n<em>Zunge:<\/em> weiss, graue belegt, auch dick, weiss gelblich grau<br \/>\n<em>Schlimmer:<\/em> feuchtes Wetter, Bewegung, fette, gew\u00fcrzte Kost<br \/>\n<em>Besser:<\/em> W\u00e4rme, Ruhe<br \/>\n<em>Absonderungen:<\/em> weiss bis hellgrau, Faden Ziehend, Faserhaltig, Mehlartig, z\u00e4h<br \/>\n<em>Weitere:<\/em> vertr\u00e4gt keine kalten Getr\u00e4nke, kalter Hinterkopf, Kapuzenjacken<\/p>\n<p>Wenn die Absonderungen weiss und F\u00e4den ziehend (sorry nicht so appetitlich, aber so ist es nun mal) sind ist es ein klares Zeichen f\u00fcr dieses Mineral. Bei Katarrhen ist dies oft zu beobachten.<br \/>\nF\u00fcr alle die sich leicht Erk\u00e4lten<br \/>\nBaut die Schleimhaut auf, deshalb auch ganz wichtig f\u00fcr die Lunge, Magen, Darm.<br \/>\nAlles was mit Schleimhaut ausgekleidet ist.<br \/>\nMan denke hier auch an den Magendarmkatarrh<br \/>\nBei Ausfluss<br \/>\noft ein sehr wirksames Mittel bei Hautst\u00f6rungen, zum Beispiel bei Hautgriess<br \/>\nWarzen, Aphten<br \/>\nHat eine hohe Bindungsf\u00e4higkeit mit toxischen Stoffen<br \/>\nDeshalb sehr gut zum Ausleiten nach Impfungen oder Narkose.<br \/>\n<strong>WICHTIG<\/strong> w\u00e4hrend einer Antibiotika Kur und Chemotherapie nicht anwenden.<\/p>\n<p>Im mentalen Bereich: Bed\u00fcrfnis nach Schutz und Zuwendung, \u00e4rgert sich \u00fcber alles<\/p>\n<p><strong>Tipp<\/strong><br \/>\n<em>Vorbereitung auf Operation oder Impfung:<\/em><br \/>\nVorher: 4 Wochen lang t\u00e4glich Nr. 4 Kalium chloratum D6 3 x 2 Tabletten<br \/>\nNachher: Nr. 4 Kalium chloratum D6, Nr. 6 Kalium sulfuricum D6, Nr. 10 Natrium sulfuricum D6 je 3x 1-2 Tabletten<\/p>\n<p>&nbsp;<\/p>\n<p><a title=\"Healhouse\" href=\"http:\/\/www.healhouse.ch\" target=\"_blank\"><img loading=\"lazy\" decoding=\"async\" class=\" alignnone\" src=\"http:\/\/www.healhouse.ch\/fileadmin\/templates\/healhouse\/design\/images\/header.jpg\" alt=\"\" width=\"353\" height=\"76\" \/><\/a><br \/>\n<span style=\"font-size: 10pt;\">Dieser Text wurde mit freundlicher Genehmigung von<\/span><br \/>\n<span style=\"line-height: 1.5; font-size: 10pt;\"><a title=\"Healhouse\" href=\"http:\/\/www.healhouse.ch\" target=\"_blank\">Melanie Keller (http:\/\/www.healhouse.ch)<\/a>, zur Verf\u00fcgung gestellt.<\/span><\/p>\n","protected":false},"excerpt":{"rendered":"<p>Nr. 4 Kalium chloratum D6 Bildet den Faserstoff, reguliert die Giftausscheidung durch das Dr\u00fcsensystem, in den Schleimh\u00e4uten, bei Entz\u00fcndungen Infektionen\/Entz\u00fcndungen im 2. Stadium, das Schleimhautmittel, z\u00e4her Schleim, schleimiger Husten, Heiserkeit, weisser \/ f\u00e4den ziehender Speichel, Neben- \/ Stirnh\u00f6hlenkatarrh, Bronchitis etc., alles was auf -itis endet, alle Katarrhe, Mumps, vor und nach Impfungen, Entgiftung der Lymphe, &hellip; <a href=\"http:\/\/www.aegrz.at\/wordpress\/?page_id=595\" class=\"more-link\"><span class=\"screen-reader-text\">Sch\u00fc\u00dfler-Salz Nr. 4 Kalium chloratum<\/span> weiterlesen <span class=\"meta-nav\">&rarr;<\/span><\/a><\/p>\n","protected":false},"author":2,"featured_media":0,"parent":639,"menu_order":4,"comment_status":"closed","ping_status":"closed","template":"","meta":{"ngg_post_thumbnail":0,"footnotes":""},"_links":{"self":[{"href":"http:\/\/www.aegrz.at\/wordpress\/index.php?rest_route=\/wp\/v2\/pages\/595"}],"collection":[{"href":"http:\/\/www.aegrz.at\/wordpress\/index.php?rest_route=\/wp\/v2\/pages"}],"about":[{"href":"http:\/\/www.aegrz.at\/wordpress\/index.php?rest_route=\/wp\/v2\/types\/page"}],"author":[{"embeddable":true,"href":"http:\/\/www.aegrz.at\/wordpress\/index.php?rest_route=\/wp\/v2\/users\/2"}],"replies":[{"embeddable":true,"href":"http:\/\/www.aegrz.at\/wordpress\/index.php?rest_route=%2Fwp%2Fv2%2Fcomments&post=595"}],"version-history":[{"count":4,"href":"http:\/\/www.aegrz.at\/wordpress\/index.php?rest_route=\/wp\/v2\/pages\/595\/revisions"}],"predecessor-version":[{"id":689,"href":"http:\/\/www.aegrz.at\/wordpress\/index.php?rest_route=\/wp\/v2\/pages\/595\/revisions\/689"}],"up":[{"embeddable":true,"href":"http:\/\/www.aegrz.at\/wordpress\/index.php?rest_route=\/wp\/v2\/pages\/639"}],"wp:attachment":[{"href":"http:\/\/www.aegrz.at\/wordpress\/index.php?rest_route=%2Fwp%2Fv2%2Fmedia&parent=595"}],"curies":[{"name":"wp","href":"https:\/\/api.w.org\/{rel}","templated":true}]}}