{"id":599,"date":"2015-02-14T23:11:53","date_gmt":"2015-02-14T22:11:53","guid":{"rendered":"http:\/\/www.aegrz.at\/wordpress\/?page_id=599"},"modified":"2015-03-21T14:58:04","modified_gmt":"2015-03-21T13:58:04","slug":"schuessler-salz-nr-5-kalium-phosphoricum","status":"publish","type":"page","link":"http:\/\/www.aegrz.at\/wordpress\/?page_id=599","title":{"rendered":"Sch\u00fc\u00dfler-Salz Nr. 5 Kalium phosphoricum"},"content":{"rendered":"<p style=\"padding-left: 60px;\"><img loading=\"lazy\" decoding=\"async\" class=\" size-medium wp-image-533 alignleft\" src=\"http:\/\/www.aegrz.at\/wordpress\/wp-content\/uploads\/Schuessler_05-200x300.jpg\" alt=\"Schuessler_05\" width=\"200\" height=\"300\" srcset=\"http:\/\/www.aegrz.at\/wordpress\/wp-content\/uploads\/Schuessler_05-200x300.jpg 200w, http:\/\/www.aegrz.at\/wordpress\/wp-content\/uploads\/Schuessler_05.jpg 533w\" sizes=\"(max-width: 200px) 100vw, 200px\" \/><strong>Nr. 5 Kalium phosphoricum D6<\/strong><\/p>\n<p style=\"text-align: justify;\"><em>Antiseptikum, Abbau von F\u00e4ulnis- und Erm\u00fcdungsgiften, Anregung des Organismus durch Sympathikus F\u00f6rderung, in Hirn und Nervenzellen, Nervennahrung, Kraft<\/em><\/p>\n<p style=\"text-align: justify;\">Ersch\u00f6pfung, M\u00fcdigkeit seelischer und k\u00f6rperlicher Natur,\u00a0\u00a0das Ausdauermittel, Sch\u00fcler, zum Lernen, Sportler etc.<br \/>\nalle nervlich bedingten St\u00f6rungen, Stress aller Art, schlechtes Ged\u00e4chtnis, Platzangst, Depression, Weinerlichkeit, Fieber \u00fcber 38.8\u00ba Grad in Kombination mit Nr. 3 Ferrum phosphoricum D12<br \/>\nRekonvaleszenz, Mundgeruch, Zahnfleischbluten \/ -schwund, Nagel- und Hautpilz, diffuses Hungergef\u00fchl nach dem Essen, Fastenbegleitung, Altersherz<\/p>\n<p><em>Modalit\u00e4ten<\/em><br \/>\n<em>Zunge:<\/em> gelb grau, senffarben belegt<br \/>\n<em>Schlimmer:<\/em> morgens Witterungswechsel, beginnende Bewegung, Ger\u00e4usche, Reize<br \/>\n<em>Besser:<\/em> lange, m\u00e4ssige Bewegung, W\u00e4rme<br \/>\n<em>Absonderungen:<\/em> aashaft-stinkend, \u00fcbelriechend (Schweiss)<br \/>\n<em>Weitere:<\/em> Anlaufschmerzen, n\u00e4chtliche Unruhe, Hunger nach dem Essen, wenn nichts hilft oder nur kurzfristig<\/p>\n<p>Bietet dem K\u00f6rper die Kraft sich selbst zu helfen. Wenn du nicht weisst, welches Mineral passt, dann nimm die Nr. 5, denn Kalium phosphoricum D6 liefert die Kraft, Ver\u00e4nderungen einzuleiten. Und wenn man an einer Ecke am Mobile zieht, dann bewegt sich das ganze Mobile und kann sich neu einschwingen.<br \/>\nF\u00fcr Kinder bei Heimweh, hilft bei \u00c4ngstlichkeit und Zaghaftigkeit<br \/>\nPr\u00fcfungsangst, Platzangst, Flugangst,\u00a0in Kombination mit der Nr. 7 wenn die Kraft zum Entspannen fehlt.<br \/>\nSchlafst\u00f6rungen der nerv\u00f6sen Art, wenn man zu ersch\u00f6pft, zu kaputt ist um zu schlafen, zuviele belastende Gedanken kreisen, Schichtarbeiter brauchen diesen Mineralstoff<br \/>\nWenn in einer Sitzung alle am G\u00e4hnen sind und am Sitzungstisch einschlafen k\u00f6nnten. Die Nr. 5 facht das Feuer wieder an. Gibt die Kraft zum Denken.<br \/>\nMan hat sich hingesetzt und beim Aufstehen st\u00f6hnt man weil einem alles weh tut und man w\u00fcnscht, man h\u00e4tte sich gar nicht erst hingesetzt. Anlaufschmerzen die durch die Bewegung besser werden.<br \/>\nErn\u00e4hrt die Hirnzellen, ist deshalb das Mittel f\u00fcrs Ged\u00e4chtnis, Jaaaaaaaaaaaaaaaaaaaaaaaaa<br \/>\nDeshalb zum Lernen ganz wichtig um die Kraft zu haben zu lernen.<br \/>\nDas diffuse Hungergef\u00fchl nach dem Essen, man pilgert in die K\u00fcche m\u00f6chte noch etwas essen, weiss aber nicht was, man l\u00e4sst es bleiben nur um etwas sp\u00e4ter erneut vor dem K\u00fcchenschrank zu stehen. Wer das kennt probiert 1 bis 2 Tabletten vor oder nach dem Essen zu lutschen.<br \/>\nOder man hat Hunger, mag aber nicht essen.<br \/>\nBeim Fasten um den K\u00f6rper nicht auszubeuten, zu ersch\u00f6pfen.<br \/>\nMundgeruch der durch nichts zu beheben ist, dieses Mineral ist eine wahre Wohltat f\u00fcr Betroffene und hat mir schon viele Dankesschreiben eingebracht.<br \/>\nBei morgendlichem Schwindel und nicht in die G\u00e4nge kommen. Das Mittel f\u00fcr alte Menschen.<\/p>\n<p>Im Mentalen Bereich: Je mehr ich leiste umso besser bin ich. Z\u00e4hne zusammenbeissen und weiter. Nur keine Schw\u00e4che zeigen.\u00a0Kann nicht mehr sch\u00f6pfend t\u00e4tig sein,\u00a0ist zu ersch\u00f6pft.<\/p>\n<p><strong>Tipp:<\/strong><br \/>\n<em>Lernmischung<\/em><br \/>\nNr. 3 Ferrum phosphoricum D12 f\u00fcr den Sauerstoff\u00a0in den\u00a0Hirnzellen<br \/>\nNr. 5 Kalium phosphoricum D6 f\u00fcr die Kraft in den Hirnzellen<br \/>\nNr. 8 Natrium chloratum D6 f\u00fcr die Klarheit in den Hirnzellen<br \/>\nje 5 bis 10 Tabletten im heissen Wasser aufl\u00f6sen oder einzeln lutschen.<br \/>\nStelle ich mir bei kniffligen Arbeiten gerne auf den Schreibtisch und lutsche immer mal wieder eine. Hilft konzentriert und motiviert zu arbeiten.<\/p>\n<p>&nbsp;<\/p>\n<p><a title=\"Healhouse\" href=\"http:\/\/www.healhouse.ch\" target=\"_blank\"><img loading=\"lazy\" decoding=\"async\" class=\" alignnone\" src=\"http:\/\/www.healhouse.ch\/fileadmin\/templates\/healhouse\/design\/images\/header.jpg\" alt=\"\" width=\"353\" height=\"76\" \/><\/a><br \/>\n<span style=\"font-size: 10pt;\">Dieser Text wurde mit freundlicher Genehmigung von<\/span><br \/>\n<span style=\"line-height: 1.5; font-size: 10pt;\"><a title=\"Healhouse\" href=\"http:\/\/www.healhouse.ch\" target=\"_blank\">Melanie Keller (http:\/\/www.healhouse.ch)<\/a>, zur Verf\u00fcgung gestellt.<\/span><\/p>\n","protected":false},"excerpt":{"rendered":"<p>Nr. 5 Kalium phosphoricum D6 Antiseptikum, Abbau von F\u00e4ulnis- und Erm\u00fcdungsgiften, Anregung des Organismus durch Sympathikus F\u00f6rderung, in Hirn und Nervenzellen, Nervennahrung, Kraft Ersch\u00f6pfung, M\u00fcdigkeit seelischer und k\u00f6rperlicher Natur,\u00a0\u00a0das Ausdauermittel, Sch\u00fcler, zum Lernen, Sportler etc. alle nervlich bedingten St\u00f6rungen, Stress aller Art, schlechtes Ged\u00e4chtnis, Platzangst, Depression, Weinerlichkeit, Fieber \u00fcber 38.8\u00ba Grad in Kombination mit Nr. &hellip; <a href=\"http:\/\/www.aegrz.at\/wordpress\/?page_id=599\" class=\"more-link\"><span class=\"screen-reader-text\">Sch\u00fc\u00dfler-Salz Nr. 5 Kalium phosphoricum<\/span> weiterlesen <span class=\"meta-nav\">&rarr;<\/span><\/a><\/p>\n","protected":false},"author":2,"featured_media":0,"parent":639,"menu_order":5,"comment_status":"closed","ping_status":"open","template":"","meta":{"ngg_post_thumbnail":0,"footnotes":""},"_links":{"self":[{"href":"http:\/\/www.aegrz.at\/wordpress\/index.php?rest_route=\/wp\/v2\/pages\/599"}],"collection":[{"href":"http:\/\/www.aegrz.at\/wordpress\/index.php?rest_route=\/wp\/v2\/pages"}],"about":[{"href":"http:\/\/www.aegrz.at\/wordpress\/index.php?rest_route=\/wp\/v2\/types\/page"}],"author":[{"embeddable":true,"href":"http:\/\/www.aegrz.at\/wordpress\/index.php?rest_route=\/wp\/v2\/users\/2"}],"replies":[{"embeddable":true,"href":"http:\/\/www.aegrz.at\/wordpress\/index.php?rest_route=%2Fwp%2Fv2%2Fcomments&post=599"}],"version-history":[{"count":4,"href":"http:\/\/www.aegrz.at\/wordpress\/index.php?rest_route=\/wp\/v2\/pages\/599\/revisions"}],"predecessor-version":[{"id":690,"href":"http:\/\/www.aegrz.at\/wordpress\/index.php?rest_route=\/wp\/v2\/pages\/599\/revisions\/690"}],"up":[{"embeddable":true,"href":"http:\/\/www.aegrz.at\/wordpress\/index.php?rest_route=\/wp\/v2\/pages\/639"}],"wp:attachment":[{"href":"http:\/\/www.aegrz.at\/wordpress\/index.php?rest_route=%2Fwp%2Fv2%2Fmedia&parent=599"}],"curies":[{"name":"wp","href":"https:\/\/api.w.org\/{rel}","templated":true}]}}