{"id":607,"date":"2015-02-14T23:28:15","date_gmt":"2015-02-14T22:28:15","guid":{"rendered":"http:\/\/www.aegrz.at\/wordpress\/?page_id=607"},"modified":"2015-04-23T11:51:39","modified_gmt":"2015-04-23T09:51:39","slug":"schuessler-salz-nr-7-magnesium-phosphoricum","status":"publish","type":"page","link":"http:\/\/www.aegrz.at\/wordpress\/?page_id=607","title":{"rendered":"Sch\u00fc\u00dfler-Salz Nr. 7 Magnesium phosphoricum"},"content":{"rendered":"<p style=\"padding-left: 60px;\"><img loading=\"lazy\" decoding=\"async\" class=\" size-medium wp-image-535 alignleft\" src=\"http:\/\/www.aegrz.at\/wordpress\/wp-content\/uploads\/Schuessler_07-200x300.jpg\" alt=\"Schuessler_07\" width=\"200\" height=\"300\" srcset=\"http:\/\/www.aegrz.at\/wordpress\/wp-content\/uploads\/Schuessler_07-200x300.jpg 200w, http:\/\/www.aegrz.at\/wordpress\/wp-content\/uploads\/Schuessler_07.jpg 533w\" sizes=\"(max-width: 200px) 100vw, 200px\" \/><strong>Nr. 7 Magnesium phosphoricum D6<\/strong><\/p>\n<p><em>Steuert vegetatives Nervensystem, alles was wir willk\u00fcrlich nicht beeinflussen k\u00f6nnen<\/em><\/p>\n<p>Kr\u00e4mpfe der inneren Organe, stechende, pl\u00f6tzlich auftretende Schmerzen, kolikartige Beschwerden, Bauch- und Periodenkr\u00e4mpfe, Kopfschmerzen (Migr\u00e4ne), innerliche Angespanntheit, Einschlafst\u00f6rungen, Heisshunger auf S\u00fcsses, Verlegenheitsr\u00f6te, Depressionen, Kloss im Hals, Lampenfieber, Bl\u00e4hungen, wenn W\u00e4rme hilft<\/p>\n<p><em>Modalit\u00e4ten<\/em><br \/>\n<em>Zunge:<\/em> rein<br \/>\n<em>Schlimmer:<\/em> leichte Ber\u00fchrung, Nachts, K\u00e4lte<br \/>\n<em>Besser:<\/em> W\u00e4rme! Zusammenkr\u00fcmmen, Reiben, Gegendruck<br \/>\n<em>Absonderungen:<\/em> keine Bekannt<br \/>\n<em>Weitere:<\/em> Morgenmuffel in den ersten 30 Minuten, periodische Beschwerden, Schafskot<\/p>\n<p>Das Schmerzmittel in der Biochemie. Zum Beispiel bei Kopfschmerzen\/Migr\u00e4ne 10 Tabletten in heissem Wasser aufl\u00f6sen. Kann alle 5 Minuten wiederholt werden. Wenn nach 3 bis 4 Wiederholungen keine Besserung eingetreten ist, dann ist es nicht das passende Mineral. Kann auch bei Periodenkr\u00e4mpfen angewendet werden.<br \/>\nMuskelschmerzen, die durch Gegendr\u00fccken bessern, die Creme Nr. 7 \u00e4usserlich anwenden.<\/p>\n<p>Grosses Nervenmittel, f\u00fcr all diejenigen, die sich innerlich unruhig und\u00a0rastlos f\u00fchlen aber nach aussen ganz ruhig wirken. Im Gegensatz zu Nr. 2 dem Zappelphilipp.<br \/>\nLampenfieber, leichtes err\u00f6ten wenn einem etwas auf der emotionalen Ebene ber\u00fchrt. Die Seele liegt unter der Haut. Kann echt peinlich sein, gleich noch mehr Err\u00f6ten. R\u00f6te kann sich \u00fcber den Hals bis ins Dekollet\u00e9 ausbreiten.<br \/>\nUm in einer Pr\u00fcfung ruhig bleiben zu k\u00f6nnen und den gelernten Stoff abrufen zu k\u00f6nnen. Die Lernmischung (3, 5, 8 siehe bei Nr. 5 Kalium phosphoricum D6) zum Pauken und die Nr. 7 zum Abrufen.<br \/>\nWer vor lauter innerer Anspannung nicht schlafen kann dem hilft die Nr. 7 Magnesium phosphoricum D6.<\/p>\n<p>Bei der Wahl zwischen Salzn\u00fcssen und Schokolade f\u00e4llt die Wahl beim Bedarf nach Nr. 7 immer auf die Schokolade.<br \/>\nHilft, sich von S\u00fcchten zu verabschieden. Der Wille das Suchtmittel loszulassen muss allerdings da sein. Anstatt einer Zigarette oder eines St\u00fccks Schokolade 1 bis 2 Tabletten Nr. 7 lutschen. Beruhigt die Nerven und bricht Muster.<\/p>\n<p>Im mentalen Bereich: innerlich nerv\u00f6s und\u00a0unruhig. Verspannt durch Angst\u00a0sich zu blamieren. Perfektionistisch veranlagt.<\/p>\n<p><strong>Tipp<\/strong><br \/>\nWer M\u00fche hat einen innerlich ruhigen, meditativen Zustand zu erreichen, kann 2 bis 3 Tabletten Nr. 7 Magnesium phosphoricum D6 lutschen.<\/p>\n<p><a title=\"Healhouse\" href=\"http:\/\/www.healhouse.ch\" target=\"_blank\"><img loading=\"lazy\" decoding=\"async\" class=\" alignnone\" src=\"http:\/\/www.healhouse.ch\/fileadmin\/templates\/healhouse\/design\/images\/header.jpg\" alt=\"\" width=\"353\" height=\"76\" \/><\/a><br \/>\n<span style=\"font-size: 10pt;\">Dieser Text wurde mit freundlicher Genehmigung von<\/span><br \/>\n<span style=\"line-height: 1.5; font-size: 10pt;\"><a title=\"Healhouse\" href=\"http:\/\/www.healhouse.ch\" target=\"_blank\">Melanie Keller (http:\/\/www.healhouse.ch)<\/a>, zur Verf\u00fcgung gestellt.<\/span><\/p>\n","protected":false},"excerpt":{"rendered":"<p>Nr. 7 Magnesium phosphoricum D6 Steuert vegetatives Nervensystem, alles was wir willk\u00fcrlich nicht beeinflussen k\u00f6nnen Kr\u00e4mpfe der inneren Organe, stechende, pl\u00f6tzlich auftretende Schmerzen, kolikartige Beschwerden, Bauch- und Periodenkr\u00e4mpfe, Kopfschmerzen (Migr\u00e4ne), innerliche Angespanntheit, Einschlafst\u00f6rungen, Heisshunger auf S\u00fcsses, Verlegenheitsr\u00f6te, Depressionen, Kloss im Hals, Lampenfieber, Bl\u00e4hungen, wenn W\u00e4rme hilft Modalit\u00e4ten Zunge: rein Schlimmer: leichte Ber\u00fchrung, Nachts, K\u00e4lte Besser: &hellip; <a href=\"http:\/\/www.aegrz.at\/wordpress\/?page_id=607\" class=\"more-link\"><span class=\"screen-reader-text\">Sch\u00fc\u00dfler-Salz Nr. 7 Magnesium phosphoricum<\/span> weiterlesen <span class=\"meta-nav\">&rarr;<\/span><\/a><\/p>\n","protected":false},"author":2,"featured_media":0,"parent":639,"menu_order":7,"comment_status":"closed","ping_status":"open","template":"","meta":{"ngg_post_thumbnail":0,"footnotes":""},"_links":{"self":[{"href":"http:\/\/www.aegrz.at\/wordpress\/index.php?rest_route=\/wp\/v2\/pages\/607"}],"collection":[{"href":"http:\/\/www.aegrz.at\/wordpress\/index.php?rest_route=\/wp\/v2\/pages"}],"about":[{"href":"http:\/\/www.aegrz.at\/wordpress\/index.php?rest_route=\/wp\/v2\/types\/page"}],"author":[{"embeddable":true,"href":"http:\/\/www.aegrz.at\/wordpress\/index.php?rest_route=\/wp\/v2\/users\/2"}],"replies":[{"embeddable":true,"href":"http:\/\/www.aegrz.at\/wordpress\/index.php?rest_route=%2Fwp%2Fv2%2Fcomments&post=607"}],"version-history":[{"count":5,"href":"http:\/\/www.aegrz.at\/wordpress\/index.php?rest_route=\/wp\/v2\/pages\/607\/revisions"}],"predecessor-version":[{"id":768,"href":"http:\/\/www.aegrz.at\/wordpress\/index.php?rest_route=\/wp\/v2\/pages\/607\/revisions\/768"}],"up":[{"embeddable":true,"href":"http:\/\/www.aegrz.at\/wordpress\/index.php?rest_route=\/wp\/v2\/pages\/639"}],"wp:attachment":[{"href":"http:\/\/www.aegrz.at\/wordpress\/index.php?rest_route=%2Fwp%2Fv2%2Fmedia&parent=607"}],"curies":[{"name":"wp","href":"https:\/\/api.w.org\/{rel}","templated":true}]}}