{"id":610,"date":"2015-02-14T23:30:21","date_gmt":"2015-02-14T22:30:21","guid":{"rendered":"http:\/\/www.aegrz.at\/wordpress\/?page_id=610"},"modified":"2015-07-01T22:09:22","modified_gmt":"2015-07-01T20:09:22","slug":"schuessler-salz-nr-8-natrium-chloratum","status":"publish","type":"page","link":"http:\/\/www.aegrz.at\/wordpress\/?page_id=610","title":{"rendered":"Sch\u00fc\u00dfler-Salz Nr. 8 Natrium chloratum"},"content":{"rendered":"<p style=\"padding-left: 60px;\"><img loading=\"lazy\" decoding=\"async\" class=\" size-medium wp-image-536 alignleft\" src=\"http:\/\/www.aegrz.at\/wordpress\/wp-content\/uploads\/Schuessler_08-200x300.jpg\" alt=\"Schuessler_08\" width=\"200\" height=\"300\" srcset=\"http:\/\/www.aegrz.at\/wordpress\/wp-content\/uploads\/Schuessler_08-200x300.jpg 200w, http:\/\/www.aegrz.at\/wordpress\/wp-content\/uploads\/Schuessler_08.jpg 533w\" sizes=\"(max-width: 200px) 100vw, 200px\" \/><strong>Nr. 8 Natrium chloratum D6<\/strong><\/p>\n<p style=\"text-align: justify;\"><em>Reguliert Wasserhaushalt und Osmose, bildet Schleimh\u00e4ute, reguliert\u00a0W\u00e4rmehaushalt<\/em><\/p>\n<p style=\"text-align: justify;\">Das wichtigste der Natriumsalz, absolut Lebensnotwendig f\u00fcr alle Zellen und jeden Lebensprozess, knackende Gelenke, Fliesschnupfen (w\u00e4ssrig), Kopfschuppen, tr\u00e4nende oder trockene Augen, Augenbrennen, trockene Schleimh\u00e4ute, gest\u00f6rtes Durstgef\u00fchl, \u00fcberm\u00e4ssiges Schwitzen, Verlangen oder Abneigung nach salzigem, Schlundbrennen, trockene \/ feuchtigkeitsarme Haut, kalte H\u00e4nde \/ F\u00fcsse und Nasenspitze, unruhiger Schlaf, zerw\u00fchltes Bett am Morgen<\/p>\n<p style=\"text-align: justify;\"><em>Modalit\u00e4ten<\/em><br \/>\n<em>Zunge:<\/em>\u00a0rein mit Schleimstrassen und Bl\u00e4schen<br \/>\n<em>Schlimmer:<\/em>\u00a0morgens, vormittags, sowie gegen 18 Uhr, feuchtes Wetter, Hitze<br \/>\n<em>Besser:<\/em>\u00a0frische k\u00fchle Luft, kaltes Baden<br \/>\n<em>Absonderungen:<\/em>\u00a0hell, w\u00e4ssrig, glasig, brennend, wund machend, weisse Sch\u00fcppchen<br \/>\n<em>Weitere:<\/em>\u00a0Vormittagsmuffel bis 11 h, Brennschmerzen<\/p>\n<p style=\"text-align: justify;\">Salz braucht jedes Lebewesen. Den Tieren gibt man deshalb einen Salzstein um daran zu lecken. Die Nr. 8 ist das einzige Mineralsalz, das in der K\u00fcche als Kochsalz verwendet wird.<br \/>\nIst f\u00fcr den aufbauenden Wasserhaushalt zust\u00e4ndig. Wenn immer etwas zu trocken oder zu feucht\/nass ist, braucht es dieses Mineral. Bei grossen Innen- und Aussentemperatur Unterschieden, ist sehr gut zu beobachten ob die Nr. 8 in Frage kommt. All jene, die bei Temperaturwechsel sofort ein Taschentuch zur Hand nehmen m\u00fcssen tun gut daran, die Nr. 8 eine Weile zu nehmen. Wem die Nase l\u00e4uft oder die Augen tr\u00e4nen, wer unter trockenen Augen, Mund und Nasenschleimh\u00e4uten leidet, dem kann mit der Nr. 8 Natrium chloratum D6 geholfen werden.<br \/>\nKopfschuppen, wenn der Kragen beschneit wird.<br \/>\nKnackende Gelenke sind ein weiteres sicheres Indiz f\u00fcr dieses Mineral. Wer in die Knie geht und die Aufmerksamkeit seiner Umgebung, durch lautes knacken auf sich zieht, ist ein weiterer Kandidat. Allerdings auch f\u00fcr diejenigen, die nah an einem herankommen und sagen, jetzt musst du mal lauschen. Sie bewegen ihr Schulterblatt und man h\u00f6rt es \u201cknirschen\u201d.<br \/>\n\u00c4ltere Menschen, die an Mundtrockenheit leiden. Alles schmeckt gleich und der Geruchssinn ist auch nicht mehr derselbe kann mit der Nr. 8 geholfen werden.<br \/>\nMenschen die mit dem Verstand trinken m\u00fcssen, ein gest\u00f6rtes Durstgef\u00fchl haben Unmengen an Wasser trinken k\u00f6nnen oder gar keinen Durst versp\u00fcren. Sei es viel oder wenig brauchen dieses Salz.<br \/>\nDer Vormittagsmuffel, der erst ab ca. 11 Uhr morgens in die G\u00e4nge kommt.<br \/>\nAlles brennende, Magenbrennen, Fusssohlenbrennen, Augenbrennen, Zungenbrennen etc.<br \/>\nDiese Menschen haben entweder eine Vorliebe f\u00fcr Salziges oder eine Abneigung. Hier ist die Entscheidung klar, dieser Mensch w\u00e4hlt die Salzn\u00fcsse und nicht die Schokolade wie derjenige der einen erh\u00f6hten Nr. 7 Magnesium phosphoricum Bedarf hat.<\/p>\n<p style=\"text-align: justify;\">Im mentalen Bereich: Allen alles zuliebe machen. Ich bin nur dann etwas wert, wenn ich f\u00fcr andere sorgen kann.<\/p>\n<p style=\"text-align: justify;\"><strong>Tipp<\/strong><br \/>\nWenn\u2019s knackt und kracht, die Nummer Acht.<\/p>\n<p style=\"text-align: justify;\"><a title=\"Healhouse\" href=\"http:\/\/www.healhouse.ch\" target=\"_blank\"><img loading=\"lazy\" decoding=\"async\" class=\" alignnone\" src=\"http:\/\/www.healhouse.ch\/fileadmin\/templates\/healhouse\/design\/images\/header.jpg\" alt=\"\" width=\"353\" height=\"76\" \/><\/a><br \/>\n<span style=\"font-size: 10pt;\">Dieser Text wurde mit freundlicher Genehmigung von<\/span><br \/>\n<span style=\"line-height: 1.5; font-size: 10pt;\"><a title=\"Healhouse\" href=\"http:\/\/www.healhouse.ch\" target=\"_blank\">Melanie Keller (http:\/\/www.healhouse.ch)<\/a>, zur Verf\u00fcgung gestellt.<\/span><\/p>\n","protected":false},"excerpt":{"rendered":"<p>Nr. 8 Natrium chloratum D6 Reguliert Wasserhaushalt und Osmose, bildet Schleimh\u00e4ute, reguliert\u00a0W\u00e4rmehaushalt Das wichtigste der Natriumsalz, absolut Lebensnotwendig f\u00fcr alle Zellen und jeden Lebensprozess, knackende Gelenke, Fliesschnupfen (w\u00e4ssrig), Kopfschuppen, tr\u00e4nende oder trockene Augen, Augenbrennen, trockene Schleimh\u00e4ute, gest\u00f6rtes Durstgef\u00fchl, \u00fcberm\u00e4ssiges Schwitzen, Verlangen oder Abneigung nach salzigem, Schlundbrennen, trockene \/ feuchtigkeitsarme Haut, kalte H\u00e4nde \/ F\u00fcsse und &hellip; <a href=\"http:\/\/www.aegrz.at\/wordpress\/?page_id=610\" class=\"more-link\"><span class=\"screen-reader-text\">Sch\u00fc\u00dfler-Salz Nr. 8 Natrium chloratum<\/span> weiterlesen <span class=\"meta-nav\">&rarr;<\/span><\/a><\/p>\n","protected":false},"author":2,"featured_media":0,"parent":639,"menu_order":8,"comment_status":"closed","ping_status":"open","template":"","meta":{"ngg_post_thumbnail":0,"footnotes":""},"_links":{"self":[{"href":"http:\/\/www.aegrz.at\/wordpress\/index.php?rest_route=\/wp\/v2\/pages\/610"}],"collection":[{"href":"http:\/\/www.aegrz.at\/wordpress\/index.php?rest_route=\/wp\/v2\/pages"}],"about":[{"href":"http:\/\/www.aegrz.at\/wordpress\/index.php?rest_route=\/wp\/v2\/types\/page"}],"author":[{"embeddable":true,"href":"http:\/\/www.aegrz.at\/wordpress\/index.php?rest_route=\/wp\/v2\/users\/2"}],"replies":[{"embeddable":true,"href":"http:\/\/www.aegrz.at\/wordpress\/index.php?rest_route=%2Fwp%2Fv2%2Fcomments&post=610"}],"version-history":[{"count":4,"href":"http:\/\/www.aegrz.at\/wordpress\/index.php?rest_route=\/wp\/v2\/pages\/610\/revisions"}],"predecessor-version":[{"id":767,"href":"http:\/\/www.aegrz.at\/wordpress\/index.php?rest_route=\/wp\/v2\/pages\/610\/revisions\/767"}],"up":[{"embeddable":true,"href":"http:\/\/www.aegrz.at\/wordpress\/index.php?rest_route=\/wp\/v2\/pages\/639"}],"wp:attachment":[{"href":"http:\/\/www.aegrz.at\/wordpress\/index.php?rest_route=%2Fwp%2Fv2%2Fmedia&parent=610"}],"curies":[{"name":"wp","href":"https:\/\/api.w.org\/{rel}","templated":true}]}}