{"id":612,"date":"2015-02-14T23:31:21","date_gmt":"2015-02-14T22:31:21","guid":{"rendered":"http:\/\/www.aegrz.at\/wordpress\/?page_id=612"},"modified":"2015-07-15T16:16:25","modified_gmt":"2015-07-15T14:16:25","slug":"schuessler-salz-nr-9-natrium-phosphoricum","status":"publish","type":"page","link":"http:\/\/www.aegrz.at\/wordpress\/?page_id=612","title":{"rendered":"Sch\u00fc\u00dfler-Salz Nr. 9 Natrium phosphoricum"},"content":{"rendered":"<p style=\"padding-left: 60px; text-align: justify;\"><img loading=\"lazy\" decoding=\"async\" class=\"size-medium wp-image-537 alignleft\" src=\"http:\/\/www.aegrz.at\/wordpress\/wp-content\/uploads\/Schuessler_09-200x300.jpg\" alt=\"Schuessler_09\" width=\"200\" height=\"300\" srcset=\"http:\/\/www.aegrz.at\/wordpress\/wp-content\/uploads\/Schuessler_09-200x300.jpg 200w, http:\/\/www.aegrz.at\/wordpress\/wp-content\/uploads\/Schuessler_09.jpg 533w\" sizes=\"(max-width: 200px) 100vw, 200px\" \/><strong>Nr. 9 Natrium phosphoricum D6<\/strong><\/p>\n<p style=\"text-align: justify;\"><em>Steuert den S\u00e4ure- und Fettstoffwechsel, neutralisiert S\u00e4ure, Stoffwechselsteuerung<\/em><\/p>\n<p style=\"text-align: justify;\">\u00dcbers\u00e4uerung, alle St\u00f6rungen die auf \u00dcbers\u00e4uerung zur\u00fcck zu f\u00fchren sind, Magenbrennen, saures Aufstossen, \u00dcbergewicht, Weichteil Rheuma, Gicht, Verdauungsst\u00f6rungen, erh\u00f6hte Harns\u00e4ure Werte, zu hohe Blutfettwerte, fette oder fettarme Haut \/ Haare, Pickel, Akne, Cellulite, Lust auf S\u00fcsses v. a. Backwaren<\/p>\n<p style=\"text-align: justify;\"><em>Modalit\u00e4ten<\/em><br \/>\n<em>Zunge:<\/em>\u00a0feucht, weisslich-gelblich belegt<br \/>\n<em>Schlimmer:<\/em>\u00a0kalte, feuchte Witterung; fette, s\u00fcsse, schwere Speisen<br \/>\n<em>Besser:<\/em>\u00a0W\u00e4rme, warme Kleidung<br \/>\n<em>Absonderungen:<\/em>\u00a0dick, gelblich-eitrig, gelbliche Eiterkrusten, gelb rahmiger Auswurf<br \/>\n<em>Weitere:<\/em>\u00a0Heisshunger auf S\u00fcsses, Stuhl schwimmt in Toilette, s\u00e4uerlicher K\u00f6rpergeruch<\/p>\n<p style=\"text-align: justify;\">Die Nr. 9 ist das\u00a0<strong>Zivielisationsmittel<\/strong>. Alle Beschwerden die auf unseren Wohlstand zur\u00fcckzuf\u00fchren sind geh\u00f6ren hierher. Alles was mit \u00dcbers\u00e4uerung zu tun hat. Deshalb ist es das erste Mittel der Wahl, bei allen rheumatischen Erkrankungen.<br \/>\nAber auch bei Fettsucht, weil es einen grossen Einfluss auf die Fettverdauung hat. Wer Backwaren, Kuchen etc. liebt dem kann die Nr. 9 helfen, diese Gel\u00fcste in Schach zu halten. Hier ist es nicht die Schokolade oder das Salzige, sondern alles was mit Fett zusammenh\u00e4ngt.<br \/>\nIm sauren Milieu entstehen viel leichter Entz\u00fcndungen, deshalb bei Entz\u00fcndungen zum S\u00e4ureabbau in Kombination mit der Nr. 3 Ferrum phosphoricum D12 nehmen.<br \/>\nZum Beispiel, wer nach einer \u00fcppigen Mahlzeit, zuviel S\u00fcssem oder nach zuviel \u00c4rgern einen Schnupfen bekommt, die Nase l\u00e4uft, kann dies unter Umst\u00e4nden darauf zur\u00fcckzuf\u00fchren sein, dass der K\u00f6rper sich so von \u00fcbersch\u00fcssigen S\u00e4uren befreit. Ein Schnupfen kann also auch von Innen kommen und ist eine intelligente Strategie des K\u00f6rpers auf eine \u00dcberlastung.<br \/>\nWenn du im Restaurant gegessen und danach das Gef\u00fchl von einem Stein im Magen hast, weil das Essen zu reichhaltig war oder du zuviel gegessen hast. Dann nimm 1 bis 2 Tabletten Nr. 9 um dem Magen zu helfen den Inhalt aufzuspalten.<br \/>\nSo auch bei saurem Aufstossen, Magen- oder Sodbrennen.<br \/>\nKann auch vorbeugend vor dem Essen gelutscht werden. Vorallem wenn man weiss, dass man fette Speisen nicht so gut vertr\u00e4gt.<\/p>\n<p style=\"text-align: justify;\">Bei einem \u00dcberschuss an Milchs\u00e4ure in den Muskel, die sich als Kr\u00e4mpfe oder als Muskelkater bemerkbar machen. Erinnerst du dich noch an den Tipp mit der Trinkflasche mit der Nr. 3 und 9 beim Sport.<\/p>\n<p style=\"text-align: justify;\">Wenn die Gesichtshaut fettig gl\u00e4nzt und Brillentr\u00e4ger st\u00e4ndig verschmierte Gl\u00e4ser haben. Vorallem da wo die Brillenr\u00e4nder in Wangenn\u00e4he sind.<\/p>\n<p style=\"text-align: justify;\">Im Mentalen Bereich: hilft Gedanken zu verabschieden<\/p>\n<p style=\"text-align: justify;\"><strong>Tipp:<\/strong><br \/>\nDie Ern\u00e4hrung anpassen und viel Bewegung an der frischen Luft (baut S\u00e4ure ab), dadurch verschwinden viele Beschwerden, die bei der Nr. 9 zu finden sind.<\/p>\n<p style=\"text-align: justify;\"><a title=\"Healhouse\" href=\"http:\/\/www.healhouse.ch\" target=\"_blank\"><img loading=\"lazy\" decoding=\"async\" class=\" alignnone\" src=\"http:\/\/www.healhouse.ch\/fileadmin\/templates\/healhouse\/design\/images\/header.jpg\" alt=\"\" width=\"353\" height=\"76\" \/><\/a><br \/>\n<span style=\"font-size: 10pt;\">Dieser Text wurde mit freundlicher Genehmigung von<\/span><br \/>\n<span style=\"line-height: 1.5; font-size: 10pt;\"><a title=\"Healhouse\" href=\"http:\/\/www.healhouse.ch\" target=\"_blank\">Melanie Keller (http:\/\/www.healhouse.ch)<\/a>, zur Verf\u00fcgung gestellt.<\/span><\/p>\n","protected":false},"excerpt":{"rendered":"<p>Nr. 9 Natrium phosphoricum D6 Steuert den S\u00e4ure- und Fettstoffwechsel, neutralisiert S\u00e4ure, Stoffwechselsteuerung \u00dcbers\u00e4uerung, alle St\u00f6rungen die auf \u00dcbers\u00e4uerung zur\u00fcck zu f\u00fchren sind, Magenbrennen, saures Aufstossen, \u00dcbergewicht, Weichteil Rheuma, Gicht, Verdauungsst\u00f6rungen, erh\u00f6hte Harns\u00e4ure Werte, zu hohe Blutfettwerte, fette oder fettarme Haut \/ Haare, Pickel, Akne, Cellulite, Lust auf S\u00fcsses v. a. Backwaren Modalit\u00e4ten Zunge:\u00a0feucht, weisslich-gelblich &hellip; <a href=\"http:\/\/www.aegrz.at\/wordpress\/?page_id=612\" class=\"more-link\"><span class=\"screen-reader-text\">Sch\u00fc\u00dfler-Salz Nr. 9 Natrium phosphoricum<\/span> weiterlesen <span class=\"meta-nav\">&rarr;<\/span><\/a><\/p>\n","protected":false},"author":2,"featured_media":0,"parent":639,"menu_order":9,"comment_status":"closed","ping_status":"open","template":"","meta":{"ngg_post_thumbnail":0,"footnotes":""},"_links":{"self":[{"href":"http:\/\/www.aegrz.at\/wordpress\/index.php?rest_route=\/wp\/v2\/pages\/612"}],"collection":[{"href":"http:\/\/www.aegrz.at\/wordpress\/index.php?rest_route=\/wp\/v2\/pages"}],"about":[{"href":"http:\/\/www.aegrz.at\/wordpress\/index.php?rest_route=\/wp\/v2\/types\/page"}],"author":[{"embeddable":true,"href":"http:\/\/www.aegrz.at\/wordpress\/index.php?rest_route=\/wp\/v2\/users\/2"}],"replies":[{"embeddable":true,"href":"http:\/\/www.aegrz.at\/wordpress\/index.php?rest_route=%2Fwp%2Fv2%2Fcomments&post=612"}],"version-history":[{"count":4,"href":"http:\/\/www.aegrz.at\/wordpress\/index.php?rest_route=\/wp\/v2\/pages\/612\/revisions"}],"predecessor-version":[{"id":787,"href":"http:\/\/www.aegrz.at\/wordpress\/index.php?rest_route=\/wp\/v2\/pages\/612\/revisions\/787"}],"up":[{"embeddable":true,"href":"http:\/\/www.aegrz.at\/wordpress\/index.php?rest_route=\/wp\/v2\/pages\/639"}],"wp:attachment":[{"href":"http:\/\/www.aegrz.at\/wordpress\/index.php?rest_route=%2Fwp%2Fv2%2Fmedia&parent=612"}],"curies":[{"name":"wp","href":"https:\/\/api.w.org\/{rel}","templated":true}]}}