{"id":616,"date":"2015-02-14T23:32:45","date_gmt":"2015-02-14T22:32:45","guid":{"rendered":"http:\/\/www.aegrz.at\/wordpress\/?page_id=616"},"modified":"2015-08-15T09:12:33","modified_gmt":"2015-08-15T07:12:33","slug":"schuessler-salz-nr-11-silicea","status":"publish","type":"page","link":"http:\/\/www.aegrz.at\/wordpress\/?page_id=616","title":{"rendered":"Sch\u00fc\u00dfler-Salz Nr. 11 Silicea"},"content":{"rendered":"<p style=\"padding-left: 60px; text-align: justify;\"><img loading=\"lazy\" decoding=\"async\" class=\" size-medium wp-image-539 alignleft\" src=\"http:\/\/www.aegrz.at\/wordpress\/wp-content\/uploads\/Schuessler_11-200x300.jpg\" alt=\"Schuessler_11\" width=\"200\" height=\"300\" srcset=\"http:\/\/www.aegrz.at\/wordpress\/wp-content\/uploads\/Schuessler_11-200x300.jpg 200w, http:\/\/www.aegrz.at\/wordpress\/wp-content\/uploads\/Schuessler_11.jpg 533w\" sizes=\"(max-width: 200px) 100vw, 200px\" \/><strong>Nr. 11 Silicea D12<br \/>\n<\/strong><em>Aufbau und St\u00e4rkung des Bindegewebes, Strukturbildend, f\u00fcr die Leitf\u00e4higkeit der Nerven, Verj\u00fcngungsmittel<\/em><\/p>\n<p style=\"text-align: justify;\">Schwaches Bindegewebe, Krampfadern, H\u00e4morrhoiden, Faltenneigung, Schwangerschaftsstreifen, Haarausfall, gespaltene Haarspitzen, br\u00fcchige N\u00e4gel, Licht- und Ger\u00e4uschempfindlichkeit, Gereiztheit, Fuss- und Handschweiss, alte, immer fr\u00f6stelnde Menschen, geschlossene EITERherde werden zum Abfliessen gebracht<\/p>\n<p style=\"text-align: left;\"><em>Modalit\u00e4ten:<\/em><br \/>\n<em>Zunge:<\/em>\u00a0br\u00e4unlich, schleimiger Belag<br \/>\n<em>Schlimmer:<\/em>\u00a0K\u00e4lte, jeder Luftzug, Wetterwechsel, Bewegung, abends, nachts,\u00a0w\u00e4hrend der Menstruation<br \/>\n<em>Besser:<\/em>\u00a0W\u00e4rme, Einh\u00fcllen<br \/>\n<em>Absonderungen:<\/em>\u00a0eitrig, blutig bis d\u00fcnn-w\u00e4sserig<br \/>\n<em>Weitere :<\/em>\u00a0Nachtschweiss, Fingern\u00e4gel l\u00e4ngsrillen<\/p>\n<p style=\"text-align: justify;\">Ein weiteres Mineral das in der Potenz D12 zum Einsatz kommt.<br \/>\nDa Silicea auf das Bindegewebe wirkt, weil es dort am meisten vorkommt, ist es auch das Verj\u00fcngungsmittel der Biochemie. Es wirkt vorzeitiger Faltenbildung entgegen, st\u00e4rkt die N\u00e4gel und kommt bei Haarausfall zum Einsatz.<br \/>\nIst f\u00fcr den Aufbau der Muskeln, Sehnen und B\u00e4nder zust\u00e4ndig, welche die Nr. 1 Calcium fluoratum D12 geschmeidig h\u00e4lt.<\/p>\n<p style=\"text-align: justify;\">Diese Kombination hat sich auch als K\u00f6rperpflegelotion 1+11 in der Praxis sehr bew\u00e4hrt. Zum Beispiel in der Schwangerschaft den wachsenden Bauch damit pflegen. Oder ganz allgemein zur Hautpflege, jeden Morgen als Bodylotion anwenden.<\/p>\n<p style=\"text-align: justify;\">F\u00fcr alle die sagen, ich bekomme ganz schnell blaue Flecken. Auch ohne grosse Einwirkung von aussen.<\/p>\n<p style=\"text-align: justify;\">Silicea wirkt hervorragend auf das Nervenkost\u00fcm. Wer von sich sagen kann, dass er zuweilen ein zerstreuter Professor ist, der nicht mehr weiss, wo er was hingelegt hat oder was er gerade zu tun im Begriff war, braucht dieses Mineral.<br \/>\nWenn das Nervenkost\u00fcm so ziemlich am Anschlag ist und man auf alles gereizt reagiert, kann die Nr. 11 Erleichterung bringen.<\/p>\n<p style=\"text-align: justify;\">Lichtempfindlichkeit ist ein weiteres Zeichen f\u00fcr den Bedarf an diesem Salz. Es gibt Menschen, die blendet es, sogar wenn keine Sonne scheint.<\/p>\n<p style=\"text-align: justify;\">Oder wenn der eine in der Familie findet, dass die Musik zu laut sei, diese allerdings nur auf Zimmerlautst\u00e4rke eingestellt ist, kann dies ein Zeichen f\u00fcr Silicea sein.<\/p>\n<p style=\"text-align: justify;\">Kalter Hand- und Fussschweiss, vor allem in nervlich angespannten Situationen. Zum Beispiel vor einer Pr\u00fcfung, einem Vorstellungsgespr\u00e4ch etc., dann wenn man es am wenigstens brauchen kann.<\/p>\n<p style=\"text-align: justify;\">Bei eingeschlossenen Eiterherden ist dieses Mineral sehr wichtig zum \u00f6ffnen des Herdes, damit der Eiter abfliessen kann. Zum Beispiel bei einer Mandelentz\u00fcndung. In Kombination mit der Nr. 9 Natrium phosphoricum D6 wirkt es bei eitrigen Entz\u00fcndungen hervorragend.<\/p>\n<p style=\"text-align: justify;\">Im Mentalen Bereich: Alles muss perfekt und exakt sein.<\/p>\n<p style=\"text-align: justify;\"><strong>Tipp<\/strong><br \/>\nDen K\u00f6rper t\u00e4glich mit der Lotion 1+11 verw\u00f6hnen.<\/p>\n<p><a title=\"Healhouse\" href=\"http:\/\/www.healhouse.ch\" target=\"_blank\"><img loading=\"lazy\" decoding=\"async\" class=\" alignnone\" src=\"http:\/\/www.healhouse.ch\/fileadmin\/templates\/healhouse\/design\/images\/header.jpg\" alt=\"\" width=\"353\" height=\"76\" \/><\/a><br \/>\n<span style=\"font-size: 10pt;\">Dieser Text wurde mit freundlicher Genehmigung von<\/span><br \/>\n<span style=\"line-height: 1.5; font-size: 10pt;\"><a title=\"Healhouse\" href=\"http:\/\/www.healhouse.ch\" target=\"_blank\">Melanie Keller (http:\/\/www.healhouse.ch)<\/a>, zur Verf\u00fcgung gestellt.<\/span><\/p>\n<p>&nbsp;<\/p>\n","protected":false},"excerpt":{"rendered":"<p>Nr. 11 Silicea D12 Aufbau und St\u00e4rkung des Bindegewebes, Strukturbildend, f\u00fcr die Leitf\u00e4higkeit der Nerven, Verj\u00fcngungsmittel Schwaches Bindegewebe, Krampfadern, H\u00e4morrhoiden, Faltenneigung, Schwangerschaftsstreifen, Haarausfall, gespaltene Haarspitzen, br\u00fcchige N\u00e4gel, Licht- und Ger\u00e4uschempfindlichkeit, Gereiztheit, Fuss- und Handschweiss, alte, immer fr\u00f6stelnde Menschen, geschlossene EITERherde werden zum Abfliessen gebracht Modalit\u00e4ten: Zunge:\u00a0br\u00e4unlich, schleimiger Belag Schlimmer:\u00a0K\u00e4lte, jeder Luftzug, Wetterwechsel, Bewegung, abends, nachts,\u00a0w\u00e4hrend &hellip; <a href=\"http:\/\/www.aegrz.at\/wordpress\/?page_id=616\" class=\"more-link\"><span class=\"screen-reader-text\">Sch\u00fc\u00dfler-Salz Nr. 11 Silicea<\/span> weiterlesen <span class=\"meta-nav\">&rarr;<\/span><\/a><\/p>\n","protected":false},"author":2,"featured_media":0,"parent":639,"menu_order":11,"comment_status":"closed","ping_status":"open","template":"","meta":{"ngg_post_thumbnail":0,"footnotes":""},"_links":{"self":[{"href":"http:\/\/www.aegrz.at\/wordpress\/index.php?rest_route=\/wp\/v2\/pages\/616"}],"collection":[{"href":"http:\/\/www.aegrz.at\/wordpress\/index.php?rest_route=\/wp\/v2\/pages"}],"about":[{"href":"http:\/\/www.aegrz.at\/wordpress\/index.php?rest_route=\/wp\/v2\/types\/page"}],"author":[{"embeddable":true,"href":"http:\/\/www.aegrz.at\/wordpress\/index.php?rest_route=\/wp\/v2\/users\/2"}],"replies":[{"embeddable":true,"href":"http:\/\/www.aegrz.at\/wordpress\/index.php?rest_route=%2Fwp%2Fv2%2Fcomments&post=616"}],"version-history":[{"count":5,"href":"http:\/\/www.aegrz.at\/wordpress\/index.php?rest_route=\/wp\/v2\/pages\/616\/revisions"}],"predecessor-version":[{"id":951,"href":"http:\/\/www.aegrz.at\/wordpress\/index.php?rest_route=\/wp\/v2\/pages\/616\/revisions\/951"}],"up":[{"embeddable":true,"href":"http:\/\/www.aegrz.at\/wordpress\/index.php?rest_route=\/wp\/v2\/pages\/639"}],"wp:attachment":[{"href":"http:\/\/www.aegrz.at\/wordpress\/index.php?rest_route=%2Fwp%2Fv2%2Fmedia&parent=616"}],"curies":[{"name":"wp","href":"https:\/\/api.w.org\/{rel}","templated":true}]}}