{"id":618,"date":"2015-02-14T23:33:32","date_gmt":"2015-02-14T22:33:32","guid":{"rendered":"http:\/\/www.aegrz.at\/wordpress\/?page_id=618"},"modified":"2015-10-03T13:32:32","modified_gmt":"2015-10-03T11:32:32","slug":"schuessler-salz-nr-12-calcium-sulfuricum","status":"publish","type":"page","link":"http:\/\/www.aegrz.at\/wordpress\/?page_id=618","title":{"rendered":"Sch\u00fc\u00dfler-Salz Nr. 12 Calcium sulfuricum"},"content":{"rendered":"<p style=\"padding-left: 60px;\"><img loading=\"lazy\" decoding=\"async\" class=\" size-medium wp-image-540 alignleft\" src=\"http:\/\/www.aegrz.at\/wordpress\/wp-content\/uploads\/Schuessler_12-200x300.jpg\" alt=\"Schuessler_12\" width=\"200\" height=\"300\" srcset=\"http:\/\/www.aegrz.at\/wordpress\/wp-content\/uploads\/Schuessler_12-200x300.jpg 200w, http:\/\/www.aegrz.at\/wordpress\/wp-content\/uploads\/Schuessler_12.jpg 533w\" sizes=\"(max-width: 200px) 100vw, 200px\" \/><strong>Nr. 12 Calcium sulfuricum D6<\/strong><\/p>\n<p style=\"text-align: justify;\"><em>Schleiml\u00f6send, f\u00f6rdert Durchl\u00e4ssigkeit des Gewebes, baut offene Eiterherde ab<\/em><\/p>\n<p style=\"text-align: justify;\">Achtung: bei Eiterherden, diese\u00a0immer zuerst mit Nr.\u00a09\u00a0Natrium phosphoricum D6 und\u00a0Nr. 11 Silicea D12 verfl\u00fcssigen!!!<\/p>\n<p style=\"text-align: justify;\">Starkes Ausleitungsmittel<br \/>\nEitrige Mandel- \/ Hals- und Mittelohrentz\u00fcndung, f\u00f6rdert Sekretion von festsitzendem Schleim, Zahnfleischentz\u00fcndung, Abszess, Fisteln, Furunkel, Karbunkel,\u00a0<strong>Eiterherde m\u00fcssen einen Abfluss haben<\/strong>, Schleimhautkatarrhe, Gicht, S\u00e4ure Abbau: rheumatische Erkrankungen, Weichteilrheuma<\/p>\n<p style=\"text-align: justify;\"><em>Modalit\u00e4ten:<\/em><br \/>\n<em>Zunge:<\/em>\u00a0gelblich, lehmfarbig an der Zungenbasis<br \/>\n<em>Schlimmer:<\/em>\u00a0W\u00e4rme macht schlapp<br \/>\n<em>Besser:<\/em>\u00a0Entlastung, Schonung, K\u00e4lte, Eis, Rheuma durch k\u00fchle besser<br \/>\n<em>Absonderungen:<\/em>\u00a0eitrig, gelb, gr\u00fcn, wundmachend<br \/>\n<em>Weitere:<\/em>\u00a0brennende Fusssohlen, Lust auf Saures, Abneigung gegen Fleisch und Milch<\/p>\n<p style=\"text-align: justify;\">Wenn bei Entz\u00fcndungen der Eiter mit der Nr.\u00a09\u00a0Natrium phosphoricum D6 und \u00a0Nr. 11 Silicea D12 einen Abfluss bekommen hat, dann ist der Zeitpunkt gekommen um mit der Nr. 12 das Sekret auszuleiten.<br \/>\nEin gutes Abschlussmittel nach durchgemachter Krankheit.<\/p>\n<p style=\"text-align: justify;\">Bei allen chronischen Beschwerden, bei denen die anderen Mineralsalze nicht oder nur ungen\u00fcgend gewirkt haben.<br \/>\nUnterst\u00fctzt den Stoffwechsel und kommt daher bei Rheuma oder Gicht h\u00e4ufig zum Einsatz.<br \/>\nMacht die Schleimh\u00e4ute durchg\u00e4ngig, somit k\u00f6nnen N\u00e4hrstoffe besser aufgenommen werden.<br \/>\nAbbauprodukte k\u00f6nnen einfacher ausgeschieden werden.<br \/>\nF\u00fcr alle, bei denen Erk\u00e4ltungen immer mit Halsschmerzen\u00a0 oder Angina beginnen.<\/p>\n<p style=\"text-align: justify;\">Im mentalen Bereich: durch tausend Sachen schnell abgelenkt.<\/p>\n<p style=\"text-align: justify;\">Dr. Sch\u00fcssler hat die Nr. 12 immer wieder aus seinem Repertoire genommen, weil er nicht sicher war, ob das Mittel notwendig ist oder nicht. Allerdings hat es sich in der Praxis bei Schleimhautproblemen sehr gut bew\u00e4hrt. Mit steigender Erfahrung mit den Mineralstoffen wird es zu einem gesch\u00e4tzten Mittel, vor allem in den Situationen, wo es nicht weitergehen will. Man kann die Nr. 12 Calcium sulfuricum D6 deshalb auch als T\u00fcr\u00f6ffner bezeichnen.<\/p>\n<p style=\"text-align: justify;\"><strong>Tipp:<\/strong><br \/>\nMit Bedacht anwenden, da es versteckte Krankheitsherde aktivieren kann.<\/p>\n<p>&nbsp;<\/p>\n<p><a title=\"Healhouse\" href=\"http:\/\/www.healhouse.ch\" target=\"_blank\"><img loading=\"lazy\" decoding=\"async\" class=\" alignnone\" src=\"http:\/\/www.healhouse.ch\/fileadmin\/templates\/healhouse\/design\/images\/header.jpg\" alt=\"\" width=\"353\" height=\"76\" \/><\/a><br \/>\n<span style=\"font-size: 10pt;\">Dieser Text wurde mit freundlicher Genehmigung von<\/span><br \/>\n<span style=\"line-height: 1.5; font-size: 10pt;\"><a title=\"Healhouse\" href=\"http:\/\/www.healhouse.ch\" target=\"_blank\">Melanie Keller (http:\/\/www.healhouse.ch)<\/a>, zur Verf\u00fcgung gestellt.<\/span><\/p>\n<p>&nbsp;<\/p>\n","protected":false},"excerpt":{"rendered":"<p>Nr. 12 Calcium sulfuricum D6 Schleiml\u00f6send, f\u00f6rdert Durchl\u00e4ssigkeit des Gewebes, baut offene Eiterherde ab Achtung: bei Eiterherden, diese\u00a0immer zuerst mit Nr.\u00a09\u00a0Natrium phosphoricum D6 und\u00a0Nr. 11 Silicea D12 verfl\u00fcssigen!!! Starkes Ausleitungsmittel Eitrige Mandel- \/ Hals- und Mittelohrentz\u00fcndung, f\u00f6rdert Sekretion von festsitzendem Schleim, Zahnfleischentz\u00fcndung, Abszess, Fisteln, Furunkel, Karbunkel,\u00a0Eiterherde m\u00fcssen einen Abfluss haben, Schleimhautkatarrhe, Gicht, S\u00e4ure Abbau: rheumatische &hellip; <a href=\"http:\/\/www.aegrz.at\/wordpress\/?page_id=618\" class=\"more-link\"><span class=\"screen-reader-text\">Sch\u00fc\u00dfler-Salz Nr. 12 Calcium sulfuricum<\/span> weiterlesen <span class=\"meta-nav\">&rarr;<\/span><\/a><\/p>\n","protected":false},"author":2,"featured_media":0,"parent":639,"menu_order":13,"comment_status":"closed","ping_status":"open","template":"","meta":{"ngg_post_thumbnail":0,"footnotes":""},"_links":{"self":[{"href":"http:\/\/www.aegrz.at\/wordpress\/index.php?rest_route=\/wp\/v2\/pages\/618"}],"collection":[{"href":"http:\/\/www.aegrz.at\/wordpress\/index.php?rest_route=\/wp\/v2\/pages"}],"about":[{"href":"http:\/\/www.aegrz.at\/wordpress\/index.php?rest_route=\/wp\/v2\/types\/page"}],"author":[{"embeddable":true,"href":"http:\/\/www.aegrz.at\/wordpress\/index.php?rest_route=\/wp\/v2\/users\/2"}],"replies":[{"embeddable":true,"href":"http:\/\/www.aegrz.at\/wordpress\/index.php?rest_route=%2Fwp%2Fv2%2Fcomments&post=618"}],"version-history":[{"count":4,"href":"http:\/\/www.aegrz.at\/wordpress\/index.php?rest_route=\/wp\/v2\/pages\/618\/revisions"}],"predecessor-version":[{"id":880,"href":"http:\/\/www.aegrz.at\/wordpress\/index.php?rest_route=\/wp\/v2\/pages\/618\/revisions\/880"}],"up":[{"embeddable":true,"href":"http:\/\/www.aegrz.at\/wordpress\/index.php?rest_route=\/wp\/v2\/pages\/639"}],"wp:attachment":[{"href":"http:\/\/www.aegrz.at\/wordpress\/index.php?rest_route=%2Fwp%2Fv2%2Fmedia&parent=618"}],"curies":[{"name":"wp","href":"https:\/\/api.w.org\/{rel}","templated":true}]}}