{"id":639,"date":"2015-02-15T19:06:44","date_gmt":"2015-02-15T18:06:44","guid":{"rendered":"http:\/\/www.aegrz.at\/wordpress\/?page_id=639"},"modified":"2015-10-03T13:34:29","modified_gmt":"2015-10-03T11:34:29","slug":"grundsalze-1-12","status":"publish","type":"page","link":"http:\/\/www.aegrz.at\/wordpress\/?page_id=639","title":{"rendered":"Grundsalze 1-12"},"content":{"rendered":"<p style=\"padding-left: 60px;\"><strong><img loading=\"lazy\" decoding=\"async\" class=\" size-medium wp-image-528 alignleft\" src=\"http:\/\/www.aegrz.at\/wordpress\/wp-content\/uploads\/Schuessler_1-12_02-300x200.jpg\" alt=\"Schuessler_1-12_02\" width=\"300\" height=\"200\" srcset=\"http:\/\/www.aegrz.at\/wordpress\/wp-content\/uploads\/Schuessler_1-12_02-300x200.jpg 300w, http:\/\/www.aegrz.at\/wordpress\/wp-content\/uploads\/Schuessler_1-12_02.jpg 800w\" sizes=\"(max-width: 300px) 100vw, 300px\" \/><\/strong><\/p>\n<p>&nbsp;<\/p>\n<p>&nbsp;<\/p>\n<p>&nbsp;<\/p>\n<p>&nbsp;<\/p>\n<p>&nbsp;<\/p>\n<p><span style=\"font-size: 12pt;\"><a title=\"Sch\u00fc\u00dfler-Salz Nr. 1 Calcium fluoratum\" href=\"http:\/\/www.aegrz.at\/wordpress\/?page_id=567\"><strong>Sch\u00fc\u00dfler-Salz Nr. 1<\/strong>\u00a0&#8211; Calcium fluoratum (Kalziumfluorid, Flu\u00dfspat)<br \/>\n<\/a><a style=\"font-family: 'Source Sans Pro', Helvetica, sans-serif; font-size: 16px; line-height: 1.5;\" title=\"Sch\u00fc\u00dfler-Salz Nr. 2 Calcium phosphoricum\" href=\"http:\/\/www.aegrz.at\/wordpress\/?page_id=581\"><strong>Sch\u00fc\u00dfler-Salz Nr. 2<\/strong>\u00a0&#8211; Calcium phosphoricum (Calciumhydrogenphosphat)<br \/>\n<\/a><a style=\"font-family: 'Source Sans Pro', Helvetica, sans-serif; font-size: 16px; line-height: 1.5;\" title=\"Sch\u00fc\u00dfler-Salz Nr. 3 Ferrum phosphoricum\" href=\"http:\/\/www.aegrz.at\/wordpress\/?page_id=587\"><strong>Sch\u00fc\u00dfler-Salz Nr. 3<\/strong>\u00a0&#8211; Ferrum phosphoricum (Eisenphosphat)<br \/>\n<\/a><a title=\"Sch\u00fc\u00dfler-Salz Nr. 4 Kalium chloratum\" href=\"http:\/\/www.aegrz.at\/wordpress\/?page_id=595\"><strong>Sch\u00fc\u00dfler-Salz Nr. 4<\/strong>\u00a0&#8211; Kalium chloratum (Kaliumchlorid)<\/a><\/span><br \/>\n<a title=\"Sch\u00fc\u00dfler-Salz Nr. 5 Kalium phosphoricum\" href=\"http:\/\/www.aegrz.at\/wordpress\/?page_id=599\"><span style=\"font-size: 12pt;\"> <strong>Sch\u00fc\u00dfler-Salz Nr. 5<\/strong>\u00a0&#8211; Kalium phosphoricum (Kaliumphosphat)<\/span><\/a><br \/>\n<a href=\"http:\/\/www.aegrz.at\/wordpress\/?page_id=603\"><span style=\"font-size: 12pt;\"> <strong>Sch\u00fc\u00dfler-Salz Nr. 6<\/strong>\u00a0&#8211; Kalium sulfuricum (Kaliumsulfat)<\/span><\/a><br \/>\n<a href=\"http:\/\/www.aegrz.at\/wordpress\/?page_id=607\"><span style=\"font-size: 12pt;\"> <strong>Sch\u00fc\u00dfler-Salz Nr. 7<\/strong>\u00a0&#8211; Magnesium phosphoricum (Magnesiumphosphat)<\/span><\/a><br \/>\n<a href=\"http:\/\/www.aegrz.at\/wordpress\/?page_id=610\"><span style=\"font-size: 12pt;\"> <strong>Sch\u00fc\u00dfler-Salz Nr. 8<\/strong>\u00a0&#8211; Natrium chloratum (Natriumchlorid)<\/span><\/a><br \/>\n<a href=\"http:\/\/www.aegrz.at\/wordpress\/?page_id=612\"><span style=\"font-size: 12pt;\"> <strong>Sch\u00fc\u00dfler-Salz Nr. 9<\/strong>\u00a0&#8211; Natrium phosphoricum (Natriumphosphat)<\/span><\/a><br \/>\n<a href=\"http:\/\/www.aegrz.at\/wordpress\/?page_id=614\"><span style=\"font-size: 12pt;\"> <strong>Sch\u00fc\u00dfler-Salz Nr. 10<\/strong>\u00a0&#8211; Natrium sulfuricum (Natriumsulfat)<\/span><\/a><br \/>\n<a href=\"http:\/\/www.aegrz.at\/wordpress\/?page_id=616\"><span style=\"font-size: 12pt;\"> <strong>Sch\u00fc\u00dfler-Salz Nr. 11<\/strong>\u00a0&#8211; Silicea (Kiesels\u00e4ure)<\/span><\/a><br \/>\n<a href=\"http:\/\/www.aegrz.at\/wordpress\/?page_id=618\"><span style=\"font-size: 12pt;\"> <strong>Sch\u00fc\u00dfler-Salz Nr. 12<\/strong>\u00a0&#8211; Calcium sulfuricum (Kalziumsulfat)<\/span><\/a><\/p>\n<p>&nbsp;<\/p>\n","protected":false},"excerpt":{"rendered":"<p>&nbsp; &nbsp; &nbsp; &nbsp; &nbsp; Sch\u00fc\u00dfler-Salz Nr. 1\u00a0&#8211; Calcium fluoratum (Kalziumfluorid, Flu\u00dfspat) Sch\u00fc\u00dfler-Salz Nr. 2\u00a0&#8211; Calcium phosphoricum (Calciumhydrogenphosphat) Sch\u00fc\u00dfler-Salz Nr. 3\u00a0&#8211; Ferrum phosphoricum (Eisenphosphat) Sch\u00fc\u00dfler-Salz Nr. 4\u00a0&#8211; Kalium chloratum (Kaliumchlorid) Sch\u00fc\u00dfler-Salz Nr. 5\u00a0&#8211; Kalium phosphoricum (Kaliumphosphat) Sch\u00fc\u00dfler-Salz Nr. 6\u00a0&#8211; Kalium sulfuricum (Kaliumsulfat) Sch\u00fc\u00dfler-Salz Nr. 7\u00a0&#8211; Magnesium phosphoricum (Magnesiumphosphat) Sch\u00fc\u00dfler-Salz Nr. 8\u00a0&#8211; Natrium chloratum (Natriumchlorid) Sch\u00fc\u00dfler-Salz &hellip; <a href=\"http:\/\/www.aegrz.at\/wordpress\/?page_id=639\" class=\"more-link\"><span class=\"screen-reader-text\">Grundsalze 1-12<\/span> weiterlesen <span class=\"meta-nav\">&rarr;<\/span><\/a><\/p>\n","protected":false},"author":2,"featured_media":0,"parent":42,"menu_order":0,"comment_status":"closed","ping_status":"closed","template":"","meta":{"ngg_post_thumbnail":0,"footnotes":""},"_links":{"self":[{"href":"http:\/\/www.aegrz.at\/wordpress\/index.php?rest_route=\/wp\/v2\/pages\/639"}],"collection":[{"href":"http:\/\/www.aegrz.at\/wordpress\/index.php?rest_route=\/wp\/v2\/pages"}],"about":[{"href":"http:\/\/www.aegrz.at\/wordpress\/index.php?rest_route=\/wp\/v2\/types\/page"}],"author":[{"embeddable":true,"href":"http:\/\/www.aegrz.at\/wordpress\/index.php?rest_route=\/wp\/v2\/users\/2"}],"replies":[{"embeddable":true,"href":"http:\/\/www.aegrz.at\/wordpress\/index.php?rest_route=%2Fwp%2Fv2%2Fcomments&post=639"}],"version-history":[{"count":14,"href":"http:\/\/www.aegrz.at\/wordpress\/index.php?rest_route=\/wp\/v2\/pages\/639\/revisions"}],"predecessor-version":[{"id":1091,"href":"http:\/\/www.aegrz.at\/wordpress\/index.php?rest_route=\/wp\/v2\/pages\/639\/revisions\/1091"}],"up":[{"embeddable":true,"href":"http:\/\/www.aegrz.at\/wordpress\/index.php?rest_route=\/wp\/v2\/pages\/42"}],"wp:attachment":[{"href":"http:\/\/www.aegrz.at\/wordpress\/index.php?rest_route=%2Fwp%2Fv2%2Fmedia&parent=639"}],"curies":[{"name":"wp","href":"https:\/\/api.w.org\/{rel}","templated":true}]}}