{"id":665,"date":"2015-02-19T16:01:39","date_gmt":"2015-02-19T15:01:39","guid":{"rendered":"http:\/\/www.aegrz.at\/wordpress\/?page_id=665"},"modified":"2015-02-19T16:21:13","modified_gmt":"2015-02-19T15:21:13","slug":"samuel-hahnemann","status":"publish","type":"page","link":"http:\/\/www.aegrz.at\/wordpress\/?page_id=665","title":{"rendered":"Samuel Hahnemann"},"content":{"rendered":"<p style=\"text-align: justify;\">Christian Fiedrich Samuel Hahnemann (10.4.1755 &#8211; 2.7.1843) war ein deutscher Arzt. Er schrieb medizinische B\u00fccher und war als \u00dcbersetzer t\u00e4tig und gilt als der Begr\u00fcnder der Hom\u00f6opathie.<\/p>\n<p style=\"text-align: justify;\">1775 begann er nach dem Schulabschluss ein Medizinstudium in Leipzig. Er gab zu dieser Zeit Sprachunterricht und \u00fcbersetzte physiologisch und medizinische Werke ins Deutsche. 1779 schloss Hahnemann sein Medizinstudium an der Friedrichs-Universit\u00e4t Erlangen mit der Promotion ab.<\/p>\n<p style=\"text-align: justify;\">1790 kam es zu dem ber\u00fchmten Selbstversuch mit Chinarinde, w\u00e4hrend er eine Arzneimittellehre eines schottischen Kollegen \u00fcbersetzte. Die gegen Malaria eingesetzte Chinarinde, rief im Selbstversuch bei ihm, dieselben Symptome wie bei Malaria hervor. Das Experiment gilt als Geburtsstunde der Hom\u00f6opathie.<br \/>\nDas Wirkungsprinzip: &#8222;similia similibus curentur&#8220; (\u00c4hnliches werde mit \u00c4hnlichem behandelt). Jedoch erst nach wiederholten Experimenten und Beobachtungen, ver\u00f6ffentlichte Hahnemann 1796 seine Erkenntnisse. Demnach wird das hom\u00f6opathische Arzneimittel, in geringer Konzentration, gegen die Krankheiten verabreicht, die das Mittel in hoher Dosierung hervorrufen w\u00fcrde. Hahnemann machte die Entdeckung, dass die Wirkung der Arznei im umgekehrten Verh\u00e4ltnis zu ihrer Verd\u00fcnnung steht.<\/p>\n<p style=\"text-align: justify;\">Es folgten einige Werke, wie &#8222;Organon der rationalen Heilkunde&#8220; (sein Hauptwerk, welches die Hom\u00f6opathie in Paragraphen beschreibt), oder die &#8222;Reine Arzneimittellehre&#8220;, sowie &#8222;Die chronischen Krankheiten&#8220;. Das Organon wurde lange nach seinem Tod, nochmals in der von ihm sechsten \u00dcberarbeitung ver\u00f6ffentlicht und gilt heute als das Standardwerk, der fr\u00fchen Hom\u00f6opathie.<\/p>\n","protected":false},"excerpt":{"rendered":"<p>Christian Fiedrich Samuel Hahnemann (10.4.1755 &#8211; 2.7.1843) war ein deutscher Arzt. Er schrieb medizinische B\u00fccher und war als \u00dcbersetzer t\u00e4tig und gilt als der Begr\u00fcnder der Hom\u00f6opathie. 1775 begann er nach dem Schulabschluss ein Medizinstudium in Leipzig. Er gab zu dieser Zeit Sprachunterricht und \u00fcbersetzte physiologisch und medizinische Werke ins Deutsche. 1779 schloss Hahnemann sein &hellip; <a href=\"http:\/\/www.aegrz.at\/wordpress\/?page_id=665\" class=\"more-link\"><span class=\"screen-reader-text\">Samuel Hahnemann<\/span> weiterlesen <span class=\"meta-nav\">&rarr;<\/span><\/a><\/p>\n","protected":false},"author":2,"featured_media":0,"parent":33,"menu_order":2,"comment_status":"closed","ping_status":"closed","template":"","meta":{"ngg_post_thumbnail":0,"footnotes":""},"_links":{"self":[{"href":"http:\/\/www.aegrz.at\/wordpress\/index.php?rest_route=\/wp\/v2\/pages\/665"}],"collection":[{"href":"http:\/\/www.aegrz.at\/wordpress\/index.php?rest_route=\/wp\/v2\/pages"}],"about":[{"href":"http:\/\/www.aegrz.at\/wordpress\/index.php?rest_route=\/wp\/v2\/types\/page"}],"author":[{"embeddable":true,"href":"http:\/\/www.aegrz.at\/wordpress\/index.php?rest_route=\/wp\/v2\/users\/2"}],"replies":[{"embeddable":true,"href":"http:\/\/www.aegrz.at\/wordpress\/index.php?rest_route=%2Fwp%2Fv2%2Fcomments&post=665"}],"version-history":[{"count":16,"href":"http:\/\/www.aegrz.at\/wordpress\/index.php?rest_route=\/wp\/v2\/pages\/665\/revisions"}],"predecessor-version":[{"id":683,"href":"http:\/\/www.aegrz.at\/wordpress\/index.php?rest_route=\/wp\/v2\/pages\/665\/revisions\/683"}],"up":[{"embeddable":true,"href":"http:\/\/www.aegrz.at\/wordpress\/index.php?rest_route=\/wp\/v2\/pages\/33"}],"wp:attachment":[{"href":"http:\/\/www.aegrz.at\/wordpress\/index.php?rest_route=%2Fwp%2Fv2%2Fmedia&parent=665"}],"curies":[{"name":"wp","href":"https:\/\/api.w.org\/{rel}","templated":true}]}}