{"id":797,"date":"2015-03-04T18:31:37","date_gmt":"2015-03-04T17:31:37","guid":{"rendered":"http:\/\/www.aegrz.at\/wordpress\/?page_id=797"},"modified":"2015-10-05T20:18:49","modified_gmt":"2015-10-05T18:18:49","slug":"forme","status":"publish","type":"page","link":"http:\/\/www.aegrz.at\/wordpress\/?page_id=797","title":{"rendered":"FORME"},"content":{"rendered":"<p style=\"text-align: justify; padding-left: 60px;\"><img loading=\"lazy\" decoding=\"async\" class=\"alignleft wp-image-779 size-medium\" src=\"http:\/\/www.aegrz.at\/wordpress\/wp-content\/uploads\/4me800-300x222.jpg\" alt=\"4me\" width=\"300\" height=\"222\" srcset=\"http:\/\/www.aegrz.at\/wordpress\/wp-content\/uploads\/4me800-300x222.jpg 300w, http:\/\/www.aegrz.at\/wordpress\/wp-content\/uploads\/4me800.jpg 800w\" sizes=\"(max-width: 300px) 100vw, 300px\" \/>Wir k\u00f6nnen Medienberichten entnehmen, wie\u00a0sich Auseinandersetzungen und Konflikte auf dieser Welt, in bedenklichem Ausma\u00dfe gesteigert haben und leider noch immer mehren\u00a0<span style=\"font-size: 8pt;\">(Stand 2015)<\/span>. Denken wir nur an die Krisenherde, die sich scheinbar ungehindert ausbreiten. Keine Angst, ich werde hier keine weiteren Details dazu schreiben.<\/p>\n<p style=\"text-align: justify;\">Ich will dir nichts verkaufen und ich will auch nicht, dass aus dem heute entstehenden Gedanken, jemals jemand sich bereichern versucht. Dies soll eine geistige Einstellung sein und bleiben, ohne kommerziellen Hintergrund!<br \/>\nW\u00e4re ich auf einer amerikanischen Misswahl, w\u00fcrde ich mir Weltfrieden w\u00fcnschen. Das ist nicht nur abgedroschen, sondern das reicht mir nicht. Ich will noch weiter gehen.<br \/>\n<strong>Ich lade Dich daher ein, einen geistigen Beitrag zu leisten, um eine friedliche und freie Welt zu erm\u00f6glichen.<\/strong><\/p>\n<p style=\"text-align: justify;\">Nicht nur die f\u00fcr uns bekannten gro\u00dfen Krisen und Kriege belasten diese Welt und somit auch jeden Einzelnen von uns, nein &#8211; es beginnt schon in viel kleineren Dingen. Nachbarschaftsstreit, Probleme und Streitigkeiten mit den Lieben, mit denen wir zusammenleben, Probleme am Arbeitsplatz, Mobbing in Schulen, am Arbeitsplatz und sogar schon in der Vorschule. Diese Aufz\u00e4hlung k\u00f6nnte noch lange fortgesetzt werden. All diese Themen belasten uns und unser Zusammenleben. UND es geht noch weiter. Nicht nur der Mensch, jedes Lebewesen ist betroffen. Friede ist Voraussetzung f\u00fcr die wirkliche Freiheit, die Freiheit sich keine Gedanken um seine Existenz, seinen Lebensraum machen zu m\u00fcssen. Es gibt leider nur zu viele Gesch\u00f6pfe auf unserer Erde denen wir den Lebensraum nehmen. Man denke hier nur an Rodungen. Aber auch andere Formen, wie wir unsere fragw\u00fcrdigen Spuren hinterlassen, indem wir in die Natur eingreifen. Wenn alles eins ist und alles miteinander verbunden ist, wie k\u00f6nnen wir dann Fl\u00fcsse umleiten, Staud\u00e4mme errichten und vieles mehr, was andere Daseinsformen bedroht?<\/p>\n<p style=\"text-align: justify;\"><strong>Ich lade Dich ein, mit den Dir zur Verf\u00fcgung stehenden M\u00f6glichkeiten<\/strong>, einmal in der Woche, aktiv etwas daf\u00fcr zu tun um<span style=\"font-size: 14pt;\"><strong><span style=\"font-size: 12pt;\">\u00a0Frieden und somit Freiheit \u00fcber unsere reale Welt zu bringen.\u00a0<span style=\"font-size: 18pt;\">(F)<\/span>reedom\u00a0<span style=\"font-size: 18pt;\">(O)<\/span>n\u00a0<span style=\"font-size: 18pt;\">(R)<\/span>eal\u00a0<span style=\"font-size: 18pt;\">(M)<\/span>other\u00a0<span style=\"font-size: 18pt;\">(E)<\/span>arth =<\/span>\u00a0<span style=\"font-size: 24pt;\">FORME<\/span>.<\/strong><\/span><br \/>\nJa, es ist f\u00fcr jeden von uns, also auch f\u00fcr Dich und somit auch f\u00fcr mich &#8211; FORME!<\/p>\n<p style=\"text-align: justify;\">Wie kann FORME funktionieren und was kannst Du dazu beitragen?<\/p>\n<p style=\"text-align: justify;\"><strong>Es ist ganz einfach.<\/strong>\u00a0JEDER kann, auf die ihm zu eigene Art und Weise, ganz nach seinen M\u00f6glichkeiten, seinen Beitrag leisten. Ich werde das Vorgehen, am Beispiel der Quantenheilung beschreiben. Einige von Euch k\u00f6nnen sich mit REIKI beteiligen, andere werden Beten bevorzugen, es gibt viele M\u00f6glichkeiten und jeder kennt die ihm bestm\u00f6gliche Variante und sollte f\u00fcr sich entscheiden, was f\u00fcr ihn richtig ist. Wichtig ist nur, dass m\u00f6glichst viele sich beteiligen.<\/p>\n<p style=\"text-align: justify;\">Wir sind in der Lage, nur durch unseren Willen, Dinge zu ver\u00e4ndern und zu gestalten. Wir k\u00f6nnen unabh\u00e4ngig von Raum und Zeit, unseren Willen kundtun und dazu verwenden, eine energetische Sendung, zeitgleich zu veranlassen. Nur dadurch, dass wir unsere Intention formulieren und um den Zeitpunkt erg\u00e4nzen, wird die Aktion aller sich Beteiligenden auch zur selben Zeit stattfinden, selbst wenn zum Zeitpunkt der Festsetzung, Stunden oder gar Tage dazwischen liegen.<\/p>\n<p style=\"text-align: justify;\">Ich lade Dich daher ein, auf die Dir zu eigene Art, jeden Mittwoch um 20:00 Uhr \u201eFORME\u201c aktiv zu begleiten.<br \/>\nWenn Du sagst, da habe ich keine Zeit, mache es wann immer Du Zeit hast und gib Deine Intention mit, dass es zeitgleich mit den anderen, am Mittwoch 20:00 Uhr aktiv werden soll.<\/p>\n<p style=\"text-align: justify;\"><strong>In der Quantenheilung k\u00f6nnte das so aussehen:<\/strong><br \/>\nIch formuliere f\u00fcr mich und alle die sich beteiligen wollen die Intention, welche jeder f\u00fcr sich, in diesem Sinne, gerne erweitern kann. Die Intention w\u00e4re, Frieden und somit Freiheit \u00fcber unsere reale Welt zu bringen.<br \/>\nIch selbst denke dabei an die Kriegs- und Krisenregionen, ebenso wie all die kleineren Streitigkeiten im t\u00e4glichen Zusammenleben, sowie die Bedrohung aller Existenzformen, durch unbedachte Handlungen.<br \/>\nErg\u00e4nzt wird meine Intention, durch den Willen, dass die Aktion am kommenden Mittwoch, zeitgleich mit den anderen sich beteiligenden, um 20:00 Uhr stattfindet.<br \/>\nDann stelle ich mir unsere wundersch\u00f6ne Erde vor. Wie sie im Weltall schwebt und w\u00e4hle intuitiv einen Punkt. In meiner Vorstellung dreht sich die Erde und ich finde den zweiten Punkt. Mit dem Gef\u00fchl der Verbundenheit und Liebe, f\u00fchle ich nun beide Punkte zugleich und lasse die Welle sich aufbauen.<\/p>\n<p style=\"text-align: justify;\">Das will ich nun jede Woche wiederholen und hoffe, dass sich viele beteiligen und FORME auch weiterverbreiten.<\/p>\n<p style=\"text-align: justify;\">F\u00fcr jene unter euch,\u00a0die noch ein\u00a0wenig mehr tun\u00a0wollen, hier noch eine kurze Erg\u00e4nzung, wie dies \u00f6fter stattfinden kann.<br \/>\nIch nehme mir\u00a0<strong>eine grosse Kerze<\/strong>, einen sch\u00f6nen Stumpen. Diese versehe ich\u00a0\u00a0mit meiner Intention, dass jedes Mal, wenn ich sie entz\u00fcnde, ihr Licht und ihre W\u00e4rme, in alle Regionen, in Form von Liebe vordringt und somit einen Beitrag zu FORME leistet.<\/p>\n<p>Wenn es Euch gef\u00e4llt, verbreitet die Idee und die Anleitung dieser\u00a0Seite gerne weiter (z.B. verlinken auf Facebook \u2026)<\/p>\n<p style=\"text-align: justify;\">Ich w\u00fcnsche Euch einen friedvollen Tag und ein freies liebevolles Leben.<\/p>\n<p style=\"text-align: justify;\">Alles Liebe<br \/>\nAndreas<\/p>\n<p style=\"text-align: justify;\"><span style=\"font-size: 8pt;\">Forme wird w\u00f6chentlich ausgef\u00fchrt, bereits seit M\u00e4rz 2015<\/span><\/p>\n","protected":false},"excerpt":{"rendered":"<p>Wir k\u00f6nnen Medienberichten entnehmen, wie\u00a0sich Auseinandersetzungen und Konflikte auf dieser Welt, in bedenklichem Ausma\u00dfe gesteigert haben und leider noch immer mehren\u00a0(Stand 2015). Denken wir nur an die Krisenherde, die sich scheinbar ungehindert ausbreiten. Keine Angst, ich werde hier keine weiteren Details dazu schreiben. Ich will dir nichts verkaufen und ich will auch nicht, dass aus &hellip; <a href=\"http:\/\/www.aegrz.at\/wordpress\/?page_id=797\" class=\"more-link\"><span class=\"screen-reader-text\">FORME<\/span> weiterlesen <span class=\"meta-nav\">&rarr;<\/span><\/a><\/p>\n","protected":false},"author":2,"featured_media":0,"parent":1095,"menu_order":1,"comment_status":"closed","ping_status":"closed","template":"","meta":{"ngg_post_thumbnail":0,"footnotes":""},"_links":{"self":[{"href":"http:\/\/www.aegrz.at\/wordpress\/index.php?rest_route=\/wp\/v2\/pages\/797"}],"collection":[{"href":"http:\/\/www.aegrz.at\/wordpress\/index.php?rest_route=\/wp\/v2\/pages"}],"about":[{"href":"http:\/\/www.aegrz.at\/wordpress\/index.php?rest_route=\/wp\/v2\/types\/page"}],"author":[{"embeddable":true,"href":"http:\/\/www.aegrz.at\/wordpress\/index.php?rest_route=\/wp\/v2\/users\/2"}],"replies":[{"embeddable":true,"href":"http:\/\/www.aegrz.at\/wordpress\/index.php?rest_route=%2Fwp%2Fv2%2Fcomments&post=797"}],"version-history":[{"count":4,"href":"http:\/\/www.aegrz.at\/wordpress\/index.php?rest_route=\/wp\/v2\/pages\/797\/revisions"}],"predecessor-version":[{"id":1090,"href":"http:\/\/www.aegrz.at\/wordpress\/index.php?rest_route=\/wp\/v2\/pages\/797\/revisions\/1090"}],"up":[{"embeddable":true,"href":"http:\/\/www.aegrz.at\/wordpress\/index.php?rest_route=\/wp\/v2\/pages\/1095"}],"wp:attachment":[{"href":"http:\/\/www.aegrz.at\/wordpress\/index.php?rest_route=%2Fwp%2Fv2%2Fmedia&parent=797"}],"curies":[{"name":"wp","href":"https:\/\/api.w.org\/{rel}","templated":true}]}}