{"id":813,"date":"2015-03-07T18:43:38","date_gmt":"2015-03-07T17:43:38","guid":{"rendered":"http:\/\/www.aegrz.at\/wordpress\/?page_id=813"},"modified":"2015-10-20T09:46:00","modified_gmt":"2015-10-20T07:46:00","slug":"fernbehandlung-unabhaengig-von-raum-und-zeit","status":"publish","type":"page","link":"http:\/\/www.aegrz.at\/wordpress\/?page_id=813","title":{"rendered":"Fernbehandlung unabh\u00e4ngig von Raum und Zeit"},"content":{"rendered":"<p style=\"text-align: justify;\">Viele haben schon Erfahrungen mit Fernbehandlungen gemacht. Einige haben es auch bereits versucht, diese unabh\u00e4ngig von der Zeit durchzuf\u00fchren.<br \/>\nF\u00fcr die, welchen hier noch wenig oder keine Erfahrungen gesammelt haben, hier eine kurze Erkl\u00e4rung, da es dadurch zu einer enormen Vereinfachung kommt. Die Vereinfachung ist der wesentliche Teil von easyQuantum &#8211; es darf auch einfach sein.<\/p>\n<p style=\"text-align: justify;\">Wenn der Behandelnde und der Empf\u00e4nger, nicht zur gleichen Zeit bereit sind, z.B. durch eine telefonische Absprache, dann ist es wichtig, sicherzustellen, dass der Empf\u00e4nger, nicht durch die Behandlung, in eine unangenehme Lage geraten kann.<br \/>\nDaher ist es wesentlich zu wissen, ob der Empf\u00e4nger mit der Behandlung einverstanden ist und er zu einer bestimmten Zeit, auch nicht gerade eine T\u00e4tigkeit aus\u00fcbt, bei welcher die Behandlung unangenehme Folgen haben k\u00f6nnte (z.B. lenken eines KFZ, \u2026).<br \/>\nKann dies nicht eindeutig abgekl\u00e4rt werden, gibt es mehrere M\u00f6glichkeiten, sich zu \u00fcberzeugen, ob die Behandlung erfolgen kann.<\/p>\n<p style=\"text-align: justify;\">Folgende Fragen sind immer zu kl\u00e4ren:<\/p>\n<p style=\"text-align: justify;\">1.) Kann ich \u2013 besitze ich die notwendigen F\u00e4higkeiten? Ist mein Wissen ausreichend? \u2026<br \/>\n2.) Darf ich \u2013 ist der Empf\u00e4nger mit einer Behandlung einverstanden?<br \/>\n3.) Soll ich \u2013 k\u00f6nnte es Gr\u00fcnde geben, welche gegen eine Behandlung sprechen?<\/p>\n<p style=\"text-align: justify;\">zu 1.<br \/>\nIch sollte in der Lage sein, auf Grund meines Wissens, eine Behandlung durchzuf\u00fchren.<br \/>\nAuch w\u00e4re es von Vorteil, verschiedene Techniken zu kennen und mich f\u00fcr eine geeignete Variante zu entscheiden.<br \/>\nDer Arzt ist manchmal unumg\u00e4nglich! Ich weise ausdr\u00fccklich darauf hin, dass alle von mir vorgestellten Methoden, keinen Arzt ersetzen, sondern eine Behandlung, nur unterst\u00fctzen k\u00f6nnen.<br \/>\nMann sollte also erstmal feststellen, was man schon in Erfahrung bringen konnte und ob man helfen kann.<\/p>\n<p style=\"text-align: justify;\">zu 2.<br \/>\nIst der Empf\u00e4nger mit einer Behandlung einverstanden?<br \/>\nWas tun, wenn man den Empf\u00e4nger nicht so einfach fragen kann? (z.B Kleinkind, Fremdsprache, Bewusstlosigkeit \u2026)<br \/>\nEine M\u00f6glichkeit, welche ich dann sehr gerne anwende, ist folgende.<br \/>\nIch bitte mein h\u00f6heres Selbst, sich mit dem h\u00f6heren Selbst des Empf\u00e4ngers zu verbinden und das abzukl\u00e4ren. In die Behandlung setze ich dann die Intention, dass die Behandlung auch nur dann erfolgen soll, wenn das Einverst\u00e4ndnis erteilt wurde.<\/p>\n<p style=\"text-align: justify;\">zu 3.<br \/>\nDas ist ein etwas heikler Punkt. Vielen Menschen ist ein kleines Leiden, manchmal sogar recht willkommen, vielleicht gar nicht bewusst, jedoch im Unterbewusstsein.<br \/>\nDas klingt vielleicht eigenartig, jedoch haben sie dadurch m\u00f6glicherweise Vorteile, die sie nicht missen wollen.<br \/>\nZ.B. k\u00f6nnte es sein, das sich dadurch jemand um sie k\u00fcmmert, der sich sonst nicht meldet.<br \/>\nOft wissen sie auch gar nicht, dass sie daher ihr kleines Leiden nicht loslassen wollen. In so einem Fall,\u00a0stellt sich dann die Frage, soll ich behandeln?<br \/>\nHier kann man ruhig auf seine Intuition h\u00f6ren. Wer es genauer austesten will, kann z.B. zu einem Pendel greifen, oder zu einem kinesiologischen Test. Was auch immer er f\u00fcr eine Frage.- und\/oder Testtechnik bevorzugt.<\/p>\n<p style=\"text-align: justify;\">Ist das alles gekl\u00e4rt, kann ich nun jederzeit mit der Behandlung beginnen.<br \/>\nKann ich eine bestimmte Zeit vereinbaren, k\u00f6nnte ich die Behandlung mit der Intention, diese m\u00f6ge zur vereinbarten Zeit erfolgen, auch sofort beginnen.<br \/>\nSonst k\u00f6nnte man mitgeben, z.B. \u201cam heutigen Abend, wann die Behandlung, f\u00fcr den Empf\u00e4nger am besten geeignet ist und ihn nicht st\u00f6ren kann (z.B. wenn er bereits zu Bett gegangen ist)\u201d<br \/>\nUm z.B. eine Pr\u00fcfung zu begleiten, wenn man nicht sagen kann, wann der Empf\u00e4nger an der Reihe ist, k\u00f6nnte man auch hier die Intention, in der Form, \u201cwann der Empf\u00e4nger an die Reihe kommt\u201d, mitgeben.<\/p>\n<p style=\"text-align: justify;\">Hier gibt es, wie immer, keine Grenzen. Seid kreativ! Probiert es aus und berichtet \u00fcber Eure Erfahrungen. Es wird funktionieren.<\/p>\n<p style=\"text-align: justify;\">Alles Liebe<br \/>\nAndreas<\/p>\n","protected":false},"excerpt":{"rendered":"<p>Viele haben schon Erfahrungen mit Fernbehandlungen gemacht. Einige haben es auch bereits versucht, diese unabh\u00e4ngig von der Zeit durchzuf\u00fchren. F\u00fcr die, welchen hier noch wenig oder keine Erfahrungen gesammelt haben, hier eine kurze Erkl\u00e4rung, da es dadurch zu einer enormen Vereinfachung kommt. Die Vereinfachung ist der wesentliche Teil von easyQuantum &#8211; es darf auch einfach &hellip; <a href=\"http:\/\/www.aegrz.at\/wordpress\/?page_id=813\" class=\"more-link\"><span class=\"screen-reader-text\">Fernbehandlung unabh\u00e4ngig von Raum und Zeit<\/span> weiterlesen <span class=\"meta-nav\">&rarr;<\/span><\/a><\/p>\n","protected":false},"author":2,"featured_media":0,"parent":836,"menu_order":2,"comment_status":"closed","ping_status":"open","template":"","meta":{"ngg_post_thumbnail":0,"footnotes":""},"_links":{"self":[{"href":"http:\/\/www.aegrz.at\/wordpress\/index.php?rest_route=\/wp\/v2\/pages\/813"}],"collection":[{"href":"http:\/\/www.aegrz.at\/wordpress\/index.php?rest_route=\/wp\/v2\/pages"}],"about":[{"href":"http:\/\/www.aegrz.at\/wordpress\/index.php?rest_route=\/wp\/v2\/types\/page"}],"author":[{"embeddable":true,"href":"http:\/\/www.aegrz.at\/wordpress\/index.php?rest_route=\/wp\/v2\/users\/2"}],"replies":[{"embeddable":true,"href":"http:\/\/www.aegrz.at\/wordpress\/index.php?rest_route=%2Fwp%2Fv2%2Fcomments&post=813"}],"version-history":[{"count":3,"href":"http:\/\/www.aegrz.at\/wordpress\/index.php?rest_route=\/wp\/v2\/pages\/813\/revisions"}],"predecessor-version":[{"id":881,"href":"http:\/\/www.aegrz.at\/wordpress\/index.php?rest_route=\/wp\/v2\/pages\/813\/revisions\/881"}],"up":[{"embeddable":true,"href":"http:\/\/www.aegrz.at\/wordpress\/index.php?rest_route=\/wp\/v2\/pages\/836"}],"wp:attachment":[{"href":"http:\/\/www.aegrz.at\/wordpress\/index.php?rest_route=%2Fwp%2Fv2%2Fmedia&parent=813"}],"curies":[{"name":"wp","href":"https:\/\/api.w.org\/{rel}","templated":true}]}}