{"id":815,"date":"2015-03-07T18:17:42","date_gmt":"2015-03-07T17:17:42","guid":{"rendered":"http:\/\/www.aegrz.at\/wordpress\/?page_id=815"},"modified":"2015-10-20T09:46:00","modified_gmt":"2015-10-20T07:46:00","slug":"selbstbehandlung-als-fernbehandlung","status":"publish","type":"page","link":"http:\/\/www.aegrz.at\/wordpress\/?page_id=815","title":{"rendered":"Eigenbehandlung als Fernbehandlung"},"content":{"rendered":"<p style=\"text-align: justify;\">Hallo liebe Quantler!<\/p>\n<p style=\"text-align: justify;\">Ich merke immer wieder, dass es einigen Probleme bereitet, sich selbst zu behandeln.<\/p>\n<p style=\"text-align: justify;\">Daf\u00fcr kann es mehrere Gr\u00fcnde geben. Ich m\u00f6chte Euch hier eine Variante anbieten, die sicher schon einige von Euch praktizieren, andere diese vielleicht einmal ausprobieren m\u00f6chten.<br \/>\nWir wissen, dass Fernbehandlungen m\u00f6glich und zumindest genau so gut wie Direktbehandlungen sind. Ich konnte f\u00fcr mich feststellen, dass Fernbehandlungen mir mehr liegen und sogar intensivere Ergebnisse erzielbar sind. Ich gehe heute soweit, dass ich sogar bei Anwesenheit eines Klienten, keine Direktbehandlung (oder nur sehr selten), sondern mit einem kleinen Abstand von zumindest 1-2 Metern eine Fernbehandlung, durchf\u00fchre.<\/p>\n<p style=\"text-align: justify;\">Nun ist die \u00dcberlegung, wenn das auf so kleinem Raum m\u00f6glich ist, warum sollte man eine Selbstbehandlung nicht als Fernbehandlung durchf\u00fchren? Ich kann Euch sagen, es klappt wunderbar. Der Vorteil liegt darin, dass es eben eine Fernbehandlung ist und alle Gr\u00fcnde, welche eventuell Probleme bei der Selbstbehandlung sein k\u00f6nnen, somit wegfallen.<\/p>\n<p style=\"text-align: justify;\">Eine f\u00fcr mich dazu gut funktionierende Variante ist folgende:<\/p>\n<p style=\"text-align: justify;\">Ich setze mich hin, oder manchmal liege ich auch und schlie\u00dfe die Augen. Die H\u00e4nde habe ich an der Seite neben meinem K\u00f6rper und achte darauf, dass auch die Beine nicht \u00fcberkreuzen. (\u00dcber die Umgebung, mit angenehmer, ruhiger, ungest\u00f6rter Atmosph\u00e4re usw. brauche ich an dieser Stelle nichts zu schreiben, das bleibt alles wie bei jeder Sitzung.)<\/p>\n<p style=\"text-align: justify;\">Dann stelle ich mir vor, wie ich vor mir schwebe. Das hat den Vorteil, dass ich mein visualisiertes Ich, herumdrehen kann, wie ich will. Mal sehe ich mich von vorne, mal von der Seite, oder auch auf dem Kopf stehend, wie eben jeder Punkt besser erreichbar ist, falls ich das will. Nat\u00fcrlich k\u00f6nnt ihr Euch, Euer visualisiertes Ich, auch sitzend oder liegend vorstellen. Lasst Eurer Phantasie freien Lauf. So wie es ist, so wie Ihr das seht, so ist es f\u00fcr Euch richtig.<\/p>\n<p style=\"text-align: justify;\">Nun kann man mit der Behandlung beginnen, wobei ich mir nur die Punkte (einen nach dem anderen) aussuche und meine H\u00e4nde unbewegt neben mir bleiben. Ich habe auch gesehen, dass andere die auf diese Weise sich selbst behandeln, ihre richtigen H\u00e4nde bewegen. Auch hier gilt, ausprobieren und so wie es f\u00fcr Euch richtig ist, so passt das.<\/p>\n<p style=\"text-align: justify;\">\u00dcbrigens, Ihr denkt schon daran \u2013 die Punkte m\u00fcssen nicht am K\u00f6rper direkt sein. Auch in der Aura, kann sich ein Punkt zeigen. Sp\u00fcrt einfach rein, es gibt kein falsch!<\/p>\n<p style=\"text-align: justify;\">Probiert es mal aus, berichtet mir \u00fcber Eure Erfahrungen und\/oder auch gerne \u00fcber andere Methoden.<\/p>\n<p style=\"text-align: justify;\">Alles Liebe<br \/>\nAndreas<\/p>\n","protected":false},"excerpt":{"rendered":"<p>Hallo liebe Quantler! Ich merke immer wieder, dass es einigen Probleme bereitet, sich selbst zu behandeln. Daf\u00fcr kann es mehrere Gr\u00fcnde geben. Ich m\u00f6chte Euch hier eine Variante anbieten, die sicher schon einige von Euch praktizieren, andere diese vielleicht einmal ausprobieren m\u00f6chten. Wir wissen, dass Fernbehandlungen m\u00f6glich und zumindest genau so gut wie Direktbehandlungen sind. &hellip; <a href=\"http:\/\/www.aegrz.at\/wordpress\/?page_id=815\" class=\"more-link\"><span class=\"screen-reader-text\">Eigenbehandlung als Fernbehandlung<\/span> weiterlesen <span class=\"meta-nav\">&rarr;<\/span><\/a><\/p>\n","protected":false},"author":2,"featured_media":0,"parent":836,"menu_order":1,"comment_status":"closed","ping_status":"open","template":"","meta":{"ngg_post_thumbnail":0,"footnotes":""},"_links":{"self":[{"href":"http:\/\/www.aegrz.at\/wordpress\/index.php?rest_route=\/wp\/v2\/pages\/815"}],"collection":[{"href":"http:\/\/www.aegrz.at\/wordpress\/index.php?rest_route=\/wp\/v2\/pages"}],"about":[{"href":"http:\/\/www.aegrz.at\/wordpress\/index.php?rest_route=\/wp\/v2\/types\/page"}],"author":[{"embeddable":true,"href":"http:\/\/www.aegrz.at\/wordpress\/index.php?rest_route=\/wp\/v2\/users\/2"}],"replies":[{"embeddable":true,"href":"http:\/\/www.aegrz.at\/wordpress\/index.php?rest_route=%2Fwp%2Fv2%2Fcomments&post=815"}],"version-history":[{"count":3,"href":"http:\/\/www.aegrz.at\/wordpress\/index.php?rest_route=\/wp\/v2\/pages\/815\/revisions"}],"predecessor-version":[{"id":821,"href":"http:\/\/www.aegrz.at\/wordpress\/index.php?rest_route=\/wp\/v2\/pages\/815\/revisions\/821"}],"up":[{"embeddable":true,"href":"http:\/\/www.aegrz.at\/wordpress\/index.php?rest_route=\/wp\/v2\/pages\/836"}],"wp:attachment":[{"href":"http:\/\/www.aegrz.at\/wordpress\/index.php?rest_route=%2Fwp%2Fv2%2Fmedia&parent=815"}],"curies":[{"name":"wp","href":"https:\/\/api.w.org\/{rel}","templated":true}]}}