{"id":833,"date":"2015-03-07T19:15:45","date_gmt":"2015-03-07T18:15:45","guid":{"rendered":"http:\/\/www.aegrz.at\/wordpress\/?page_id=833"},"modified":"2015-10-20T09:46:00","modified_gmt":"2015-10-20T07:46:00","slug":"entscheidungen-nach-oben-abgeben","status":"publish","type":"page","link":"http:\/\/www.aegrz.at\/wordpress\/?page_id=833","title":{"rendered":"Entscheidungen nach oben abgeben"},"content":{"rendered":"<p style=\"text-align: justify;\">Eines der wesentlichen Elemente von easyQuantum, ist es die Entscheidung durch Hilfe anderer zu treffen. Diese Entscheidungshilfen, werden uns von einer Seite zur Verf\u00fcgung gestellt, welche ich als &#8222;von oben&#8220; bezeichne.<br \/>\nWir gehen davon aus, dass alles miteinander verbunden ist, alles ist eins.<br \/>\nNun wird daraus jedoch auch klar, dass es eine Welt und auch eine Daseinsform ausserhalb unsere m\u00f6glichen Wahrnehmung gibt. Je nachdem, woran jeder glauben mag, k\u00f6nnen das beispielsweise Engel, Geistwesen, Energieformen, Feen und auch Verstorbene, sowie viele andere Daseinsformen sein.<br \/>\nWer nun, bei einer Entscheidung unsicher ist, kann sein h\u00f6heres Selbst darum bitten, sich mit beispielsweise wenn es um Hom\u00f6opathie geht, mit dem h\u00f6heren Selbst eines Hom\u00f6opathen, zu verbinden. Dieser k\u00f6nnte\u00a0ein noch lebender Hom\u00f6opath sein, welchen man dann auch nennen sollte. Kennt man keinen, kann man zus\u00e4tzlich darum bitten, dass einer gew\u00e4hlt wird, der helfen kann und will. Dann m\u00f6ge die Schwingung des geeignetsten hom\u00f6opathischen Mittels, verwendet werden. Nat\u00fcrlich l\u00e4sst sich das auf viele Bereiche anwenden. Wie Bachbl\u00fcten, Sch\u00fc\u00dflersalze, Edelsteine, Farben, Formen, T\u00f6ne usw.<\/p>\n<p style=\"text-align: justify;\">Es sollte jedoch nicht aus Bequemlichkeit angewandt werden. Eine gute Ausbildung und auch fundiertes Wissen, sollte immer vorhanden sein. Hilfestellung kann jedoch auf vielerlei Art erbeten werden.<\/p>\n<p style=\"text-align: justify;\">Auch hier an dieser Stelle, wieder der Hinweis, dass all das keinen Arzt ersetzt, sondern bestenfalls eine schulmedizinische Behandlung unterst\u00fctzen kann.<\/p>\n<p style=\"text-align: justify;\">Alles Liebe<br \/>\nAndreas<\/p>\n","protected":false},"excerpt":{"rendered":"<p>Eines der wesentlichen Elemente von easyQuantum, ist es die Entscheidung durch Hilfe anderer zu treffen. Diese Entscheidungshilfen, werden uns von einer Seite zur Verf\u00fcgung gestellt, welche ich als &#8222;von oben&#8220; bezeichne. Wir gehen davon aus, dass alles miteinander verbunden ist, alles ist eins. Nun wird daraus jedoch auch klar, dass es eine Welt und auch &hellip; <a href=\"http:\/\/www.aegrz.at\/wordpress\/?page_id=833\" class=\"more-link\"><span class=\"screen-reader-text\">Entscheidungen nach oben abgeben<\/span> weiterlesen <span class=\"meta-nav\">&rarr;<\/span><\/a><\/p>\n","protected":false},"author":2,"featured_media":0,"parent":836,"menu_order":4,"comment_status":"closed","ping_status":"open","template":"","meta":{"ngg_post_thumbnail":0,"footnotes":""},"_links":{"self":[{"href":"http:\/\/www.aegrz.at\/wordpress\/index.php?rest_route=\/wp\/v2\/pages\/833"}],"collection":[{"href":"http:\/\/www.aegrz.at\/wordpress\/index.php?rest_route=\/wp\/v2\/pages"}],"about":[{"href":"http:\/\/www.aegrz.at\/wordpress\/index.php?rest_route=\/wp\/v2\/types\/page"}],"author":[{"embeddable":true,"href":"http:\/\/www.aegrz.at\/wordpress\/index.php?rest_route=\/wp\/v2\/users\/2"}],"replies":[{"embeddable":true,"href":"http:\/\/www.aegrz.at\/wordpress\/index.php?rest_route=%2Fwp%2Fv2%2Fcomments&post=833"}],"version-history":[{"count":4,"href":"http:\/\/www.aegrz.at\/wordpress\/index.php?rest_route=\/wp\/v2\/pages\/833\/revisions"}],"predecessor-version":[{"id":918,"href":"http:\/\/www.aegrz.at\/wordpress\/index.php?rest_route=\/wp\/v2\/pages\/833\/revisions\/918"}],"up":[{"embeddable":true,"href":"http:\/\/www.aegrz.at\/wordpress\/index.php?rest_route=\/wp\/v2\/pages\/836"}],"wp:attachment":[{"href":"http:\/\/www.aegrz.at\/wordpress\/index.php?rest_route=%2Fwp%2Fv2%2Fmedia&parent=833"}],"curies":[{"name":"wp","href":"https:\/\/api.w.org\/{rel}","templated":true}]}}