{"id":836,"date":"2015-03-07T20:22:32","date_gmt":"2015-03-07T19:22:32","guid":{"rendered":"http:\/\/www.aegrz.at\/wordpress\/?page_id=836"},"modified":"2015-10-05T20:25:27","modified_gmt":"2015-10-05T18:25:27","slug":"easyquantum","status":"publish","type":"page","link":"http:\/\/www.aegrz.at\/wordpress\/?page_id=836","title":{"rendered":"easyQuantum"},"content":{"rendered":"<p style=\"text-align: justify;\">Wenn wir\u00a0versuchen, alle anwendbaren Varianten zu nutzen, oder\u00a0auch nur entscheiden wollen, welche im vorliegenden Fall besser geeignet erscheinen, wenn wir\u00a0mit verschiedensten \u00dcberlegungen, eine einfache Behandlung, unn\u00f6tig verkomplizieren, dann ist es an der Zeit, sich Gedanken dar\u00fcber zu machen, wie kann es einfacher gehen. Aus diesen \u00dcberlegungen ist\u00a0meine Methode\u00a0entstanden, die ich &#8222;easyQuantum&#8220; nenne. Darin sind Elemente der verschiedensten Lehren enthalten, welche ich in den letzten Jahren kennenlernen durfte. Was auch immer mir begegnet ist, eines konnte ich feststellen, wenn etwas wirklich gut ist, dann ist es zumeist auch einfach.<br \/>\nFreut Euch auf die Einfachheit meiner Methode, welche ich in Teilen hier vorstellen werde.<\/p>\n<p><strong>easyQuantum &#8211; es darf auch einfach sein<\/strong><\/p>\n<p>Alles Liebe<br \/>\nAndreas<\/p>\n<p>P.S. Im Menue, gibt es noch weitere Punkte unter easyQuantum, die schon Teile des\u00a0\u00a0Systems erkl\u00e4ren.<\/p>\n","protected":false},"excerpt":{"rendered":"<p>Wenn wir\u00a0versuchen, alle anwendbaren Varianten zu nutzen, oder\u00a0auch nur entscheiden wollen, welche im vorliegenden Fall besser geeignet erscheinen, wenn wir\u00a0mit verschiedensten \u00dcberlegungen, eine einfache Behandlung, unn\u00f6tig verkomplizieren, dann ist es an der Zeit, sich Gedanken dar\u00fcber zu machen, wie kann es einfacher gehen. Aus diesen \u00dcberlegungen ist\u00a0meine Methode\u00a0entstanden, die ich &#8222;easyQuantum&#8220; nenne. Darin sind Elemente &hellip; <a href=\"http:\/\/www.aegrz.at\/wordpress\/?page_id=836\" class=\"more-link\"><span class=\"screen-reader-text\">easyQuantum<\/span> weiterlesen <span class=\"meta-nav\">&rarr;<\/span><\/a><\/p>\n","protected":false},"author":2,"featured_media":0,"parent":29,"menu_order":2,"comment_status":"closed","ping_status":"open","template":"","meta":{"ngg_post_thumbnail":0,"footnotes":""},"_links":{"self":[{"href":"http:\/\/www.aegrz.at\/wordpress\/index.php?rest_route=\/wp\/v2\/pages\/836"}],"collection":[{"href":"http:\/\/www.aegrz.at\/wordpress\/index.php?rest_route=\/wp\/v2\/pages"}],"about":[{"href":"http:\/\/www.aegrz.at\/wordpress\/index.php?rest_route=\/wp\/v2\/types\/page"}],"author":[{"embeddable":true,"href":"http:\/\/www.aegrz.at\/wordpress\/index.php?rest_route=\/wp\/v2\/users\/2"}],"replies":[{"embeddable":true,"href":"http:\/\/www.aegrz.at\/wordpress\/index.php?rest_route=%2Fwp%2Fv2%2Fcomments&post=836"}],"version-history":[{"count":5,"href":"http:\/\/www.aegrz.at\/wordpress\/index.php?rest_route=\/wp\/v2\/pages\/836\/revisions"}],"predecessor-version":[{"id":1133,"href":"http:\/\/www.aegrz.at\/wordpress\/index.php?rest_route=\/wp\/v2\/pages\/836\/revisions\/1133"}],"up":[{"embeddable":true,"href":"http:\/\/www.aegrz.at\/wordpress\/index.php?rest_route=\/wp\/v2\/pages\/29"}],"wp:attachment":[{"href":"http:\/\/www.aegrz.at\/wordpress\/index.php?rest_route=%2Fwp%2Fv2%2Fmedia&parent=836"}],"curies":[{"name":"wp","href":"https:\/\/api.w.org\/{rel}","templated":true}]}}