{"id":851,"date":"2015-03-10T10:58:17","date_gmt":"2015-03-10T09:58:17","guid":{"rendered":"http:\/\/www.aegrz.at\/wordpress\/?page_id=851"},"modified":"2015-03-10T10:58:17","modified_gmt":"2015-03-10T09:58:17","slug":"dr-bach","status":"publish","type":"page","link":"http:\/\/www.aegrz.at\/wordpress\/?page_id=851","title":{"rendered":"Dr. Bach"},"content":{"rendered":"<p style=\"text-align: justify;\">Dr. Edward Bach lebte von 1886 bis 1936 in England. Er studierte Medizin und arbeitete als Schulmediziner und Wissenschaftler.<br \/>\nBekannt wurde er durch seine Forschungsergebnisse in der Bakteriologie.<br \/>\nSeine Erkenntnisse, \u00fcber den Zusammenhang zwischen k\u00f6rperlichem und seelischem Wohlbefinden, sah er in den Lehren Samuel Hahnemanns (Begr\u00fcnder der Hom\u00f6opathie) best\u00e4tigt. Im Londoner Hom\u00f6opathischen Krankenhaus, entwickelte Dr. Bach Nosoden, die auch heute noch in der Hom\u00f6opathie Verwendung finden.<br \/>\nEr suchte nach einer M\u00f6glichkeit, die Menschen erst gar nicht krank werden zu lassen. Da er mit der Schulmedizin dies nicht erreichen konnte, gab er 1930 seine Praxis auf und zog nach Wales. Im Laufe der n\u00e4chsten Jahre fand er dort seine 38 Pflanzen, welche in die Bachbl\u00fctentherapie eingingen, da sie mit ihrer Schwingungsenergie, alle negativen Seelenzust\u00e4nde harmonisieren k\u00f6nnen.<\/p>\n<p style=\"text-align: justify;\">Dr. Bach sah sich als Sch\u00fcler Samuel Hahnemanns und glaubte an die Hom\u00f6opathie als Medizin der Zukunft.<br \/>\nGef\u00fchle wie Angst, Neid, Stolz, Hass, Beeinflussbarkeit, etc. sieht er als Grundlage von Erkrankungen, die durch entsprechende Bl\u00fctenessenzen wieder korrigiert werden k\u00f6nnten, d. h. die Bl\u00fcten harmonisieren negative Seelenzust\u00e4nde und aktivieren die Selbstheilungskr\u00e4fte.<\/p>\n","protected":false},"excerpt":{"rendered":"<p>Dr. Edward Bach lebte von 1886 bis 1936 in England. Er studierte Medizin und arbeitete als Schulmediziner und Wissenschaftler. Bekannt wurde er durch seine Forschungsergebnisse in der Bakteriologie. Seine Erkenntnisse, \u00fcber den Zusammenhang zwischen k\u00f6rperlichem und seelischem Wohlbefinden, sah er in den Lehren Samuel Hahnemanns (Begr\u00fcnder der Hom\u00f6opathie) best\u00e4tigt. Im Londoner Hom\u00f6opathischen Krankenhaus, entwickelte Dr. &hellip; <a href=\"http:\/\/www.aegrz.at\/wordpress\/?page_id=851\" class=\"more-link\"><span class=\"screen-reader-text\">Dr. Bach<\/span> weiterlesen <span class=\"meta-nav\">&rarr;<\/span><\/a><\/p>\n","protected":false},"author":2,"featured_media":0,"parent":34,"menu_order":0,"comment_status":"closed","ping_status":"open","template":"","meta":{"ngg_post_thumbnail":0,"footnotes":""},"_links":{"self":[{"href":"http:\/\/www.aegrz.at\/wordpress\/index.php?rest_route=\/wp\/v2\/pages\/851"}],"collection":[{"href":"http:\/\/www.aegrz.at\/wordpress\/index.php?rest_route=\/wp\/v2\/pages"}],"about":[{"href":"http:\/\/www.aegrz.at\/wordpress\/index.php?rest_route=\/wp\/v2\/types\/page"}],"author":[{"embeddable":true,"href":"http:\/\/www.aegrz.at\/wordpress\/index.php?rest_route=\/wp\/v2\/users\/2"}],"replies":[{"embeddable":true,"href":"http:\/\/www.aegrz.at\/wordpress\/index.php?rest_route=%2Fwp%2Fv2%2Fcomments&post=851"}],"version-history":[{"count":1,"href":"http:\/\/www.aegrz.at\/wordpress\/index.php?rest_route=\/wp\/v2\/pages\/851\/revisions"}],"predecessor-version":[{"id":852,"href":"http:\/\/www.aegrz.at\/wordpress\/index.php?rest_route=\/wp\/v2\/pages\/851\/revisions\/852"}],"up":[{"embeddable":true,"href":"http:\/\/www.aegrz.at\/wordpress\/index.php?rest_route=\/wp\/v2\/pages\/34"}],"wp:attachment":[{"href":"http:\/\/www.aegrz.at\/wordpress\/index.php?rest_route=%2Fwp%2Fv2%2Fmedia&parent=851"}],"curies":[{"name":"wp","href":"https:\/\/api.w.org\/{rel}","templated":true}]}}